{"id":354938,"date":"2023-01-14T18:33:32","date_gmt":"2023-01-14T17:33:32","guid":{"rendered":"https:\/\/www.claret.cat\/llibre\/exili-i-tendresa-9788482970899\/"},"modified":"2025-12-30T18:15:44","modified_gmt":"2025-12-30T17:15:44","slug":"exili-i-tendresa-9788482970899","status":"publish","type":"product","link":"https:\/\/www.claret.cat\/es\/libro\/exili-i-tendresa-9788482970899\/","title":{"rendered":"EXILI I TENDRESA"},"content":{"rendered":"<p>El mateix autor de \u00abLa saviesa d&#8217;un pobre\u00bb \u2013\u00c9loi Leclerc\u2013 ens ofereix un nou llibre sobre sant Francesc d&#8217;Ass\u00eds: \u00abExili i tendresa\u00bb. \u00abNo he escrit una biografia \u2013ens diu ell mateix\u2013 ni un tractat de vida espiritual. Miro tan sols d&#8217;interpretar una simfonia interior, un apropament a all\u00f2 que \u00e9s sagrat. Aquest llibre, nascut del silenci i de la solitud, \u00e9s un llibre de contemplaci\u00f3.<br \/>L&#8217;univers de Francesc d&#8217;Ass\u00eds \u00e9s un univers d&#8217;humilitat i delicadesa, en el qual la subst\u00e0ncia de la vida quotidiana pren el color de l&#8217;adoraci\u00f3, on cada \u00e9sser, cada parcel\u00b7la de vida estan envoltats d&#8217;un respecte ple de fervor i de tendresa\u00bb.<\/p>\n","protected":false},"excerpt":{"rendered":"<p>LECLERC, ELOI<\/p>\n","protected":false},"featured_media":354939,"template":"","meta":{"_acf_changed":false,"om_disable_all_campaigns":false,"rs_blank_template":"","rs_page_bg_color":"","slide_template_v7":"","inline_featured_image":false,"_monsterinsights_skip_tracking":false,"_monsterinsights_sitenote_active":false,"_monsterinsights_sitenote_note":"","_monsterinsights_sitenote_category":0},"product_brand":[],"product_cat":[581,243,493],"product_tag":[],"class_list":{"0":"post-354938","1":"product","2":"type-product","3":"status-publish","4":"has-post-thumbnail","6":"product_cat-editorial-claret","7":"product_cat-franciscana","8":"product_cat-franciscana-espiritualidad-1_espiritualidad","10":"first","11":"instock","12":"taxable","13":"shipping-taxable","14":"purchasable","15":"product-type-simple"},"acf":{"editorial":[{"ID":6158,"post_author":"3","post_date":"2022-07-28 17:46:08","post_date_gmt":"2022-07-28 15:46:08","post_content":"","post_title":"CLARET","post_excerpt":"","post_status":"publish","comment_status":"closed","ping_status":"closed","post_password":"","post_name":"claret","to_ping":"","pinged":"","post_modified":"2022-07-28 17:46:08","post_modified_gmt":"2022-07-28 15:46:08","post_content_filtered":"","post_parent":0,"guid":"http:\/\/dev.claret.cat\/editorial\/claret\/","menu_order":0,"post_type":"editorial","post_mime_type":"","comment_count":"0","filter":"raw"}],"autores-libros":[{"ID":154903,"post_author":"3","post_date":"2022-10-14 15:08:35","post_date_gmt":"2022-10-14 13:08:35","post_content":"","post_title":"ELOI LECLERC","post_excerpt":"","post_status":"publish","comment_status":"closed","ping_status":"closed","post_password":"","post_name":"eloi-leclerc","to_ping":"","pinged":"","post_modified":"2022-10-14 15:08:35","post_modified_gmt":"2022-10-14 13:08:35","post_content_filtered":"","post_parent":0,"guid":"http:\/\/dev.claret.cat\/autor\/eloi-leclerc\/","menu_order":0,"post_type":"autor","post_mime_type":"","comment_count":"0","filter":"raw"}],"autor":"LECLERC, ELOI","codart":"848297089","libros-coleccion":"ELS DAUS","ediciones":"1","encuadernacion":"R\u00fastica","fecha_de_publicacion":"01\/10\/1996","novedad":"0","paginas":"160","subtitulo":"L'UNIVERS DE FRANCESC D'ASS\u00cdS","orden":"999","portada":"0","idioma":"cat","booktrailer":"","resenas":""},"aioseo_notices":[],"_links":{"self":[{"href":"https:\/\/www.claret.cat\/es\/wp-json\/wp\/v2\/product\/354938","targetHints":{"allow":["GET"]}}],"collection":[{"href":"https:\/\/www.claret.cat\/es\/wp-json\/wp\/v2\/product"}],"about":[{"href":"https:\/\/www.claret.cat\/es\/wp-json\/wp\/v2\/types\/product"}],"wp:featuredmedia":[{"embeddable":true,"href":"https:\/\/www.claret.cat\/es\/wp-json\/wp\/v2\/media\/354939"}],"wp:attachment":[{"href":"https:\/\/www.claret.cat\/es\/wp-json\/wp\/v2\/media?parent=354938"}],"wp:term":[{"taxonomy":"product_brand","embeddable":true,"href":"https:\/\/www.claret.cat\/es\/wp-json\/wp\/v2\/product_brand?post=354938"},{"taxonomy":"product_cat","embeddable":true,"href":"https:\/\/www.claret.cat\/es\/wp-json\/wp\/v2\/product_cat?post=354938"},{"taxonomy":"product_tag","embeddable":true,"href":"https:\/\/www.claret.cat\/es\/wp-json\/wp\/v2\/product_tag?post=354938"}],"curies":[{"name":"wp","href":"https:\/\/api.w.org\/{rel}","templated":true}]}}