{"id":354946,"date":"2023-01-14T18:34:01","date_gmt":"2023-01-14T17:34:01","guid":{"rendered":"https:\/\/www.claret.cat\/llibre\/jesus-en-el-nou-testament-9788482970981\/"},"modified":"2024-05-23T12:04:52","modified_gmt":"2024-05-23T10:04:52","slug":"jesus-en-el-nou-testament-9788482970981","status":"publish","type":"product","link":"https:\/\/www.claret.cat\/es\/libro\/jesus-en-el-nou-testament-9788482970981\/","title":{"rendered":"JES\u00daS EN EL NOU TESTAMENT"},"content":{"rendered":"<p>\u00bfCom respon el Nou Testament a la pregunta de Jes\u00fas \u00abI vosaltres qui dieu que s\u00f3c jo?\u00bb \u00bfQuina consci\u00e8ncia tenia Jes\u00fas de qui era, i com l&#8217;hauria formulada ell mateix?\u2026<br \/>El P. Brown ens fa veure com s&#8217;ha anat elaborant la comprensi\u00f3 de Jes\u00fas, Fill de D\u00e9u, Crist i Senyor, i com s&#8217;ha afirmat la seva fe en la seva divinitat.<\/p>\n","protected":false},"excerpt":{"rendered":"<p>BROWN, RAYMOND E.<\/p>\n","protected":false},"featured_media":354947,"template":"","meta":{"_acf_changed":false,"om_disable_all_campaigns":false,"rs_blank_template":"","rs_page_bg_color":"","slide_template_v7":"","inline_featured_image":false,"_monsterinsights_skip_tracking":false,"_monsterinsights_sitenote_active":false,"_monsterinsights_sitenote_note":"","_monsterinsights_sitenote_category":0},"product_brand":[],"product_cat":[414,276,581,412,274,202,463],"product_tag":[],"class_list":{"0":"post-354946","1":"product","2":"type-product","3":"status-publish","4":"has-post-thumbnail","6":"product_cat-cristologia-teologia-1_espiritualidad","7":"product_cat-cristologia-teologia","8":"product_cat-editorial-claret","9":"product_cat-estudios-sagrada-escritura","10":"product_cat-estudis-sagrada-escriptura","11":"product_cat-introduccio-n-t","12":"product_cat-introduccion-n-t","14":"first","15":"instock","16":"taxable","17":"shipping-taxable","18":"purchasable","19":"product-type-simple"},"acf":{"editorial":[{"ID":6158,"post_author":"3","post_date":"2022-07-28 17:46:08","post_date_gmt":"2022-07-28 15:46:08","post_content":"","post_title":"CLARET","post_excerpt":"","post_status":"publish","comment_status":"closed","ping_status":"closed","post_password":"","post_name":"claret","to_ping":"","pinged":"","post_modified":"2022-07-28 17:46:08","post_modified_gmt":"2022-07-28 15:46:08","post_content_filtered":"","post_parent":0,"guid":"http:\/\/dev.claret.cat\/editorial\/claret\/","menu_order":0,"post_type":"editorial","post_mime_type":"","comment_count":"0","filter":"raw"}],"autores-libros":[{"ID":351562,"post_author":"3","post_date":"2023-01-14 11:35:31","post_date_gmt":"2023-01-14 10:35:31","post_content":"","post_title":"RAYMOND EDWARD BROWN","post_excerpt":"","post_status":"publish","comment_status":"closed","ping_status":"closed","post_password":"","post_name":"raymond-edward-brown","to_ping":"","pinged":"","post_modified":"2023-01-14 11:35:31","post_modified_gmt":"2023-01-14 10:35:31","post_content_filtered":"","post_parent":0,"guid":"https:\/\/www.claret.cat\/autor\/raymond-edward-brown\/","menu_order":0,"post_type":"autor","post_mime_type":"","comment_count":"0","filter":"raw"}],"autor":"BROWN, RAYMOND E.","codart":"848297098","libros-coleccion":"PAR\u00c0BOLA","ediciones":"1","encuadernacion":"R\u00fastica","fecha_de_publicacion":"01\/04\/1997","novedad":"0","paginas":"256","subtitulo":"INTRODUCCI\u00d3 A LA CRISTOLOGIA B\u00cdBLICA","orden":"999","portada":"0","idioma":"cat"},"aioseo_notices":[],"_links":{"self":[{"href":"https:\/\/www.claret.cat\/es\/wp-json\/wp\/v2\/product\/354946","targetHints":{"allow":["GET"]}}],"collection":[{"href":"https:\/\/www.claret.cat\/es\/wp-json\/wp\/v2\/product"}],"about":[{"href":"https:\/\/www.claret.cat\/es\/wp-json\/wp\/v2\/types\/product"}],"wp:featuredmedia":[{"embeddable":true,"href":"https:\/\/www.claret.cat\/es\/wp-json\/wp\/v2\/media\/354947"}],"wp:attachment":[{"href":"https:\/\/www.claret.cat\/es\/wp-json\/wp\/v2\/media?parent=354946"}],"wp:term":[{"taxonomy":"product_brand","embeddable":true,"href":"https:\/\/www.claret.cat\/es\/wp-json\/wp\/v2\/product_brand?post=354946"},{"taxonomy":"product_cat","embeddable":true,"href":"https:\/\/www.claret.cat\/es\/wp-json\/wp\/v2\/product_cat?post=354946"},{"taxonomy":"product_tag","embeddable":true,"href":"https:\/\/www.claret.cat\/es\/wp-json\/wp\/v2\/product_tag?post=354946"}],"curies":[{"name":"wp","href":"https:\/\/api.w.org\/{rel}","templated":true}]}}