{"id":354958,"date":"2023-01-14T18:34:41","date_gmt":"2023-01-14T17:34:41","guid":{"rendered":"https:\/\/www.claret.cat\/llibre\/el-pa-de-la-paraula-1-9788482971131\/"},"modified":"2024-05-23T12:04:05","modified_gmt":"2024-05-23T10:04:05","slug":"el-pa-de-la-paraula-1-9788482971131","status":"publish","type":"product","link":"https:\/\/www.claret.cat\/es\/libro\/el-pa-de-la-paraula-1-9788482971131\/","title":{"rendered":"EL PA DE LA PARAULA. 1"},"content":{"rendered":"<p>A partir del leccionari ferial, el Pare Armengol, \u2013fundador de l&#8217;Escola Activa de Pares\u2013 proposa unes reflexions variades que no deixaran indiferent ning\u00fa, perqu\u00e8 no van dirigides solament al cap, sin\u00f3 tamb\u00e9 al cor!<\/p>\n","protected":false},"excerpt":{"rendered":"<p>ARMENGOL I BERNILS, LLUIS<\/p>\n","protected":false},"featured_media":354959,"template":"","meta":{"_acf_changed":false,"om_disable_all_campaigns":false,"rs_blank_template":"","rs_page_bg_color":"","slide_template_v7":"","inline_featured_image":false,"_monsterinsights_skip_tracking":false,"_monsterinsights_sitenote_active":false,"_monsterinsights_sitenote_note":"","_monsterinsights_sitenote_category":0},"product_brand":[],"product_cat":[399,253,581,256,501,394,236],"product_tag":[],"class_list":{"0":"post-354958","1":"product","2":"type-product","3":"status-publish","4":"has-post-thumbnail","6":"product_cat-any-liturgic-liturgia-1_espiritualidad","7":"product_cat-any-liturgic","8":"product_cat-editorial-claret","9":"product_cat-homiletica","10":"product_cat-homiletica-liturgia-1_espiritualidad","11":"product_cat-vida-cotidiana","12":"product_cat-vida-quotidiana","14":"first","15":"outofstock","16":"taxable","17":"shipping-taxable","18":"purchasable","19":"product-type-simple"},"acf":{"editorial":[{"ID":6158,"post_author":"3","post_date":"2022-07-28 17:46:08","post_date_gmt":"2022-07-28 15:46:08","post_content":"","post_title":"CLARET","post_excerpt":"","post_status":"publish","comment_status":"closed","ping_status":"closed","post_password":"","post_name":"claret","to_ping":"","pinged":"","post_modified":"2022-07-28 17:46:08","post_modified_gmt":"2022-07-28 15:46:08","post_content_filtered":"","post_parent":0,"guid":"http:\/\/dev.claret.cat\/editorial\/claret\/","menu_order":0,"post_type":"editorial","post_mime_type":"","comment_count":"0","filter":"raw"}],"autores-libros":[{"ID":162328,"post_author":"3","post_date":"2022-10-14 17:30:09","post_date_gmt":"2022-10-14 15:30:09","post_content":"","post_title":"LLU\u00cdS ARMENGOL I BERNILS","post_excerpt":"","post_status":"publish","comment_status":"closed","ping_status":"closed","post_password":"","post_name":"lluis-armengol-i-bernils","to_ping":"","pinged":"","post_modified":"2022-10-14 17:30:09","post_modified_gmt":"2022-10-14 15:30:09","post_content_filtered":"","post_parent":0,"guid":"http:\/\/dev.claret.cat\/autor\/lluis-armengol-i-bernils\/","menu_order":0,"post_type":"autor","post_mime_type":"","comment_count":"0","filter":"raw"}],"autor":"ARMENGOL I BERNILS, LLUIS","codart":"848297113","libros-coleccion":"EINES","ediciones":"1","encuadernacion":"R\u00fastica","fecha_de_publicacion":"01\/10\/2001","novedad":"0","paginas":"272","subtitulo":"D'ADVENT A PENTECOSTA","orden":"999","portada":"0","idioma":"cat"},"aioseo_notices":[],"_links":{"self":[{"href":"https:\/\/www.claret.cat\/es\/wp-json\/wp\/v2\/product\/354958","targetHints":{"allow":["GET"]}}],"collection":[{"href":"https:\/\/www.claret.cat\/es\/wp-json\/wp\/v2\/product"}],"about":[{"href":"https:\/\/www.claret.cat\/es\/wp-json\/wp\/v2\/types\/product"}],"wp:featuredmedia":[{"embeddable":true,"href":"https:\/\/www.claret.cat\/es\/wp-json\/wp\/v2\/media\/354959"}],"wp:attachment":[{"href":"https:\/\/www.claret.cat\/es\/wp-json\/wp\/v2\/media?parent=354958"}],"wp:term":[{"taxonomy":"product_brand","embeddable":true,"href":"https:\/\/www.claret.cat\/es\/wp-json\/wp\/v2\/product_brand?post=354958"},{"taxonomy":"product_cat","embeddable":true,"href":"https:\/\/www.claret.cat\/es\/wp-json\/wp\/v2\/product_cat?post=354958"},{"taxonomy":"product_tag","embeddable":true,"href":"https:\/\/www.claret.cat\/es\/wp-json\/wp\/v2\/product_tag?post=354958"}],"curies":[{"name":"wp","href":"https:\/\/api.w.org\/{rel}","templated":true}]}}