{"id":354969,"date":"2023-01-14T18:35:22","date_gmt":"2023-01-14T17:35:22","guid":{"rendered":"https:\/\/www.claret.cat\/llibre\/l-home-que-venia-de-natzaret-9788482971278\/"},"modified":"2026-03-06T11:55:32","modified_gmt":"2026-03-06T10:55:32","slug":"l-home-que-venia-de-natzaret-9788482971278","status":"publish","type":"product","link":"https:\/\/www.claret.cat\/es\/libro\/l-home-que-venia-de-natzaret-9788482971278\/","title":{"rendered":"L&#8217; HOME QUE VENIA DE NATZARET"},"content":{"rendered":"<p>Quina mena d&#8217;home era Jes\u00fas? Menut o espigat? Tenia el parlar sec, el gest franc? Era calb, duia barba?&#8230; Esperava que el reialme arribaria de seguida? Va patir, algun dia, el sentiment de frac\u00e0s? Imagin\u00e0 que arribaria l&#8217;Esgl\u00e9sia?<br \/>L&#8217;autor manlleva els elements cabdals de les investigacions hist\u00f2riques m\u00e9s recents sobre Jes\u00fas i en fa un retrat molt particular: no \u00e9s un retrat in\u00e8dit, sin\u00f3 un retrat en qu\u00e8 el rostre de Jes\u00fas es destria de moltes imatges amb qu\u00e8 sovint se l&#8217;ha conf\u00f3s.<br \/>Escoltant les seves par\u00e0boles, assistint als seus miracles, seguint-lo en el seu cam\u00ed de la creu, el lector \u00e9s condu\u00eft a descobrir que en ell D\u00e9u s&#8217;ha fet proper als homes i els ha donat un centre nou a la seva hist\u00f2ria.<\/p>\n","protected":false},"excerpt":{"rendered":"<p>MARGUERAT, DANIEL<\/p>\n","protected":false},"featured_media":354970,"template":"","meta":{"_acf_changed":false,"om_disable_all_campaigns":false,"rs_blank_template":"","rs_page_bg_color":"","slide_template_v7":"","inline_featured_image":false,"_monsterinsights_skip_tracking":false,"_monsterinsights_sitenote_active":false,"_monsterinsights_sitenote_note":"","_monsterinsights_sitenote_category":0},"product_brand":[],"product_cat":[487,234,414,276,581,491,241],"product_tag":[],"class_list":{"0":"post-354969","1":"product","2":"type-product","3":"status-publish","4":"has-post-thumbnail","6":"product_cat-cristocentrica-espiritualidad-1_espiritualidad","7":"product_cat-cristocentrica","8":"product_cat-cristologia-teologia-1_espiritualidad","9":"product_cat-cristologia-teologia","10":"product_cat-editorial-claret","11":"product_cat-testimonios","12":"product_cat-testimonis","14":"first","15":"instock","16":"taxable","17":"shipping-taxable","18":"purchasable","19":"product-type-simple"},"acf":{"editorial":[{"ID":6158,"post_author":"3","post_date":"2022-07-28 17:46:08","post_date_gmt":"2022-07-28 15:46:08","post_content":"","post_title":"CLARET","post_excerpt":"","post_status":"publish","comment_status":"closed","ping_status":"closed","post_password":"","post_name":"claret","to_ping":"","pinged":"","post_modified":"2022-07-28 17:46:08","post_modified_gmt":"2022-07-28 15:46:08","post_content_filtered":"","post_parent":0,"guid":"http:\/\/dev.claret.cat\/editorial\/claret\/","menu_order":0,"post_type":"editorial","post_mime_type":"","comment_count":"0","filter":"raw"}],"autores-libros":[{"ID":5378,"post_author":"3","post_date":"2022-07-28 17:22:41","post_date_gmt":"2022-07-28 15:22:41","post_content":"","post_title":"DANIEL MARGUERAT","post_excerpt":"","post_status":"publish","comment_status":"closed","ping_status":"closed","post_password":"","post_name":"daniel-marguerat","to_ping":"","pinged":"","post_modified":"2022-07-28 17:22:41","post_modified_gmt":"2022-07-28 15:22:41","post_content_filtered":"","post_parent":0,"guid":"http:\/\/dev.claret.cat\/autor\/daniel-marguerat\/","menu_order":0,"post_type":"autor","post_mime_type":"","comment_count":"0","filter":"raw"}],"autor":"MARGUERAT, DANIEL","codart":"848297127","libros-coleccion":"GLOSSA","ediciones":"1","encuadernacion":"R\u00fastica","fecha_de_publicacion":"01\/04\/1999","novedad":"0","paginas":"128","subtitulo":"EL QUE AVUI PODEM SABER DE JES\u00daS","orden":"999","portada":"0","idioma":"cat","booktrailer":"","resenas":""},"aioseo_notices":[],"_links":{"self":[{"href":"https:\/\/www.claret.cat\/es\/wp-json\/wp\/v2\/product\/354969","targetHints":{"allow":["GET"]}}],"collection":[{"href":"https:\/\/www.claret.cat\/es\/wp-json\/wp\/v2\/product"}],"about":[{"href":"https:\/\/www.claret.cat\/es\/wp-json\/wp\/v2\/types\/product"}],"wp:featuredmedia":[{"embeddable":true,"href":"https:\/\/www.claret.cat\/es\/wp-json\/wp\/v2\/media\/354970"}],"wp:attachment":[{"href":"https:\/\/www.claret.cat\/es\/wp-json\/wp\/v2\/media?parent=354969"}],"wp:term":[{"taxonomy":"product_brand","embeddable":true,"href":"https:\/\/www.claret.cat\/es\/wp-json\/wp\/v2\/product_brand?post=354969"},{"taxonomy":"product_cat","embeddable":true,"href":"https:\/\/www.claret.cat\/es\/wp-json\/wp\/v2\/product_cat?post=354969"},{"taxonomy":"product_tag","embeddable":true,"href":"https:\/\/www.claret.cat\/es\/wp-json\/wp\/v2\/product_tag?post=354969"}],"curies":[{"name":"wp","href":"https:\/\/api.w.org\/{rel}","templated":true}]}}