{"id":355005,"date":"2023-01-14T18:37:46","date_gmt":"2023-01-14T17:37:46","guid":{"rendered":"https:\/\/www.claret.cat\/llibre\/cantico-del-espiritu-9788482971865\/"},"modified":"2026-02-09T12:19:41","modified_gmt":"2026-02-09T11:19:41","slug":"cantico-del-espiritu-9788482971865","status":"publish","type":"product","link":"https:\/\/www.claret.cat\/es\/libro\/cantico-del-espiritu-9788482971865\/","title":{"rendered":"C\u00c1NTICO DEL ESP\u00cdRITU"},"content":{"rendered":"<p>Bellas im\u00e1genes ilustran las frases de la secuencia de la misa del domingo de Pentecost\u00e9s. Una invitaci\u00f3n a la contemplaci\u00f3n y a la meditaci\u00f3n.<\/p>\n","protected":false},"excerpt":{"rendered":"<p>EDITORIAL CLARET<\/p>\n","protected":false},"featured_media":1081989,"template":"","meta":{"_acf_changed":false,"om_disable_all_campaigns":false,"rs_blank_template":"","rs_page_bg_color":"","slide_template_v7":"","inline_featured_image":false,"_monsterinsights_skip_tracking":false,"_monsterinsights_sitenote_active":false,"_monsterinsights_sitenote_note":"","_monsterinsights_sitenote_category":0},"product_brand":[],"product_cat":[581,497,248,486,233,344,78],"product_tag":[],"class_list":{"0":"post-355005","1":"product","2":"type-product","3":"status-publish","4":"has-post-thumbnail","6":"product_cat-editorial-claret","7":"product_cat-meditaciones","8":"product_cat-meditacions","9":"product_cat-mistica-espiritualidad-1_espiritualidad","10":"product_cat-mistica","11":"product_cat-pastoral-1_espiritualidad","12":"product_cat-pastoral","14":"first","15":"instock","16":"taxable","17":"shipping-taxable","18":"purchasable","19":"product-type-simple"},"acf":{"editorial":[{"ID":6158,"post_author":"3","post_date":"2022-07-28 17:46:08","post_date_gmt":"2022-07-28 15:46:08","post_content":"","post_title":"CLARET","post_excerpt":"","post_status":"publish","comment_status":"closed","ping_status":"closed","post_password":"","post_name":"claret","to_ping":"","pinged":"","post_modified":"2022-07-28 17:46:08","post_modified_gmt":"2022-07-28 15:46:08","post_content_filtered":"","post_parent":0,"guid":"http:\/\/dev.claret.cat\/editorial\/claret\/","menu_order":0,"post_type":"editorial","post_mime_type":"","comment_count":"0","filter":"raw"}],"autores-libros":[{"ID":355003,"post_author":"3","post_date":"2023-01-14 18:37:37","post_date_gmt":"2023-01-14 17:37:37","post_content":"","post_title":"[EDITORIAL CLARET]","post_excerpt":"","post_status":"publish","comment_status":"closed","ping_status":"closed","post_password":"","post_name":"editorial-claret-4","to_ping":"","pinged":"","post_modified":"2023-01-14 18:37:37","post_modified_gmt":"2023-01-14 17:37:37","post_content_filtered":"","post_parent":0,"guid":"https:\/\/www.claret.cat\/autor\/editorial-claret-4\/","menu_order":0,"post_type":"autor","post_mime_type":"","comment_count":"0","filter":"raw"}],"autor":"EDITORIAL CLARET","codart":"848297186","libros-coleccion":"","ediciones":"0","encuadernacion":"R\u00fastica","fecha_de_publicacion":"01\/06\/1997","novedad":"0","paginas":"24","subtitulo":"SECUENCIA DE LA MISA DEL DOMINGO DE PENTECOST\u00c9S","orden":"999","portada":"0","idioma":"spa","booktrailer":"","resenas":""},"aioseo_notices":[],"_links":{"self":[{"href":"https:\/\/www.claret.cat\/es\/wp-json\/wp\/v2\/product\/355005","targetHints":{"allow":["GET"]}}],"collection":[{"href":"https:\/\/www.claret.cat\/es\/wp-json\/wp\/v2\/product"}],"about":[{"href":"https:\/\/www.claret.cat\/es\/wp-json\/wp\/v2\/types\/product"}],"wp:featuredmedia":[{"embeddable":true,"href":"https:\/\/www.claret.cat\/es\/wp-json\/wp\/v2\/media\/1081989"}],"wp:attachment":[{"href":"https:\/\/www.claret.cat\/es\/wp-json\/wp\/v2\/media?parent=355005"}],"wp:term":[{"taxonomy":"product_brand","embeddable":true,"href":"https:\/\/www.claret.cat\/es\/wp-json\/wp\/v2\/product_brand?post=355005"},{"taxonomy":"product_cat","embeddable":true,"href":"https:\/\/www.claret.cat\/es\/wp-json\/wp\/v2\/product_cat?post=355005"},{"taxonomy":"product_tag","embeddable":true,"href":"https:\/\/www.claret.cat\/es\/wp-json\/wp\/v2\/product_tag?post=355005"}],"curies":[{"name":"wp","href":"https:\/\/api.w.org\/{rel}","templated":true}]}}