{"id":355056,"date":"2023-01-14T18:40:49","date_gmt":"2023-01-14T17:40:49","guid":{"rendered":"https:\/\/www.claret.cat\/llibre\/los-cojos-andan-9788482972497\/"},"modified":"2025-07-04T11:01:11","modified_gmt":"2025-07-04T09:01:11","slug":"los-cojos-andan-9788482972497","status":"publish","type":"product","link":"https:\/\/www.claret.cat\/es\/libro\/los-cojos-andan-9788482972497\/","title":{"rendered":"LOS COJOS ANDAN"},"content":{"rendered":"<p>El colectivo \u00abEngrunes\u00bb nos ofrece su reflexi\u00f3n a prop\u00f3sito de la \u00abcultura de la marginaci\u00f3n\u00bb.<br \/>C\u00f3mo ven el mundo, la vida, el trabajo, la educaci\u00f3n; c\u00f3mo se ven a s\u00ed mismos y c\u00f3mo se sienten \u00abpor dentro\u00bb los pobres de hoy y cu\u00e1n pavoroso es el vac\u00edo existencial que sufren.<\/p>\n","protected":false},"excerpt":{"rendered":"<p>FORTUNY, ROMAN<\/p>\n","protected":false},"featured_media":355057,"template":"","meta":{"_acf_changed":false,"om_disable_all_campaigns":false,"rs_blank_template":"","rs_page_bg_color":"","slide_template_v7":"","inline_featured_image":false,"_monsterinsights_skip_tracking":false,"_monsterinsights_sitenote_active":false,"_monsterinsights_sitenote_note":"","_monsterinsights_sitenote_category":0},"product_brand":[],"product_cat":[543,93,581,345,79],"product_tag":[],"class_list":{"0":"post-355056","1":"product","2":"type-product","3":"status-publish","4":"has-post-thumbnail","6":"product_cat-eclesiologia-es","7":"product_cat-eclesiologia","8":"product_cat-editorial-claret","9":"product_cat-espiritualidad","10":"product_cat-espiritualitat","12":"first","13":"instock","14":"taxable","15":"shipping-taxable","16":"purchasable","17":"product-type-simple"},"acf":{"editorial":[{"ID":6158,"post_author":"3","post_date":"2022-07-28 17:46:08","post_date_gmt":"2022-07-28 15:46:08","post_content":"","post_title":"CLARET","post_excerpt":"","post_status":"publish","comment_status":"closed","ping_status":"closed","post_password":"","post_name":"claret","to_ping":"","pinged":"","post_modified":"2022-07-28 17:46:08","post_modified_gmt":"2022-07-28 15:46:08","post_content_filtered":"","post_parent":0,"guid":"http:\/\/dev.claret.cat\/editorial\/claret\/","menu_order":0,"post_type":"editorial","post_mime_type":"","comment_count":"0","filter":"raw"}],"autores-libros":[{"ID":168412,"post_author":"3","post_date":"2022-10-14 18:19:01","post_date_gmt":"2022-10-14 16:19:01","post_content":"","post_title":"ROM\u00c0 FORTUNY PONZ","post_excerpt":"","post_status":"publish","comment_status":"closed","ping_status":"closed","post_password":"","post_name":"roma-fortuny-ponz","to_ping":"","pinged":"","post_modified":"2022-10-14 18:19:01","post_modified_gmt":"2022-10-14 16:19:01","post_content_filtered":"","post_parent":0,"guid":"http:\/\/dev.claret.cat\/autor\/roma-fortuny-ponz\/","menu_order":0,"post_type":"autor","post_mime_type":"","comment_count":"0","filter":"raw"},{"ID":355055,"post_author":"3","post_date":"2023-01-14 18:40:46","post_date_gmt":"2023-01-14 17:40:46","post_content":"","post_title":"JUAN JOS\u00c9 GENOVARD CLAR","post_excerpt":"","post_status":"publish","comment_status":"closed","ping_status":"closed","post_password":"","post_name":"juan-jose-genovard-clar","to_ping":"","pinged":"","post_modified":"2023-01-14 18:40:46","post_modified_gmt":"2023-01-14 17:40:46","post_content_filtered":"","post_parent":0,"guid":"https:\/\/www.claret.cat\/autor\/juan-jose-genovard-clar\/","menu_order":0,"post_type":"autor","post_mime_type":"","comment_count":"0","filter":"raw"}],"autor":"FORTUNY, ROMAN","codart":"848297249","libros-coleccion":"PUNTO DE ENCUENTRO","ediciones":"1","encuadernacion":"R\u00fastica","fecha_de_publicacion":"01\/02\/1998","novedad":"0","paginas":"200","subtitulo":"\u00abENGRUNES\u00bb, POR UNA CULTURA DE LA NO-EXCLUSI\u00d3N","orden":"999","portada":"0","idioma":"spa","booktrailer":"","resenas":""},"aioseo_notices":[],"_links":{"self":[{"href":"https:\/\/www.claret.cat\/es\/wp-json\/wp\/v2\/product\/355056","targetHints":{"allow":["GET"]}}],"collection":[{"href":"https:\/\/www.claret.cat\/es\/wp-json\/wp\/v2\/product"}],"about":[{"href":"https:\/\/www.claret.cat\/es\/wp-json\/wp\/v2\/types\/product"}],"wp:featuredmedia":[{"embeddable":true,"href":"https:\/\/www.claret.cat\/es\/wp-json\/wp\/v2\/media\/355057"}],"wp:attachment":[{"href":"https:\/\/www.claret.cat\/es\/wp-json\/wp\/v2\/media?parent=355056"}],"wp:term":[{"taxonomy":"product_brand","embeddable":true,"href":"https:\/\/www.claret.cat\/es\/wp-json\/wp\/v2\/product_brand?post=355056"},{"taxonomy":"product_cat","embeddable":true,"href":"https:\/\/www.claret.cat\/es\/wp-json\/wp\/v2\/product_cat?post=355056"},{"taxonomy":"product_tag","embeddable":true,"href":"https:\/\/www.claret.cat\/es\/wp-json\/wp\/v2\/product_tag?post=355056"}],"curies":[{"name":"wp","href":"https:\/\/api.w.org\/{rel}","templated":true}]}}