{"id":355078,"date":"2023-01-14T18:41:59","date_gmt":"2023-01-14T17:41:59","guid":{"rendered":"https:\/\/www.claret.cat\/llibre\/curs-de-lexic-cientific-2-9788482972596\/"},"modified":"2026-01-26T18:50:56","modified_gmt":"2026-01-26T17:50:56","slug":"curs-de-lexic-cientific-2-9788482972596","status":"publish","type":"product","link":"https:\/\/www.claret.cat\/es\/libro\/curs-de-lexic-cientific-2-9788482972596\/","title":{"rendered":"CURS DE L\u00c8XIC CIENT\u00cdFIC 2"},"content":{"rendered":"<p>Un estudi del l\u00e8xic cient\u00edfic sota tres aspectes: formal, sem\u00e0ntic i hist\u00f2ric. Aquest curs complementa el \u00abManual de catal\u00e0 cient\u00edfic\u00bb, del mateix autor.<\/p>\n","protected":false},"excerpt":{"rendered":"<p>RIERA FONTS, CARLES<\/p>\n","protected":false},"featured_media":955279,"template":"","meta":{"_acf_changed":false,"om_disable_all_campaigns":false,"rs_blank_template":"","rs_page_bg_color":"","slide_template_v7":"","inline_featured_image":false,"_monsterinsights_skip_tracking":false,"_monsterinsights_sitenote_active":false,"_monsterinsights_sitenote_note":"","_monsterinsights_sitenote_category":0},"product_brand":[],"product_cat":[578,145,189,453,581],"product_tag":[],"class_list":{"0":"post-355078","1":"product","2":"type-product","3":"status-publish","4":"has-post-thumbnail","6":"product_cat-diccionarios-y-libros-de-consulta","7":"product_cat-diccionaris-i-llibres-de-consulta","8":"product_cat-didactica-i-praxi-escolar","9":"product_cat-didactica-y-praxis-escolar","10":"product_cat-editorial-claret","12":"first","13":"instock","14":"taxable","15":"shipping-taxable","16":"purchasable","17":"product-type-simple"},"acf":{"editorial":[{"ID":6158,"post_author":"3","post_date":"2022-07-28 17:46:08","post_date_gmt":"2022-07-28 15:46:08","post_content":"","post_title":"CLARET","post_excerpt":"","post_status":"publish","comment_status":"closed","ping_status":"closed","post_password":"","post_name":"claret","to_ping":"","pinged":"","post_modified":"2022-07-28 17:46:08","post_modified_gmt":"2022-07-28 15:46:08","post_content_filtered":"","post_parent":0,"guid":"http:\/\/dev.claret.cat\/editorial\/claret\/","menu_order":0,"post_type":"editorial","post_mime_type":"","comment_count":"0","filter":"raw"}],"autores-libros":[{"ID":1001493,"post_author":"3","post_date":"2025-01-23 15:45:08","post_date_gmt":"2025-01-23 14:45:08","post_content":"Carles Riera (Moi\u00e0, 1959), doctor en filologia catalana, llicenciat en farm\u00e0cia i amb la carrera de teologia, \u00e9s un especialista en el camp del llenguatge cient\u00edfic, autor de diverses obres sobre el tema i docent d\u2019aquesta mat\u00e8ria des de l\u2019any 1987; actualment \u00e9s professor de la Universitat Ramon Llull.","post_title":"CARLES RIERA FONTS","post_excerpt":"","post_status":"publish","comment_status":"closed","ping_status":"closed","post_password":"","post_name":"carles-riera-fonts","to_ping":"","pinged":"","post_modified":"2025-02-14 12:35:43","post_modified_gmt":"2025-02-14 11:35:43","post_content_filtered":"","post_parent":0,"guid":"https:\/\/www.claret.cat\/autor\/carles-riera-fonts\/","menu_order":0,"post_type":"autor","post_mime_type":"","comment_count":"0","filter":"raw"}],"autor":"RIERA FONTS, CARLES","codart":"848297259","libros-coleccion":"POMPEU FABRA","ediciones":"1","encuadernacion":"R\u00fastica","fecha_de_publicacion":"01\/04\/1998","novedad":"0","paginas":"28","subtitulo":"EXERCICIS","orden":"999","portada":"0","idioma":"cat","booktrailer":"","resenas":""},"aioseo_notices":[],"_links":{"self":[{"href":"https:\/\/www.claret.cat\/es\/wp-json\/wp\/v2\/product\/355078","targetHints":{"allow":["GET"]}}],"collection":[{"href":"https:\/\/www.claret.cat\/es\/wp-json\/wp\/v2\/product"}],"about":[{"href":"https:\/\/www.claret.cat\/es\/wp-json\/wp\/v2\/types\/product"}],"wp:featuredmedia":[{"embeddable":true,"href":"https:\/\/www.claret.cat\/es\/wp-json\/wp\/v2\/media\/955279"}],"wp:attachment":[{"href":"https:\/\/www.claret.cat\/es\/wp-json\/wp\/v2\/media?parent=355078"}],"wp:term":[{"taxonomy":"product_brand","embeddable":true,"href":"https:\/\/www.claret.cat\/es\/wp-json\/wp\/v2\/product_brand?post=355078"},{"taxonomy":"product_cat","embeddable":true,"href":"https:\/\/www.claret.cat\/es\/wp-json\/wp\/v2\/product_cat?post=355078"},{"taxonomy":"product_tag","embeddable":true,"href":"https:\/\/www.claret.cat\/es\/wp-json\/wp\/v2\/product_tag?post=355078"}],"curies":[{"name":"wp","href":"https:\/\/api.w.org\/{rel}","templated":true}]}}