{"id":355084,"date":"2023-01-14T18:42:17","date_gmt":"2023-01-14T17:42:17","guid":{"rendered":"https:\/\/www.claret.cat\/llibre\/directori-general-per-a-la-catequesi-9788482972633\/"},"modified":"2024-05-23T11:57:31","modified_gmt":"2024-05-23T09:57:31","slug":"directori-general-per-a-la-catequesi-9788482972633","status":"publish","type":"product","link":"https:\/\/www.claret.cat\/es\/libro\/directori-general-per-a-la-catequesi-9788482972633\/","title":{"rendered":"DIRECTORI GENERAL PER A LA CATEQUESI"},"content":{"rendered":"<p>La finalitat del Directori \u00e9s indicar els principis teol\u00f2gics i pastorals de car\u00e0cter fonamental mitjan\u00e7ant els quals es pugui orientar i regir de la manera m\u00e9s adient l&#8217;acci\u00f3 pastoral del ministeri de la paraula i, concretament, la catequesi.<br \/>El Directori per a la Catequesi ofereix reflexions i principis, m\u00e9s que no pas aplicacions immediates o directrius pr\u00e0ctiques.<\/p>\n","protected":false},"excerpt":{"rendered":"<p>CONGREGACIO PER AL CLERGA<\/p>\n","protected":false},"featured_media":386360,"template":"","meta":{"_acf_changed":false,"om_disable_all_campaigns":false,"rs_blank_template":"","rs_page_bg_color":"","slide_template_v7":"","inline_featured_image":false,"_monsterinsights_skip_tracking":false,"_monsterinsights_sitenote_active":false,"_monsterinsights_sitenote_note":"","_monsterinsights_sitenote_category":0},"product_brand":[],"product_cat":[283,511,581,227,389],"product_tag":[],"class_list":{"0":"post-355084","1":"product","2":"type-product","3":"status-publish","4":"has-post-thumbnail","6":"product_cat-eclesiologia-teologia","7":"product_cat-eclesiologia-teologia-1_espiritualidad","8":"product_cat-editorial-claret","9":"product_cat-formacio","10":"product_cat-formacion","12":"first","13":"instock","14":"taxable","15":"shipping-taxable","16":"purchasable","17":"product-type-simple"},"acf":{"editorial":[{"ID":6158,"post_author":"3","post_date":"2022-07-28 17:46:08","post_date_gmt":"2022-07-28 15:46:08","post_content":"","post_title":"CLARET","post_excerpt":"","post_status":"publish","comment_status":"closed","ping_status":"closed","post_password":"","post_name":"claret","to_ping":"","pinged":"","post_modified":"2022-07-28 17:46:08","post_modified_gmt":"2022-07-28 15:46:08","post_content_filtered":"","post_parent":0,"guid":"http:\/\/dev.claret.cat\/editorial\/claret\/","menu_order":0,"post_type":"editorial","post_mime_type":"","comment_count":"0","filter":"raw"}],"autores-libros":[{"ID":351585,"post_author":"3","post_date":"2023-01-14 11:38:07","post_date_gmt":"2023-01-14 10:38:07","post_content":"","post_title":"[CONGREGACIO PER AL CLERGAT]","post_excerpt":"","post_status":"publish","comment_status":"closed","ping_status":"closed","post_password":"","post_name":"congregacio-per-al-clergat","to_ping":"","pinged":"","post_modified":"2023-01-14 11:38:07","post_modified_gmt":"2023-01-14 10:38:07","post_content_filtered":"","post_parent":0,"guid":"https:\/\/www.claret.cat\/autor\/congregacio-per-al-clergat\/","menu_order":0,"post_type":"autor","post_mime_type":"","comment_count":"0","filter":"raw"}],"autor":"CONGREGACIO PER AL CLERGA","codart":"848297263","libros-coleccion":"DOCUMENTS DEL MAGISTERI","ediciones":"1","encuadernacion":"R\u00fastica","fecha_de_publicacion":"01\/07\/1998","novedad":"0","paginas":"296","subtitulo":"","orden":"999","portada":"0","idioma":"cat"},"aioseo_notices":[],"_links":{"self":[{"href":"https:\/\/www.claret.cat\/es\/wp-json\/wp\/v2\/product\/355084","targetHints":{"allow":["GET"]}}],"collection":[{"href":"https:\/\/www.claret.cat\/es\/wp-json\/wp\/v2\/product"}],"about":[{"href":"https:\/\/www.claret.cat\/es\/wp-json\/wp\/v2\/types\/product"}],"wp:featuredmedia":[{"embeddable":true,"href":"https:\/\/www.claret.cat\/es\/wp-json\/wp\/v2\/media\/386360"}],"wp:attachment":[{"href":"https:\/\/www.claret.cat\/es\/wp-json\/wp\/v2\/media?parent=355084"}],"wp:term":[{"taxonomy":"product_brand","embeddable":true,"href":"https:\/\/www.claret.cat\/es\/wp-json\/wp\/v2\/product_brand?post=355084"},{"taxonomy":"product_cat","embeddable":true,"href":"https:\/\/www.claret.cat\/es\/wp-json\/wp\/v2\/product_cat?post=355084"},{"taxonomy":"product_tag","embeddable":true,"href":"https:\/\/www.claret.cat\/es\/wp-json\/wp\/v2\/product_tag?post=355084"}],"curies":[{"name":"wp","href":"https:\/\/api.w.org\/{rel}","templated":true}]}}