{"id":355126,"date":"2023-01-14T18:44:31","date_gmt":"2023-01-14T17:44:31","guid":{"rendered":"https:\/\/www.claret.cat\/llibre\/sexualitat-i-amor-cristia-9788482972992\/"},"modified":"2024-05-23T11:54:22","modified_gmt":"2024-05-23T09:54:22","slug":"sexualitat-i-amor-cristia-9788482972992","status":"publish","type":"product","link":"https:\/\/www.claret.cat\/es\/libro\/sexualitat-i-amor-cristia-9788482972992\/","title":{"rendered":"SEXUALITAT I AMOR CRISTI\u00c0"},"content":{"rendered":"<p>Sexe i amor no s&#8217;han de separar. La persona no solament t\u00e9 una sexualitat, sin\u00f3 que \u00e9s una sexualitat. De la mateixa manera que la persona no t\u00e9 amor, sin\u00f3 que \u00e9s amor. Separar sexualitat d&#8217;amor seria comen\u00e7ar malament!<br \/>Aquestes p\u00e0gines s&#8217;estructuren en dues parts: la primera, titulada \u00abLa sexualitat i l&#8217;amor\u00bb, presenta una an\u00e0lisi de les diferents etapes i dimensions que estructuren la sexualitat humana.<br \/>La segona part, \u00abSexualitat i amor cristi\u00e0\u00bb, busca d&#8217;enriquir aquest primer estudi amb l&#8217;aportaci\u00f3 profunda que el missatge cristi\u00e0 d\u00f3na a la sexualitat personal i de parella.<\/p>\n","protected":false},"excerpt":{"rendered":"<p>SALVAT, IGNASI<\/p>\n","protected":false},"featured_media":355127,"template":"","meta":{"_acf_changed":false,"om_disable_all_campaigns":false,"rs_blank_template":"","rs_page_bg_color":"","slide_template_v7":"","inline_featured_image":false,"_monsterinsights_skip_tracking":false,"_monsterinsights_sitenote_active":false,"_monsterinsights_sitenote_note":"","_monsterinsights_sitenote_category":0},"product_brand":[],"product_cat":[221,480,449,181,581,516,290,344,78],"product_tag":[],"class_list":{"0":"post-355126","1":"product","2":"type-product","3":"status-publish","4":"has-post-thumbnail","6":"product_cat-dadults","7":"product_cat-de-adultos","8":"product_cat-de-la-personalidad-y-del-desarrollo","9":"product_cat-de-la-personalitat-i-del-desenvolupament","10":"product_cat-editorial-claret","11":"product_cat-moral-de-la-persona-sexualidad","12":"product_cat-moral-de-la-persona-sexualitat","13":"product_cat-pastoral-1_espiritualidad","14":"product_cat-pastoral","16":"first","17":"instock","18":"taxable","19":"shipping-taxable","20":"purchasable","21":"product-type-simple"},"acf":{"editorial":[{"ID":6158,"post_author":"3","post_date":"2022-07-28 17:46:08","post_date_gmt":"2022-07-28 15:46:08","post_content":"","post_title":"CLARET","post_excerpt":"","post_status":"publish","comment_status":"closed","ping_status":"closed","post_password":"","post_name":"claret","to_ping":"","pinged":"","post_modified":"2022-07-28 17:46:08","post_modified_gmt":"2022-07-28 15:46:08","post_content_filtered":"","post_parent":0,"guid":"http:\/\/dev.claret.cat\/editorial\/claret\/","menu_order":0,"post_type":"editorial","post_mime_type":"","comment_count":"0","filter":"raw"}],"autores-libros":[{"ID":355125,"post_author":"3","post_date":"2023-01-14 18:44:28","post_date_gmt":"2023-01-14 17:44:28","post_content":"","post_title":"IGNASI SALVAT FERRER","post_excerpt":"","post_status":"publish","comment_status":"closed","ping_status":"closed","post_password":"","post_name":"ignasi-salvat-ferrer","to_ping":"","pinged":"","post_modified":"2023-01-14 18:44:28","post_modified_gmt":"2023-01-14 17:44:28","post_content_filtered":"","post_parent":0,"guid":"https:\/\/www.claret.cat\/autor\/ignasi-salvat-ferrer\/","menu_order":0,"post_type":"autor","post_mime_type":"","comment_count":"0","filter":"raw"}],"autor":"SALVAT, IGNASI","codart":"848297299","libros-coleccion":"ELS DAUS","ediciones":"1","encuadernacion":"R\u00fastica","fecha_de_publicacion":"01\/10\/1998","novedad":"0","paginas":"64","subtitulo":"","orden":"999","portada":"0","idioma":"cat"},"aioseo_notices":[],"_links":{"self":[{"href":"https:\/\/www.claret.cat\/es\/wp-json\/wp\/v2\/product\/355126","targetHints":{"allow":["GET"]}}],"collection":[{"href":"https:\/\/www.claret.cat\/es\/wp-json\/wp\/v2\/product"}],"about":[{"href":"https:\/\/www.claret.cat\/es\/wp-json\/wp\/v2\/types\/product"}],"wp:featuredmedia":[{"embeddable":true,"href":"https:\/\/www.claret.cat\/es\/wp-json\/wp\/v2\/media\/355127"}],"wp:attachment":[{"href":"https:\/\/www.claret.cat\/es\/wp-json\/wp\/v2\/media?parent=355126"}],"wp:term":[{"taxonomy":"product_brand","embeddable":true,"href":"https:\/\/www.claret.cat\/es\/wp-json\/wp\/v2\/product_brand?post=355126"},{"taxonomy":"product_cat","embeddable":true,"href":"https:\/\/www.claret.cat\/es\/wp-json\/wp\/v2\/product_cat?post=355126"},{"taxonomy":"product_tag","embeddable":true,"href":"https:\/\/www.claret.cat\/es\/wp-json\/wp\/v2\/product_tag?post=355126"}],"curies":[{"name":"wp","href":"https:\/\/api.w.org\/{rel}","templated":true}]}}