{"id":355234,"date":"2023-01-14T19:05:04","date_gmt":"2023-01-14T18:05:04","guid":{"rendered":"https:\/\/www.claret.cat\/llibre\/cantic-de-lesperit-9788482971858\/"},"modified":"2024-05-23T12:01:34","modified_gmt":"2024-05-23T10:01:34","slug":"cantic-de-lesperit-9788482971858","status":"publish","type":"product","link":"https:\/\/www.claret.cat\/es\/libro\/cantic-de-lesperit-9788482971858\/","title":{"rendered":"CANTIC DE L&#8217;ESPERIT"},"content":{"rendered":"<p>Belles imatges il\u00b7lustren les frases de la seq\u00fc\u00e8ncia de la missa del diumenge de Pentecosta. Una invitaci\u00f3 a la contemplaci\u00f3 i a la meditaci\u00f3.<\/p>\n","protected":false},"excerpt":{"rendered":"<p>[EDITORIAL CLARET]<\/p>\n","protected":false},"featured_media":0,"template":"","meta":{"_acf_changed":false,"om_disable_all_campaigns":false,"rs_blank_template":"","rs_page_bg_color":"","slide_template_v7":"","inline_featured_image":false,"_monsterinsights_skip_tracking":false,"_monsterinsights_sitenote_active":false,"_monsterinsights_sitenote_note":"","_monsterinsights_sitenote_category":0},"product_brand":[],"product_cat":[581,497,248,394,236],"product_tag":[],"class_list":{"0":"post-355234","1":"product","2":"type-product","3":"status-publish","5":"product_cat-editorial-claret","6":"product_cat-meditaciones","7":"product_cat-meditacions","8":"product_cat-vida-cotidiana","9":"product_cat-vida-quotidiana","11":"first","12":"outofstock","13":"taxable","14":"shipping-taxable","15":"purchasable","16":"product-type-simple"},"acf":{"editorial":[{"ID":6158,"post_author":"3","post_date":"2022-07-28 17:46:08","post_date_gmt":"2022-07-28 15:46:08","post_content":"","post_title":"CLARET","post_excerpt":"","post_status":"publish","comment_status":"closed","ping_status":"closed","post_password":"","post_name":"claret","to_ping":"","pinged":"","post_modified":"2022-07-28 17:46:08","post_modified_gmt":"2022-07-28 15:46:08","post_content_filtered":"","post_parent":0,"guid":"http:\/\/dev.claret.cat\/editorial\/claret\/","menu_order":0,"post_type":"editorial","post_mime_type":"","comment_count":"0","filter":"raw"}],"autores-libros":[{"ID":355003,"post_author":"3","post_date":"2023-01-14 18:37:37","post_date_gmt":"2023-01-14 17:37:37","post_content":"","post_title":"[EDITORIAL CLARET]","post_excerpt":"","post_status":"publish","comment_status":"closed","ping_status":"closed","post_password":"","post_name":"editorial-claret-4","to_ping":"","pinged":"","post_modified":"2023-01-14 18:37:37","post_modified_gmt":"2023-01-14 17:37:37","post_content_filtered":"","post_parent":0,"guid":"https:\/\/www.claret.cat\/autor\/editorial-claret-4\/","menu_order":0,"post_type":"autor","post_mime_type":"","comment_count":"0","filter":"raw"}],"autor":"[EDITORIAL CLARET]","codart":"848297185","libros-coleccion":"El Bri","ediciones":"0","encuadernacion":"R\u00fastica","fecha_de_publicacion":"01\/06\/1997","novedad":"0","paginas":"24","subtitulo":"SEQ\u00dc\u00c8NCIA DE LA MISSA DEL DIUMENGE DE PENTECOSTA","orden":"999","portada":"0","idioma":"cat"},"aioseo_notices":[],"_links":{"self":[{"href":"https:\/\/www.claret.cat\/es\/wp-json\/wp\/v2\/product\/355234","targetHints":{"allow":["GET"]}}],"collection":[{"href":"https:\/\/www.claret.cat\/es\/wp-json\/wp\/v2\/product"}],"about":[{"href":"https:\/\/www.claret.cat\/es\/wp-json\/wp\/v2\/types\/product"}],"wp:attachment":[{"href":"https:\/\/www.claret.cat\/es\/wp-json\/wp\/v2\/media?parent=355234"}],"wp:term":[{"taxonomy":"product_brand","embeddable":true,"href":"https:\/\/www.claret.cat\/es\/wp-json\/wp\/v2\/product_brand?post=355234"},{"taxonomy":"product_cat","embeddable":true,"href":"https:\/\/www.claret.cat\/es\/wp-json\/wp\/v2\/product_cat?post=355234"},{"taxonomy":"product_tag","embeddable":true,"href":"https:\/\/www.claret.cat\/es\/wp-json\/wp\/v2\/product_tag?post=355234"}],"curies":[{"name":"wp","href":"https:\/\/api.w.org\/{rel}","templated":true}]}}