{"id":355242,"date":"2023-01-14T19:05:54","date_gmt":"2023-01-14T18:05:54","guid":{"rendered":"https:\/\/www.claret.cat\/llibre\/els-salms-mes-bonics-9788482973227\/"},"modified":"2024-05-23T11:52:04","modified_gmt":"2024-05-23T09:52:04","slug":"els-salms-mes-bonics-9788482973227","status":"publish","type":"product","link":"https:\/\/www.claret.cat\/es\/libro\/els-salms-mes-bonics-9788482973227\/","title":{"rendered":"ELS SALMS M\u00c9S BONICS"},"content":{"rendered":"<p>En els salms aprenem com \u00e9s el Senyor i som portats a lloar el seu amor, la seva omnipot\u00e8ncia i la seva bondat. Tot sovint les preg\u00e0ries de la B\u00edblia canten la terra d&#8217;Israel, especialment Jerusalem.<br \/>Aquest llibre combina fragments dels salms m\u00e9s bonics amb imatges de gran bellesa de Terra Santa.<\/p>\n","protected":false},"excerpt":{"rendered":"<p>[EDITORIAL CLARET]<\/p>\n","protected":false},"featured_media":0,"template":"","meta":{"_acf_changed":false,"om_disable_all_campaigns":false,"rs_blank_template":"","rs_page_bg_color":"","slide_template_v7":"","inline_featured_image":false,"_monsterinsights_skip_tracking":false,"_monsterinsights_sitenote_active":false,"_monsterinsights_sitenote_note":"","_monsterinsights_sitenote_category":0},"product_brand":[],"product_cat":[581,497,248,396,247,383,198],"product_tag":[],"class_list":{"0":"post-355242","1":"product","2":"type-product","3":"status-publish","5":"product_cat-editorial-claret","6":"product_cat-meditaciones","7":"product_cat-meditacions","8":"product_cat-oracion","9":"product_cat-pregaria","10":"product_cat-salmos-y-libros-poeticos","11":"product_cat-salms-i-llibres-poetics","13":"first","14":"outofstock","15":"taxable","16":"shipping-taxable","17":"purchasable","18":"product-type-simple"},"acf":{"editorial":[{"ID":6158,"post_author":"3","post_date":"2022-07-28 17:46:08","post_date_gmt":"2022-07-28 15:46:08","post_content":"","post_title":"CLARET","post_excerpt":"","post_status":"publish","comment_status":"closed","ping_status":"closed","post_password":"","post_name":"claret","to_ping":"","pinged":"","post_modified":"2022-07-28 17:46:08","post_modified_gmt":"2022-07-28 15:46:08","post_content_filtered":"","post_parent":0,"guid":"http:\/\/dev.claret.cat\/editorial\/claret\/","menu_order":0,"post_type":"editorial","post_mime_type":"","comment_count":"0","filter":"raw"}],"autores-libros":[{"ID":355003,"post_author":"3","post_date":"2023-01-14 18:37:37","post_date_gmt":"2023-01-14 17:37:37","post_content":"","post_title":"[EDITORIAL CLARET]","post_excerpt":"","post_status":"publish","comment_status":"closed","ping_status":"closed","post_password":"","post_name":"editorial-claret-4","to_ping":"","pinged":"","post_modified":"2023-01-14 18:37:37","post_modified_gmt":"2023-01-14 17:37:37","post_content_filtered":"","post_parent":0,"guid":"https:\/\/www.claret.cat\/autor\/editorial-claret-4\/","menu_order":0,"post_type":"autor","post_mime_type":"","comment_count":"0","filter":"raw"}],"autor":"[EDITORIAL CLARET]","codart":"848297322","libros-coleccion":"Festa","ediciones":"1","encuadernacion":"Tela","fecha_de_publicacion":"01\/03\/1999","novedad":"0","paginas":"90","subtitulo":"","orden":"999","portada":"0","idioma":"cat"},"aioseo_notices":[],"_links":{"self":[{"href":"https:\/\/www.claret.cat\/es\/wp-json\/wp\/v2\/product\/355242","targetHints":{"allow":["GET"]}}],"collection":[{"href":"https:\/\/www.claret.cat\/es\/wp-json\/wp\/v2\/product"}],"about":[{"href":"https:\/\/www.claret.cat\/es\/wp-json\/wp\/v2\/types\/product"}],"wp:attachment":[{"href":"https:\/\/www.claret.cat\/es\/wp-json\/wp\/v2\/media?parent=355242"}],"wp:term":[{"taxonomy":"product_brand","embeddable":true,"href":"https:\/\/www.claret.cat\/es\/wp-json\/wp\/v2\/product_brand?post=355242"},{"taxonomy":"product_cat","embeddable":true,"href":"https:\/\/www.claret.cat\/es\/wp-json\/wp\/v2\/product_cat?post=355242"},{"taxonomy":"product_tag","embeddable":true,"href":"https:\/\/www.claret.cat\/es\/wp-json\/wp\/v2\/product_tag?post=355242"}],"curies":[{"name":"wp","href":"https:\/\/api.w.org\/{rel}","templated":true}]}}