{"id":355422,"date":"2023-01-14T19:50:10","date_gmt":"2023-01-14T18:50:10","guid":{"rendered":"https:\/\/www.claret.cat\/llibre\/la-vida-de-cada-dia-en-temps-de-jesus-9788482974477\/"},"modified":"2024-05-23T11:40:32","modified_gmt":"2024-05-23T09:40:32","slug":"la-vida-de-cada-dia-en-temps-de-jesus-9788482974477","status":"publish","type":"product","link":"https:\/\/www.claret.cat\/es\/libro\/la-vida-de-cada-dia-en-temps-de-jesus-9788482974477\/","title":{"rendered":"LA VIDA DE CADA DIA EN TEMPS DE JES\u00daS"},"content":{"rendered":"<p>Dibuixos vius i originals sobre la vida en temps del Nou Testament, mapes, fotografies, gr\u00e0fics, juntament amb informaci\u00f3 detallada sobre els descobriments arqueol\u00f2gics m\u00e9s importants dels \u00faltims anys.<br \/>Tot aix\u00f2 es combina per transportar-nos a l&#8217;\u00e8poca de Jes\u00fas d&#8217;una manera nova i atractiva.<br \/>Aquest llibre ofereix de manera agradable i completa els elements necessaris per con\u00e8ixer l&#8217;ambient social, pol\u00edtic i religi\u00f3s del per\u00edode hist\u00f2ric que m\u00e9s ha influ\u00eft en la vida de milions de persones de tots els temps.<\/p>\n","protected":false},"excerpt":{"rendered":"<p>FEINBERG VAMOSH, MIRIAM<\/p>\n","protected":false},"featured_media":0,"template":"","meta":{"_acf_changed":false,"om_disable_all_campaigns":false,"rs_blank_template":"","rs_page_bg_color":"","slide_template_v7":"","inline_featured_image":false,"_monsterinsights_skip_tracking":false,"_monsterinsights_sitenote_active":false,"_monsterinsights_sitenote_note":"","_monsterinsights_sitenote_category":0},"product_brand":[],"product_cat":[482,224,226,388,189,453,581,202,463,472,213],"product_tag":[],"class_list":{"0":"post-355422","1":"product","2":"type-product","3":"status-publish","5":"product_cat-biblias-didacticas","6":"product_cat-biblies-didactiques","7":"product_cat-didactica","8":"product_cat-didactica-catequesis-1_espiritualidad","9":"product_cat-didactica-i-praxi-escolar","10":"product_cat-didactica-y-praxis-escolar","11":"product_cat-editorial-claret","12":"product_cat-introduccio-n-t","13":"product_cat-introduccion-n-t","14":"product_cat-manuales-y-guias","15":"product_cat-manuals-i-guies","17":"first","18":"outofstock","19":"taxable","20":"shipping-taxable","21":"purchasable","22":"product-type-simple"},"acf":{"editorial":[{"ID":6158,"post_author":"3","post_date":"2022-07-28 17:46:08","post_date_gmt":"2022-07-28 15:46:08","post_content":"","post_title":"CLARET","post_excerpt":"","post_status":"publish","comment_status":"closed","ping_status":"closed","post_password":"","post_name":"claret","to_ping":"","pinged":"","post_modified":"2022-07-28 17:46:08","post_modified_gmt":"2022-07-28 15:46:08","post_content_filtered":"","post_parent":0,"guid":"http:\/\/dev.claret.cat\/editorial\/claret\/","menu_order":0,"post_type":"editorial","post_mime_type":"","comment_count":"0","filter":"raw"}],"autores-libros":[{"ID":355412,"post_author":"3","post_date":"2023-01-14 19:45:33","post_date_gmt":"2023-01-14 18:45:33","post_content":"","post_title":"MIRIAM FEINBERG VAMOSH","post_excerpt":"","post_status":"publish","comment_status":"closed","ping_status":"closed","post_password":"","post_name":"miriam-feinberg-vamosh","to_ping":"","pinged":"","post_modified":"2023-01-14 19:45:33","post_modified_gmt":"2023-01-14 18:45:33","post_content_filtered":"","post_parent":0,"guid":"https:\/\/www.claret.cat\/autor\/miriam-feinberg-vamosh\/","menu_order":0,"post_type":"autor","post_mime_type":"","comment_count":"0","filter":"raw"}],"autor":"FEINBERG VAMOSH, MIRIAM","codart":"848297447","libros-coleccion":"Festa","ediciones":"1","encuadernacion":"R\u00fastica","fecha_de_publicacion":"01\/01\/2001","novedad":"0","paginas":"104","subtitulo":"","orden":"999","portada":"0","idioma":"cat"},"aioseo_notices":[],"_links":{"self":[{"href":"https:\/\/www.claret.cat\/es\/wp-json\/wp\/v2\/product\/355422","targetHints":{"allow":["GET"]}}],"collection":[{"href":"https:\/\/www.claret.cat\/es\/wp-json\/wp\/v2\/product"}],"about":[{"href":"https:\/\/www.claret.cat\/es\/wp-json\/wp\/v2\/types\/product"}],"wp:attachment":[{"href":"https:\/\/www.claret.cat\/es\/wp-json\/wp\/v2\/media?parent=355422"}],"wp:term":[{"taxonomy":"product_brand","embeddable":true,"href":"https:\/\/www.claret.cat\/es\/wp-json\/wp\/v2\/product_brand?post=355422"},{"taxonomy":"product_cat","embeddable":true,"href":"https:\/\/www.claret.cat\/es\/wp-json\/wp\/v2\/product_cat?post=355422"},{"taxonomy":"product_tag","embeddable":true,"href":"https:\/\/www.claret.cat\/es\/wp-json\/wp\/v2\/product_tag?post=355422"}],"curies":[{"name":"wp","href":"https:\/\/api.w.org\/{rel}","templated":true}]}}