{"id":355498,"date":"2023-01-14T20:11:22","date_gmt":"2023-01-14T19:11:22","guid":{"rendered":"https:\/\/www.claret.cat\/llibre\/un-pas-endavant-la-meva-primera-comunio-9788482975016\/"},"modified":"2024-06-07T13:12:04","modified_gmt":"2024-06-07T11:12:04","slug":"un-pas-endavant-la-meva-primera-comunio-9788482975016","status":"publish","type":"product","link":"https:\/\/www.claret.cat\/es\/libro\/un-pas-endavant-la-meva-primera-comunio-9788482975016\/","title":{"rendered":"UN PAS ENDAVANT: LA MEVA PRIMERA COMUNI\u00d3"},"content":{"rendered":"<p>Els \u00e0lbums-record de la Primera Comuni\u00f3 s\u00f3n un fet inevitable.<br \/>Hem volgut oferir a les nostres comunitats un \u00e0lbum-record diferent que, tot i mantenir les caracter\u00edstiques d&#8217;un regal (qualitat i bellesa, per\u00f2 a un preu certament moderat), tingui un contingut valu\u00f3s. Edicions en catal\u00e0 i en castell\u00e0.<\/p>\n","protected":false},"excerpt":{"rendered":"<p>CODINA I FARRES, JOSEP-CO<\/p>\n","protected":false},"featured_media":355499,"template":"","meta":{"_acf_changed":false,"om_disable_all_campaigns":false,"rs_blank_template":"","rs_page_bg_color":"","slide_template_v7":"","inline_featured_image":false,"_monsterinsights_skip_tracking":false,"_monsterinsights_sitenote_active":false,"_monsterinsights_sitenote_note":"","_monsterinsights_sitenote_category":0},"product_brand":[],"product_cat":[77,343,581,216,475],"product_tag":[],"class_list":{"0":"post-355498","1":"product","2":"type-product","3":"status-publish","4":"has-post-thumbnail","6":"product_cat-catequesi","7":"product_cat-catequesis","8":"product_cat-editorial-claret","9":"product_cat-primera-comunio-catequesi-1_espiritualitat","10":"product_cat-primera-comunion","12":"first","13":"outofstock","14":"taxable","15":"shipping-taxable","16":"purchasable","17":"product-type-simple"},"acf":{"editorial":[{"ID":6158,"post_author":"3","post_date":"2022-07-28 17:46:08","post_date_gmt":"2022-07-28 15:46:08","post_content":"","post_title":"CLARET","post_excerpt":"","post_status":"publish","comment_status":"closed","ping_status":"closed","post_password":"","post_name":"claret","to_ping":"","pinged":"","post_modified":"2022-07-28 17:46:08","post_modified_gmt":"2022-07-28 15:46:08","post_content_filtered":"","post_parent":0,"guid":"http:\/\/dev.claret.cat\/editorial\/claret\/","menu_order":0,"post_type":"editorial","post_mime_type":"","comment_count":"0","filter":"raw"}],"autores-libros":[{"ID":5656,"post_author":"3","post_date":"2022-07-28 17:28:40","post_date_gmt":"2022-07-28 15:28:40","post_content":"","post_title":"JOSEP CODINA I FARRES","post_excerpt":"","post_status":"publish","comment_status":"closed","ping_status":"closed","post_password":"","post_name":"josep-codina-i-farres","to_ping":"","pinged":"","post_modified":"2022-07-28 17:28:40","post_modified_gmt":"2022-07-28 15:28:40","post_content_filtered":"","post_parent":0,"guid":"http:\/\/dev.claret.cat\/autor\/josep-codina-i-farres\/","menu_order":0,"post_type":"autor","post_mime_type":"","comment_count":"0","filter":"raw"},{"ID":355497,"post_author":"3","post_date":"2023-01-14 20:11:18","post_date_gmt":"2023-01-14 19:11:18","post_content":"","post_title":"ASSUMPCI\u00d3 CODINA","post_excerpt":"","post_status":"publish","comment_status":"closed","ping_status":"closed","post_password":"","post_name":"assumpcio-codina","to_ping":"","pinged":"","post_modified":"2023-01-14 20:11:18","post_modified_gmt":"2023-01-14 19:11:18","post_content_filtered":"","post_parent":0,"guid":"https:\/\/www.claret.cat\/autor\/assumpcio-codina\/","menu_order":0,"post_type":"autor","post_mime_type":"","comment_count":"0","filter":"raw"}],"autor":"CODINA I FARRES, JOSEP-CO","codart":"848297501","libros-coleccion":"CATEQUESI","ediciones":"2","encuadernacion":"Tela","fecha_de_publicacion":"01\/04\/1988","novedad":"0","paginas":"44","subtitulo":"","orden":"999","portada":"0","idioma":"cat"},"aioseo_notices":[],"_links":{"self":[{"href":"https:\/\/www.claret.cat\/es\/wp-json\/wp\/v2\/product\/355498","targetHints":{"allow":["GET"]}}],"collection":[{"href":"https:\/\/www.claret.cat\/es\/wp-json\/wp\/v2\/product"}],"about":[{"href":"https:\/\/www.claret.cat\/es\/wp-json\/wp\/v2\/types\/product"}],"wp:featuredmedia":[{"embeddable":true,"href":"https:\/\/www.claret.cat\/es\/wp-json\/wp\/v2\/media\/355499"}],"wp:attachment":[{"href":"https:\/\/www.claret.cat\/es\/wp-json\/wp\/v2\/media?parent=355498"}],"wp:term":[{"taxonomy":"product_brand","embeddable":true,"href":"https:\/\/www.claret.cat\/es\/wp-json\/wp\/v2\/product_brand?post=355498"},{"taxonomy":"product_cat","embeddable":true,"href":"https:\/\/www.claret.cat\/es\/wp-json\/wp\/v2\/product_cat?post=355498"},{"taxonomy":"product_tag","embeddable":true,"href":"https:\/\/www.claret.cat\/es\/wp-json\/wp\/v2\/product_tag?post=355498"}],"curies":[{"name":"wp","href":"https:\/\/api.w.org\/{rel}","templated":true}]}}