{"id":355549,"date":"2023-01-14T20:25:32","date_gmt":"2023-01-14T19:25:32","guid":{"rendered":"https:\/\/www.claret.cat\/llibre\/crec-malgrat-colloquis-dhivern-amb-francesco-strazzari-9788482975627\/"},"modified":"2024-05-23T11:33:18","modified_gmt":"2024-05-23T09:33:18","slug":"crec-malgrat-colloquis-dhivern-amb-francesco-strazzari-9788482975627","status":"publish","type":"product","link":"https:\/\/www.claret.cat\/es\/libro\/crec-malgrat-colloquis-dhivern-amb-francesco-strazzari-9788482975627\/","title":{"rendered":"CREC, MALGRAT. COL\u00b7LOQUIS D&#8217;HIVERN AMB FRANCESCO STRAZZARI"},"content":{"rendered":"<p>\u00abHereu prestigi\u00f3s del pare Yves Congar en el seu comprom\u00eds ecum\u00e8nic, i l\u00facid int\u00e8rpret de la tradici\u00f3 viva de l&#8217;Esgl\u00e9sia d&#8217;Occident i d&#8217;Orient, Jean-Marie Tillard ha publicat diverses obres sobre la renovaci\u00f3 de la vida religiosa i la comprensi\u00f3 de l&#8217;Esgl\u00e9sia despr\u00e9s del Vatic\u00e0 II. <br \/>Aquest llibre \u00e9s el testimoni peculiar d&#8217;una fe profunda i inquieta. (&#8230;) La seva \u00e9s una inquietud que t\u00e9 la valentia de dir pel seu nom les crisis de l&#8217;Esgl\u00e9sia actual: crisi d&#8217;interioritat, de buit espiritual, crisi d&#8217;ecumenisme, crisi de recepci\u00f3 de les intu\u00efcions fonamentals del Vatic\u00e0 II.<br \/>Tanmateix, Jean-Marie Tillard no \u00e9s un profeta de desgr\u00e0cies. El gran \u201cmalgrat tot\u201d de la fe no t\u00e9 por dels nous reptes, perqu\u00e8 t\u00e9 el seu fonament en la refer\u00e8ncia personal a Crist Jes\u00fas.\u00bb<br \/>De la presentaci\u00f3 del P. Timothy Radcliffe, mestre general de l&#8217;orde dominic.<\/p>\n","protected":false},"excerpt":{"rendered":"<p>ROGER TILLARD, JEAN-MARIE<\/p>\n","protected":false},"featured_media":355610,"template":"","meta":{"_acf_changed":false,"om_disable_all_campaigns":false,"rs_blank_template":"","rs_page_bg_color":"","slide_template_v7":"","inline_featured_image":false,"_monsterinsights_skip_tracking":false,"_monsterinsights_sitenote_active":false,"_monsterinsights_sitenote_note":"","_monsterinsights_sitenote_category":0},"product_brand":[],"product_cat":[581,523,299,497,248,491,241],"product_tag":[],"class_list":{"0":"post-355549","1":"product","2":"type-product","3":"status-publish","4":"has-post-thumbnail","6":"product_cat-editorial-claret","7":"product_cat-laicos-y-testimonios","8":"product_cat-laics-i-testimonis","9":"product_cat-meditaciones","10":"product_cat-meditacions","11":"product_cat-testimonios","12":"product_cat-testimonis","14":"first","15":"instock","16":"taxable","17":"shipping-taxable","18":"purchasable","19":"product-type-simple"},"acf":{"editorial":[{"ID":6158,"post_author":"3","post_date":"2022-07-28 17:46:08","post_date_gmt":"2022-07-28 15:46:08","post_content":"","post_title":"CLARET","post_excerpt":"","post_status":"publish","comment_status":"closed","ping_status":"closed","post_password":"","post_name":"claret","to_ping":"","pinged":"","post_modified":"2022-07-28 17:46:08","post_modified_gmt":"2022-07-28 15:46:08","post_content_filtered":"","post_parent":0,"guid":"http:\/\/dev.claret.cat\/editorial\/claret\/","menu_order":0,"post_type":"editorial","post_mime_type":"","comment_count":"0","filter":"raw"}],"autores-libros":[{"ID":355548,"post_author":"3","post_date":"2023-01-14 20:25:29","post_date_gmt":"2023-01-14 19:25:29","post_content":"","post_title":"JEAN-MARIE ROGER TILLARD","post_excerpt":"","post_status":"publish","comment_status":"closed","ping_status":"closed","post_password":"","post_name":"jean-marie-roger-tillard","to_ping":"","pinged":"","post_modified":"2023-01-14 20:25:29","post_modified_gmt":"2023-01-14 19:25:29","post_content_filtered":"","post_parent":0,"guid":"https:\/\/www.claret.cat\/autor\/jean-marie-roger-tillard\/","menu_order":0,"post_type":"autor","post_mime_type":"","comment_count":"0","filter":"raw"}],"autor":"ROGER TILLARD, JEAN-MARIE","codart":"848297562","libros-coleccion":"GLOSSA","ediciones":"1","encuadernacion":"R\u00fastica","fecha_de_publicacion":"01\/04\/2002","novedad":"0","paginas":"176","subtitulo":"COL\u00b7LOQUIS D'HIVERN AMB FRANCESCO STRAZZARI","orden":"999","portada":"0","idioma":"cat"},"aioseo_notices":[],"_links":{"self":[{"href":"https:\/\/www.claret.cat\/es\/wp-json\/wp\/v2\/product\/355549","targetHints":{"allow":["GET"]}}],"collection":[{"href":"https:\/\/www.claret.cat\/es\/wp-json\/wp\/v2\/product"}],"about":[{"href":"https:\/\/www.claret.cat\/es\/wp-json\/wp\/v2\/types\/product"}],"wp:featuredmedia":[{"embeddable":true,"href":"https:\/\/www.claret.cat\/es\/wp-json\/wp\/v2\/media\/355610"}],"wp:attachment":[{"href":"https:\/\/www.claret.cat\/es\/wp-json\/wp\/v2\/media?parent=355549"}],"wp:term":[{"taxonomy":"product_brand","embeddable":true,"href":"https:\/\/www.claret.cat\/es\/wp-json\/wp\/v2\/product_brand?post=355549"},{"taxonomy":"product_cat","embeddable":true,"href":"https:\/\/www.claret.cat\/es\/wp-json\/wp\/v2\/product_cat?post=355549"},{"taxonomy":"product_tag","embeddable":true,"href":"https:\/\/www.claret.cat\/es\/wp-json\/wp\/v2\/product_tag?post=355549"}],"curies":[{"name":"wp","href":"https:\/\/api.w.org\/{rel}","templated":true}]}}