{"id":355676,"date":"2023-01-14T21:01:03","date_gmt":"2023-01-14T20:01:03","guid":{"rendered":"https:\/\/www.claret.cat\/llibre\/deu-te-mes-dun-nom-cristianisme-9788482976419\/"},"modified":"2025-09-08T19:35:28","modified_gmt":"2025-09-08T17:35:28","slug":"deu-te-mes-dun-nom-cristianisme-9788482976419","status":"publish","type":"product","link":"https:\/\/www.claret.cat\/es\/libro\/deu-te-mes-dun-nom-cristianisme-9788482976419\/","title":{"rendered":"DEU TE MES D&#8217;UN NOM. CRISTIANISME"},"content":{"rendered":"<p>En els seus or\u00edgens, el cristianisme no va comen\u00e7ar essent una religi\u00f3, sin\u00f3 un estil de vida que prenia com a model i refer\u00e8ncia la persona de Jes\u00fas de Natzaret, el Crist.<br \/>Jes\u00fas ensenyava que la persona m\u00e9s religiosa no \u00e9s la que multiplica els gestos religiosos externs, sin\u00f3 la que t\u00e9 una actitud positiva en el seu cor: una actitud acollidora, oberta a D\u00e9u i a totes les persones, perqu\u00e8 tots s\u00f3n fills de D\u00e9u.<br \/>Al llarg dels segles, el cristianisme ha anat prenent les formes d&#8217;una religi\u00f3, per\u00f2 mai no ha deixat de considerar la persona de Jesucrist com el punt suprem de refer\u00e8ncia, l&#8217;\u00fanic que pot donar sentit a tot all\u00f2 que viu un cristi\u00e0.<br \/>Amb les paraules amb qu\u00e8 ho voldria fer entendre als seus fills, l&#8217;autora, mare de fam\u00edlia, explica all\u00f2 que els cristians s\u00f3n i volen ser, all\u00f2 que fan i volen fer.<\/p>\n","protected":false},"excerpt":{"rendered":"<p>VALLVERDU, MONTSERRAT<\/p>\n","protected":false},"featured_media":355769,"template":"","meta":{"_acf_changed":false,"om_disable_all_campaigns":false,"rs_blank_template":"","rs_page_bg_color":"","slide_template_v7":"","inline_featured_image":false,"_monsterinsights_skip_tracking":false,"_monsterinsights_sitenote_active":false,"_monsterinsights_sitenote_note":"","_monsterinsights_sitenote_category":0},"product_brand":[],"product_cat":[132,406,268,581,478,219,362,437,163],"product_tag":[],"class_list":{"0":"post-355676","1":"product","2":"type-product","3":"status-publish","4":"has-post-thumbnail","6":"product_cat-lectures-per-preadolescents-6-12-anys","7":"product_cat-adolescentes","8":"product_cat-adolescents","9":"product_cat-editorial-claret","10":"product_cat-infantil-catequesis-1_espiritualidad","11":"product_cat-infantil-catequesi","12":"product_cat-libros-preadolescentes-6-12-anos","13":"product_cat-valores-y-convivencia","14":"product_cat-valors-i-convivencia","16":"first","17":"instock","18":"taxable","19":"shipping-taxable","20":"purchasable","21":"product-type-simple"},"acf":{"editorial":[{"ID":6158,"post_author":"3","post_date":"2022-07-28 17:46:08","post_date_gmt":"2022-07-28 15:46:08","post_content":"","post_title":"CLARET","post_excerpt":"","post_status":"publish","comment_status":"closed","ping_status":"closed","post_password":"","post_name":"claret","to_ping":"","pinged":"","post_modified":"2022-07-28 17:46:08","post_modified_gmt":"2022-07-28 15:46:08","post_content_filtered":"","post_parent":0,"guid":"http:\/\/dev.claret.cat\/editorial\/claret\/","menu_order":0,"post_type":"editorial","post_mime_type":"","comment_count":"0","filter":"raw"}],"autores-libros":[{"ID":165451,"post_author":"3","post_date":"2022-10-14 17:55:17","post_date_gmt":"2022-10-14 15:55:17","post_content":"","post_title":"MONTSERRAT VALLVERDU","post_excerpt":"","post_status":"publish","comment_status":"closed","ping_status":"closed","post_password":"","post_name":"montserrat-vallverdu","to_ping":"","pinged":"","post_modified":"2022-10-14 17:55:17","post_modified_gmt":"2022-10-14 15:55:17","post_content_filtered":"","post_parent":0,"guid":"http:\/\/dev.claret.cat\/autor\/montserrat-vallverdu\/","menu_order":0,"post_type":"autor","post_mime_type":"","comment_count":"0","filter":"raw"}],"autor":"VALLVERDU, MONTSERRAT","codart":"848297641","libros-coleccion":"D\u00e9u t\u00e9 m\u00e9s d'un nom","ediciones":"1","encuadernacion":"Carton\u00e9","fecha_de_publicacion":"31\/10\/2003","novedad":"0","paginas":"32","subtitulo":"CRISTIANISME","orden":"999","portada":"0","idioma":"cat","booktrailer":"","resenas":""},"aioseo_notices":[],"_links":{"self":[{"href":"https:\/\/www.claret.cat\/es\/wp-json\/wp\/v2\/product\/355676","targetHints":{"allow":["GET"]}}],"collection":[{"href":"https:\/\/www.claret.cat\/es\/wp-json\/wp\/v2\/product"}],"about":[{"href":"https:\/\/www.claret.cat\/es\/wp-json\/wp\/v2\/types\/product"}],"wp:featuredmedia":[{"embeddable":true,"href":"https:\/\/www.claret.cat\/es\/wp-json\/wp\/v2\/media\/355769"}],"wp:attachment":[{"href":"https:\/\/www.claret.cat\/es\/wp-json\/wp\/v2\/media?parent=355676"}],"wp:term":[{"taxonomy":"product_brand","embeddable":true,"href":"https:\/\/www.claret.cat\/es\/wp-json\/wp\/v2\/product_brand?post=355676"},{"taxonomy":"product_cat","embeddable":true,"href":"https:\/\/www.claret.cat\/es\/wp-json\/wp\/v2\/product_cat?post=355676"},{"taxonomy":"product_tag","embeddable":true,"href":"https:\/\/www.claret.cat\/es\/wp-json\/wp\/v2\/product_tag?post=355676"}],"curies":[{"name":"wp","href":"https:\/\/api.w.org\/{rel}","templated":true}]}}