{"id":355794,"date":"2023-01-14T21:21:03","date_gmt":"2023-01-14T20:21:03","guid":{"rendered":"https:\/\/www.claret.cat\/llibre\/viure-lesperit-de-la-pasqua-9788482977522\/"},"modified":"2024-05-23T11:16:47","modified_gmt":"2024-05-23T09:16:47","slug":"viure-lesperit-de-la-pasqua-9788482977522","status":"publish","type":"product","link":"https:\/\/www.claret.cat\/es\/libro\/viure-lesperit-de-la-pasqua-9788482977522\/","title":{"rendered":"VIURE L&#8217;ESPERIT DE LA PASQUA"},"content":{"rendered":"<p>Anselm Gr\u00fcn ens mostra com viure la Quaresma amb una mirada de Pasqua.<br \/>Com podem viure l\u2019esperit de la Pasqua? Quins passos haur\u00edem de fer per preparar-nos per a la gran festa dels cristians?<br \/>Auest llibret \u00e9s una guia espiritual per al nostre cam\u00ed cap a la Pasqua; un cam\u00ed quaresmal per tornar a unir el nostre cor a D\u00e9u d\u2019una manera m\u00e9s conscient; per presentar a D\u00e9u les nostres ferides; per retrobar el cam\u00ed dret, seguint al qual puguem realitzar la imatge \u00fanica que D\u00e9u ha preparat per a nosaltres&#8230;<br \/>\u00c9s sens dubte  un bell ajut per acollir el misteri de la Passi\u00f3, del dolor que esdev\u00e9 vida nova, aut\u00e8ntica, ressuscitada.<\/p>\n","protected":false},"excerpt":{"rendered":"<p>GR\u00dcN, ANSELM<\/p>\n","protected":false},"featured_media":355795,"template":"","meta":{"_acf_changed":false,"om_disable_all_campaigns":false,"rs_blank_template":"","rs_page_bg_color":"","slide_template_v7":"","inline_featured_image":false,"_monsterinsights_skip_tracking":false,"_monsterinsights_sitenote_active":false,"_monsterinsights_sitenote_note":"","_monsterinsights_sitenote_category":0},"product_brand":[],"product_cat":[237,488,581,497,248,396,247,394,236],"product_tag":[],"class_list":{"0":"post-355794","1":"product","2":"type-product","3":"status-publish","4":"has-post-thumbnail","6":"product_cat-cami-de-perfeccionament","7":"product_cat-camino-de-perfeccionamiento","8":"product_cat-editorial-claret","9":"product_cat-meditaciones","10":"product_cat-meditacions","11":"product_cat-oracion","12":"product_cat-pregaria","13":"product_cat-vida-cotidiana","14":"product_cat-vida-quotidiana","16":"first","17":"instock","18":"taxable","19":"shipping-taxable","20":"purchasable","21":"product-type-simple"},"acf":{"editorial":[{"ID":6158,"post_author":"3","post_date":"2022-07-28 17:46:08","post_date_gmt":"2022-07-28 15:46:08","post_content":"","post_title":"CLARET","post_excerpt":"","post_status":"publish","comment_status":"closed","ping_status":"closed","post_password":"","post_name":"claret","to_ping":"","pinged":"","post_modified":"2022-07-28 17:46:08","post_modified_gmt":"2022-07-28 15:46:08","post_content_filtered":"","post_parent":0,"guid":"http:\/\/dev.claret.cat\/editorial\/claret\/","menu_order":0,"post_type":"editorial","post_mime_type":"","comment_count":"0","filter":"raw"}],"autores-libros":[{"ID":5522,"post_author":"3","post_date":"2022-07-28 17:25:48","post_date_gmt":"2022-07-28 15:25:48","post_content":"","post_title":"GR\u00dcN, ANSELM","post_excerpt":"","post_status":"publish","comment_status":"closed","ping_status":"closed","post_password":"","post_name":"grun-anselm","to_ping":"","pinged":"","post_modified":"2022-07-28 17:25:48","post_modified_gmt":"2022-07-28 15:25:48","post_content_filtered":"","post_parent":0,"guid":"http:\/\/dev.claret.cat\/autor\/grun-anselm\/","menu_order":0,"post_type":"autor","post_mime_type":"","comment_count":"0","filter":"raw"}],"autor":"GR\u00dcN, ANSELM","codart":"848297752","libros-coleccion":"El Bri","ediciones":"1","encuadernacion":"R\u00fastica","fecha_de_publicacion":"31\/01\/2005","novedad":"0","paginas":"42","subtitulo":"","orden":"999","portada":"0","idioma":"spa","traductores-libros":"","ilustradores-libros":"","formato":"","linkebook":"","precioebook":"","ebookportada":false,"ficha":"","muestra":"","presentacion":"","booktrailer":"","resenas":"","recomendamos":"","mas_vendido":""},"aioseo_notices":[],"_links":{"self":[{"href":"https:\/\/www.claret.cat\/es\/wp-json\/wp\/v2\/product\/355794","targetHints":{"allow":["GET"]}}],"collection":[{"href":"https:\/\/www.claret.cat\/es\/wp-json\/wp\/v2\/product"}],"about":[{"href":"https:\/\/www.claret.cat\/es\/wp-json\/wp\/v2\/types\/product"}],"wp:featuredmedia":[{"embeddable":true,"href":"https:\/\/www.claret.cat\/es\/wp-json\/wp\/v2\/media\/355795"}],"wp:attachment":[{"href":"https:\/\/www.claret.cat\/es\/wp-json\/wp\/v2\/media?parent=355794"}],"wp:term":[{"taxonomy":"product_brand","embeddable":true,"href":"https:\/\/www.claret.cat\/es\/wp-json\/wp\/v2\/product_brand?post=355794"},{"taxonomy":"product_cat","embeddable":true,"href":"https:\/\/www.claret.cat\/es\/wp-json\/wp\/v2\/product_cat?post=355794"},{"taxonomy":"product_tag","embeddable":true,"href":"https:\/\/www.claret.cat\/es\/wp-json\/wp\/v2\/product_tag?post=355794"}],"curies":[{"name":"wp","href":"https:\/\/api.w.org\/{rel}","templated":true}]}}