{"id":355841,"date":"2023-01-14T21:35:59","date_gmt":"2023-01-14T20:35:59","guid":{"rendered":"https:\/\/www.claret.cat\/llibre\/la-pregaria-virtual-9788482977744\/"},"modified":"2026-02-16T12:01:04","modified_gmt":"2026-02-16T11:01:04","slug":"la-pregaria-virtual-9788482977744","status":"publish","type":"product","link":"https:\/\/www.claret.cat\/es\/libro\/la-pregaria-virtual-9788482977744\/","title":{"rendered":"LA PREG\u00c0RIA VIRTUAL"},"content":{"rendered":"<p>&#8216;La Preg\u00e0ria virtual&#8217; \u00e9s una publicaci\u00f3 electr\u00f2nica que intenta ajudar a pregar des de la realitat de la nostra vida. Est\u00e0 orientada a joves i joves adults. Actualment la reben per correu electr\u00f2nic m\u00e9s de 1.500 persones.<br \/>&#8216;La Preg\u00e0ria virtual&#8217; per correu electr\u00f2nic consta de tres modalitats: preg\u00e0ries, que normalment porten alguna cita b\u00edblica; suports, que s\u00f3n consells per ajudar a pregar; ajudes, amb textos valuosos de la nostra tradici\u00f3 o enviats per les mateixes persones que la reben.<br \/>En aquest llibre tan sols hi ha preg\u00e0ries. Us en presentem 131 que han anat apareixent durant uns dos anys, aquelles que ha semblat que tenien una millor acollida i ajudaven m\u00e9s a l\u2019oraci\u00f3. Els receptors de la preg\u00e0ria per correu electr\u00f2nic, per\u00f2, reben tamb\u00e9 altres ajuts i suports.<\/p>\n","protected":false},"excerpt":{"rendered":"<p>RENAU I MAN\u00c9N, S.I., JES\u00daS<\/p>\n","protected":false},"featured_media":1005427,"template":"","meta":{"_acf_changed":false,"om_disable_all_campaigns":false,"rs_blank_template":"","rs_page_bg_color":"","slide_template_v7":"","inline_featured_image":false,"_monsterinsights_skip_tracking":false,"_monsterinsights_sitenote_active":false,"_monsterinsights_sitenote_note":"","_monsterinsights_sitenote_category":0},"product_brand":[],"product_cat":[581,345,79],"product_tag":[],"class_list":{"0":"post-355841","1":"product","2":"type-product","3":"status-publish","4":"has-post-thumbnail","6":"product_cat-editorial-claret","7":"product_cat-espiritualidad","8":"product_cat-espiritualitat","10":"first","11":"instock","12":"taxable","13":"shipping-taxable","14":"purchasable","15":"product-type-simple"},"acf":{"editorial":[{"ID":6158,"post_author":"3","post_date":"2022-07-28 17:46:08","post_date_gmt":"2022-07-28 15:46:08","post_content":"","post_title":"CLARET","post_excerpt":"","post_status":"publish","comment_status":"closed","ping_status":"closed","post_password":"","post_name":"claret","to_ping":"","pinged":"","post_modified":"2022-07-28 17:46:08","post_modified_gmt":"2022-07-28 15:46:08","post_content_filtered":"","post_parent":0,"guid":"http:\/\/dev.claret.cat\/editorial\/claret\/","menu_order":0,"post_type":"editorial","post_mime_type":"","comment_count":"0","filter":"raw"}],"autores-libros":[{"ID":5589,"post_author":"3","post_date":"2022-07-28 17:27:14","post_date_gmt":"2022-07-28 15:27:14","post_content":"","post_title":"JES\u00daS RENAU I MAN\u00c9N, S.I.","post_excerpt":"","post_status":"publish","comment_status":"closed","ping_status":"closed","post_password":"","post_name":"jesus-renau-i-manen-s-i","to_ping":"","pinged":"","post_modified":"2022-07-28 17:27:14","post_modified_gmt":"2022-07-28 15:27:14","post_content_filtered":"","post_parent":0,"guid":"http:\/\/dev.claret.cat\/autor\/jesus-renau-i-manen-s-i\/","menu_order":0,"post_type":"autor","post_mime_type":"","comment_count":"0","filter":"raw"}],"autor":"RENAU I MAN\u00c9N, S.I., JES\u00daS","codart":"848297774","libros-coleccion":"Comp\u00e0s","ediciones":"1","encuadernacion":"R\u00fastica","fecha_de_publicacion":"27\/09\/2005","novedad":"0","paginas":"170","subtitulo":"","orden":"999","portada":"0","idioma":"cat","booktrailer":"","resenas":""},"aioseo_notices":[],"_links":{"self":[{"href":"https:\/\/www.claret.cat\/es\/wp-json\/wp\/v2\/product\/355841","targetHints":{"allow":["GET"]}}],"collection":[{"href":"https:\/\/www.claret.cat\/es\/wp-json\/wp\/v2\/product"}],"about":[{"href":"https:\/\/www.claret.cat\/es\/wp-json\/wp\/v2\/types\/product"}],"wp:featuredmedia":[{"embeddable":true,"href":"https:\/\/www.claret.cat\/es\/wp-json\/wp\/v2\/media\/1005427"}],"wp:attachment":[{"href":"https:\/\/www.claret.cat\/es\/wp-json\/wp\/v2\/media?parent=355841"}],"wp:term":[{"taxonomy":"product_brand","embeddable":true,"href":"https:\/\/www.claret.cat\/es\/wp-json\/wp\/v2\/product_brand?post=355841"},{"taxonomy":"product_cat","embeddable":true,"href":"https:\/\/www.claret.cat\/es\/wp-json\/wp\/v2\/product_cat?post=355841"},{"taxonomy":"product_tag","embeddable":true,"href":"https:\/\/www.claret.cat\/es\/wp-json\/wp\/v2\/product_tag?post=355841"}],"curies":[{"name":"wp","href":"https:\/\/api.w.org\/{rel}","templated":true}]}}