{"id":355844,"date":"2023-01-14T21:36:07","date_gmt":"2023-01-14T20:36:07","guid":{"rendered":"https:\/\/www.claret.cat\/llibre\/pessigolles-nous-pessics-dhumor-i-saviesa-orientals-9788482977751\/"},"modified":"2024-07-04T16:05:51","modified_gmt":"2024-07-04T14:05:51","slug":"pessigolles-nous-pessics-dhumor-i-saviesa-orientals-9788482977751","status":"publish","type":"product","link":"https:\/\/www.claret.cat\/es\/libro\/pessigolles-nous-pessics-dhumor-i-saviesa-orientals-9788482977751\/","title":{"rendered":"PESSIGOLLES. NOUS PESSICS D&#8217;HUMOR I SAVIESA ORIENTALS"},"content":{"rendered":"<p>\u00c9s ben sabut que les pessigolles contenen dos elements: un d\u2019excitant i l\u2019altre gratificant. No tenen l\u2019agressivitat de les esgarrapades ni la suavitat de la moixaina. Produeixen una sensaci\u00f3 barreja de plaer i de desfici. S\u00f3n com l\u2019alegria posada a la pell. En demanen m\u00e9s, per\u00f2 massa, molesten\u2026 Doncs b\u00e9, aquestes voldrien ser les caracter\u00edstiques d\u2019aquest llibret.<br \/>La ra\u00f3 esmentada com l\u2019origen de Pessics \u2014ser una ter\u00e0pia sedant contra algunes not\u00edcies eclesi\u00e0stiques\u2014 continua v\u00e0lida i potenciada per a Pessigolles. Els temps no han canviat pas. Com va dir el qui fou arquebisbe de Tarragona, Dr. Torrella, mort ara fa un any, \u201cL\u2019Esgl\u00e9sia \u00e9s una nau que no naufragar\u00e0, per\u00f2 el que \u00e9s marejar, mareja&#8230;\u201d Cal prendre algun medicament antivertigin\u00f3s, no sigui cas que m\u00e9s endavant necessitem un antihistam\u00ednic.<br \/>En aquest cas, per\u00f2, s\u2019hi ha afegit un nou motiu. L\u2019autor es creu capa\u00e7 d\u2019esdevenir est\u00fapid per si mateix i no necessita l\u2019ajut d\u2019alguns programes humor\u00edstics televisius. O potser \u00e9s que la diversi\u00f3 \u00e9s com l\u2019asseguran\u00e7a: com m\u00e9s vell ets m\u00e9s et costa. Ha preferit, doncs, dedicar alguns vespres a preparar aquest llibre. Si m\u00e9s no, li ha resultat m\u00e9s gratificant, a m\u00e9s d\u2019estalviar-se moltes paraulotes i d\u2019evitar que li malmetin el poc catal\u00e0 que sap.<br \/>Rec\u00f3rrer al cam\u00ed de l\u2019humor no vol dir agafar la ruta de l\u2019evasi\u00f3. Al contrari, el perill el tenim en el fet que ens hem tornat massa seriosos, i aquest \u00e9s el primer pas per ser avorrits.<br \/>La gent que mai no riu no \u00e9s gent seriosa.<\/p>\n","protected":false},"excerpt":{"rendered":"<p>ARAGONES<\/p>\n","protected":false},"featured_media":973358,"template":"","meta":{"_acf_changed":false,"om_disable_all_campaigns":false,"rs_blank_template":"","rs_page_bg_color":"","slide_template_v7":"","inline_featured_image":false,"_monsterinsights_skip_tracking":false,"_monsterinsights_sitenote_active":false,"_monsterinsights_sitenote_note":"","_monsterinsights_sitenote_category":0},"product_brand":[],"product_cat":[581,566,117,353,87,344,78],"product_tag":[],"class_list":{"0":"post-355844","1":"product","2":"type-product","3":"status-publish","4":"has-post-thumbnail","6":"product_cat-editorial-claret","7":"product_cat-juvenil-3_infantil-juvenil-spa-spa","8":"product_cat-juvenil","9":"product_cat-literatura-2_humanidades","10":"product_cat-literatura","11":"product_cat-pastoral-1_espiritualidad","12":"product_cat-pastoral","14":"first","15":"outofstock","16":"taxable","17":"shipping-taxable","18":"purchasable","19":"product-type-simple"},"acf":{"editorial":[{"ID":6158,"post_author":"3","post_date":"2022-07-28 17:46:08","post_date_gmt":"2022-07-28 15:46:08","post_content":"","post_title":"CLARET","post_excerpt":"","post_status":"publish","comment_status":"closed","ping_status":"closed","post_password":"","post_name":"claret","to_ping":"","pinged":"","post_modified":"2022-07-28 17:46:08","post_modified_gmt":"2022-07-28 15:46:08","post_content_filtered":"","post_parent":0,"guid":"http:\/\/dev.claret.cat\/editorial\/claret\/","menu_order":0,"post_type":"editorial","post_mime_type":"","comment_count":"0","filter":"raw"}],"autores-libros":[{"ID":355563,"post_author":"3","post_date":"2023-01-14 20:35:26","post_date_gmt":"2023-01-14 19:35:26","post_content":"","post_title":"JOAN ARAGON\u00e8S LLEBARIA","post_excerpt":"","post_status":"publish","comment_status":"closed","ping_status":"closed","post_password":"","post_name":"joan-aragones-llebaria","to_ping":"","pinged":"","post_modified":"2023-01-14 20:35:26","post_modified_gmt":"2023-01-14 19:35:26","post_content_filtered":"","post_parent":0,"guid":"https:\/\/www.claret.cat\/autor\/joan-aragones-llebaria\/","menu_order":0,"post_type":"autor","post_mime_type":"","comment_count":"0","filter":"raw"}],"autor":"ARAGONES","codart":"848297775","libros-coleccion":"","ediciones":"1","encuadernacion":"R\u00fastica","fecha_de_publicacion":"07\/04\/2005","novedad":"0","paginas":"119","subtitulo":"NOUS PESSICS D'HUMOR I SAVIESA ORIENTALS","orden":"999","portada":"0","idioma":"cat"},"aioseo_notices":[],"_links":{"self":[{"href":"https:\/\/www.claret.cat\/es\/wp-json\/wp\/v2\/product\/355844","targetHints":{"allow":["GET"]}}],"collection":[{"href":"https:\/\/www.claret.cat\/es\/wp-json\/wp\/v2\/product"}],"about":[{"href":"https:\/\/www.claret.cat\/es\/wp-json\/wp\/v2\/types\/product"}],"wp:featuredmedia":[{"embeddable":true,"href":"https:\/\/www.claret.cat\/es\/wp-json\/wp\/v2\/media\/973358"}],"wp:attachment":[{"href":"https:\/\/www.claret.cat\/es\/wp-json\/wp\/v2\/media?parent=355844"}],"wp:term":[{"taxonomy":"product_brand","embeddable":true,"href":"https:\/\/www.claret.cat\/es\/wp-json\/wp\/v2\/product_brand?post=355844"},{"taxonomy":"product_cat","embeddable":true,"href":"https:\/\/www.claret.cat\/es\/wp-json\/wp\/v2\/product_cat?post=355844"},{"taxonomy":"product_tag","embeddable":true,"href":"https:\/\/www.claret.cat\/es\/wp-json\/wp\/v2\/product_tag?post=355844"}],"curies":[{"name":"wp","href":"https:\/\/api.w.org\/{rel}","templated":true}]}}