{"id":355936,"date":"2023-01-14T21:54:41","date_gmt":"2023-01-14T20:54:41","guid":{"rendered":"https:\/\/www.claret.cat\/llibre\/amor-9788482978260\/"},"modified":"2023-10-26T14:59:40","modified_gmt":"2023-10-26T12:59:40","slug":"amor-9788482978260","status":"publish","type":"product","link":"https:\/\/www.claret.cat\/es\/libro\/amor-9788482978260\/","title":{"rendered":"AMOR"},"content":{"rendered":"<p>Aquest llibret forma part de una petita col\u00b7lecci\u00f3 anomenada \u00abImpulsos b\u00edblics\u00bb: Amor, Agra\u00efment, Consol, Encoratjament i Pau. Aquests impulsos s\u00f3n citacions b\u00edbliques acompanyades de fotografies que ajuden a interioritzar els textos. La bona acollida que han tingut aquests llibrets, ha portat a fer el recull dels impulsos b\u00edblics per a viure i compartir l&#8217;amor.<\/p>\n","protected":false},"excerpt":{"rendered":"<p>RICART<\/p>\n","protected":false},"featured_media":355937,"template":"","meta":{"_acf_changed":false,"om_disable_all_campaigns":false,"rs_blank_template":"","rs_page_bg_color":"","slide_template_v7":"","inline_featured_image":false,"_monsterinsights_skip_tracking":false,"_monsterinsights_sitenote_active":false,"_monsterinsights_sitenote_note":"","_monsterinsights_sitenote_category":0},"product_brand":[],"product_cat":[237,488,581,523,299,497,248,394,236],"product_tag":[],"class_list":{"0":"post-355936","1":"product","2":"type-product","3":"status-publish","4":"has-post-thumbnail","6":"product_cat-cami-de-perfeccionament","7":"product_cat-camino-de-perfeccionamiento","8":"product_cat-editorial-claret","9":"product_cat-laicos-y-testimonios","10":"product_cat-laics-i-testimonis","11":"product_cat-meditaciones","12":"product_cat-meditacions","13":"product_cat-vida-cotidiana","14":"product_cat-vida-quotidiana","16":"first","17":"instock","18":"taxable","19":"shipping-taxable","20":"purchasable","21":"product-type-simple"},"acf":{"editorial":[{"ID":6158,"post_author":"3","post_date":"2022-07-28 17:46:08","post_date_gmt":"2022-07-28 15:46:08","post_content":"","post_title":"CLARET","post_excerpt":"","post_status":"publish","comment_status":"closed","ping_status":"closed","post_password":"","post_name":"claret","to_ping":"","pinged":"","post_modified":"2022-07-28 17:46:08","post_modified_gmt":"2022-07-28 15:46:08","post_content_filtered":"","post_parent":0,"guid":"http:\/\/dev.claret.cat\/editorial\/claret\/","menu_order":0,"post_type":"editorial","post_mime_type":"","comment_count":"0","filter":"raw"}],"autores-libros":[{"ID":355935,"post_author":"3","post_date":"2023-01-14 21:54:37","post_date_gmt":"2023-01-14 20:54:37","post_content":"","post_title":"RICART","post_excerpt":"","post_status":"publish","comment_status":"closed","ping_status":"closed","post_password":"","post_name":"ricart","to_ping":"","pinged":"","post_modified":"2023-01-14 21:54:37","post_modified_gmt":"2023-01-14 20:54:37","post_content_filtered":"","post_parent":0,"guid":"https:\/\/www.claret.cat\/autor\/ricart\/","menu_order":0,"post_type":"autor","post_mime_type":"","comment_count":"0","filter":"raw"},{"ID":355934,"post_author":"3","post_date":"2023-01-14 21:54:35","post_date_gmt":"2023-01-14 20:54:35","post_content":"","post_title":"IGNASI","post_excerpt":"","post_status":"publish","comment_status":"closed","ping_status":"closed","post_password":"","post_name":"ignasi","to_ping":"","pinged":"","post_modified":"2023-01-14 21:54:35","post_modified_gmt":"2023-01-14 20:54:35","post_content_filtered":"","post_parent":0,"guid":"https:\/\/www.claret.cat\/autor\/ignasi\/","menu_order":0,"post_type":"autor","post_mime_type":"","comment_count":"0","filter":"raw"}],"autor":"RICART","codart":"848297826","libros-coleccion":"Impulsos b\u00edblics","ediciones":"2","encuadernacion":"Grapado","fecha_de_publicacion":"06\/06\/2008","novedad":"0","paginas":"14","subtitulo":"","orden":"1","portada":"0","idioma":"cat"},"aioseo_notices":[],"_links":{"self":[{"href":"https:\/\/www.claret.cat\/es\/wp-json\/wp\/v2\/product\/355936","targetHints":{"allow":["GET"]}}],"collection":[{"href":"https:\/\/www.claret.cat\/es\/wp-json\/wp\/v2\/product"}],"about":[{"href":"https:\/\/www.claret.cat\/es\/wp-json\/wp\/v2\/types\/product"}],"wp:featuredmedia":[{"embeddable":true,"href":"https:\/\/www.claret.cat\/es\/wp-json\/wp\/v2\/media\/355937"}],"wp:attachment":[{"href":"https:\/\/www.claret.cat\/es\/wp-json\/wp\/v2\/media?parent=355936"}],"wp:term":[{"taxonomy":"product_brand","embeddable":true,"href":"https:\/\/www.claret.cat\/es\/wp-json\/wp\/v2\/product_brand?post=355936"},{"taxonomy":"product_cat","embeddable":true,"href":"https:\/\/www.claret.cat\/es\/wp-json\/wp\/v2\/product_cat?post=355936"},{"taxonomy":"product_tag","embeddable":true,"href":"https:\/\/www.claret.cat\/es\/wp-json\/wp\/v2\/product_tag?post=355936"}],"curies":[{"name":"wp","href":"https:\/\/api.w.org\/{rel}","templated":true}]}}