{"id":355971,"date":"2023-01-14T22:00:25","date_gmt":"2023-01-14T21:00:25","guid":{"rendered":"https:\/\/www.claret.cat\/llibre\/levantate-y-anda-9788482977850\/"},"modified":"2024-05-23T11:13:26","modified_gmt":"2024-05-23T09:13:26","slug":"levantate-y-anda-9788482977850","status":"publish","type":"product","link":"https:\/\/www.claret.cat\/es\/libro\/levantate-y-anda-9788482977850\/","title":{"rendered":"LEV\u00c1NTATE Y ANDA"},"content":{"rendered":"<p>El objetivo de este libro es ayudarnos a recuperar la esperanza y las ganas de vivir, sabiendo que no estamos solos, sino que hay Alguien que siempre nos tiende su mano. Se trata de estar atentos a la voz que nos habla desde el fondo del coraz\u00f3n y tambi\u00e9n a trav\u00e9s de las reflexiones de una persona amiga o de un buen libro como \u00e9ste.<br \/>La vida nos impone un desgaste. Y, a veces, nos sentimos desani\u00admados, como si nuestro \u00e1nimo estuviera por los suelos y nos costase levantarnos y reemprender la marcha. En momentos as\u00ed, es muy necesario hacer un silencio interior para escuchar la voz de aqu\u00e9l que nos dice: \u00abNo te quedes abatido y entristecido. \u00a1Lev\u00e1ntate!, que yo te doy la fuerza para seguir adelante (Marcos 2,11) y para rehacer tu vida. \u00a1Adelante! \u00a1Camina! \u00a1Sigue luchando!\u00bb.<\/p>\n","protected":false},"excerpt":{"rendered":"<p>ARMENGOL I BERNILS, Llu\u00eds<\/p>\n","protected":false},"featured_media":0,"template":"","meta":{"_acf_changed":false,"om_disable_all_campaigns":false,"rs_blank_template":"","rs_page_bg_color":"","slide_template_v7":"","inline_featured_image":false,"_monsterinsights_skip_tracking":false,"_monsterinsights_sitenote_active":false,"_monsterinsights_sitenote_note":"","_monsterinsights_sitenote_category":0},"product_brand":[],"product_cat":[581,523,299,497,248,344,78,394,236],"product_tag":[],"class_list":{"0":"post-355971","1":"product","2":"type-product","3":"status-publish","5":"product_cat-editorial-claret","6":"product_cat-laicos-y-testimonios","7":"product_cat-laics-i-testimonis","8":"product_cat-meditaciones","9":"product_cat-meditacions","10":"product_cat-pastoral-1_espiritualidad","11":"product_cat-pastoral","12":"product_cat-vida-cotidiana","13":"product_cat-vida-quotidiana","15":"first","16":"instock","17":"taxable","18":"shipping-taxable","19":"purchasable","20":"product-type-simple"},"acf":{"editorial":[{"ID":6158,"post_author":"3","post_date":"2022-07-28 17:46:08","post_date_gmt":"2022-07-28 15:46:08","post_content":"","post_title":"CLARET","post_excerpt":"","post_status":"publish","comment_status":"closed","ping_status":"closed","post_password":"","post_name":"claret","to_ping":"","pinged":"","post_modified":"2022-07-28 17:46:08","post_modified_gmt":"2022-07-28 15:46:08","post_content_filtered":"","post_parent":0,"guid":"http:\/\/dev.claret.cat\/editorial\/claret\/","menu_order":0,"post_type":"editorial","post_mime_type":"","comment_count":"0","filter":"raw"}],"autores-libros":[{"ID":162328,"post_author":"3","post_date":"2022-10-14 17:30:09","post_date_gmt":"2022-10-14 15:30:09","post_content":"","post_title":"LLU\u00cdS ARMENGOL I BERNILS","post_excerpt":"","post_status":"publish","comment_status":"closed","ping_status":"closed","post_password":"","post_name":"lluis-armengol-i-bernils","to_ping":"","pinged":"","post_modified":"2022-10-14 17:30:09","post_modified_gmt":"2022-10-14 15:30:09","post_content_filtered":"","post_parent":0,"guid":"http:\/\/dev.claret.cat\/autor\/lluis-armengol-i-bernils\/","menu_order":0,"post_type":"autor","post_mime_type":"","comment_count":"0","filter":"raw"}],"autor":"ARMENGOL I BERNILS, Llu\u00eds","codart":"848297785","libros-coleccion":"PUNTO DE ENCUENTRO","ediciones":"1","encuadernacion":"R\u00fastica","fecha_de_publicacion":"05\/03\/2007","novedad":"0","paginas":"234","subtitulo":"REFLEXIONES OBRE LA VIDA COTIDIANA","orden":"1","portada":"0","idioma":"spa"},"aioseo_notices":[],"_links":{"self":[{"href":"https:\/\/www.claret.cat\/es\/wp-json\/wp\/v2\/product\/355971","targetHints":{"allow":["GET"]}}],"collection":[{"href":"https:\/\/www.claret.cat\/es\/wp-json\/wp\/v2\/product"}],"about":[{"href":"https:\/\/www.claret.cat\/es\/wp-json\/wp\/v2\/types\/product"}],"wp:attachment":[{"href":"https:\/\/www.claret.cat\/es\/wp-json\/wp\/v2\/media?parent=355971"}],"wp:term":[{"taxonomy":"product_brand","embeddable":true,"href":"https:\/\/www.claret.cat\/es\/wp-json\/wp\/v2\/product_brand?post=355971"},{"taxonomy":"product_cat","embeddable":true,"href":"https:\/\/www.claret.cat\/es\/wp-json\/wp\/v2\/product_cat?post=355971"},{"taxonomy":"product_tag","embeddable":true,"href":"https:\/\/www.claret.cat\/es\/wp-json\/wp\/v2\/product_tag?post=355971"}],"curies":[{"name":"wp","href":"https:\/\/api.w.org\/{rel}","templated":true}]}}