{"id":355975,"date":"2023-01-14T22:05:24","date_gmt":"2023-01-14T21:05:24","guid":{"rendered":"https:\/\/www.claret.cat\/llibre\/que-deia-i-que-feia-jesus-9788482978239\/"},"modified":"2024-05-23T11:07:53","modified_gmt":"2024-05-23T09:07:53","slug":"que-deia-i-que-feia-jesus-9788482978239","status":"publish","type":"product","link":"https:\/\/www.claret.cat\/es\/libro\/que-deia-i-que-feia-jesus-9788482978239\/","title":{"rendered":"QU\u00c9 DEIA I QU\u00c8 FEIA JES\u00daS"},"content":{"rendered":"<p>Aquest llibre ha estat pensat per a explicar-lo als m\u00e9s petits; vol ajudar els pares i educadors a parlar de Jes\u00fas als infants, per tal que, d&#8217;una manera natural, entri a formar part de la seva vida quotidiana.<br \/>El text diu all\u00f2 essencial de l&#8217;evangeli i deixa que el lector comenti amb tota llibertat aquestes il\u00b7lustracions plenes de vida i de tendresa.<\/p>\n","protected":false},"excerpt":{"rendered":"<p>RICART F\u00c0BREGAS, IGNASI; RIUS CAMPS, MARIA<\/p>\n","protected":false},"featured_media":0,"template":"","meta":{"_acf_changed":false,"om_disable_all_campaigns":false,"rs_blank_template":"","rs_page_bg_color":"","slide_template_v7":"","inline_featured_image":false,"_monsterinsights_skip_tracking":false,"_monsterinsights_sitenote_active":false,"_monsterinsights_sitenote_note":"","_monsterinsights_sitenote_category":0},"product_brand":[],"product_cat":[131,361,581,405,478,219,267],"product_tag":[],"class_list":{"0":"post-355975","1":"product","2":"type-product","3":"status-publish","5":"product_cat-contes-per-infants-0-6-anys","6":"product_cat-cuentos-para-ninos-0-6-anos","7":"product_cat-editorial-claret","8":"product_cat-infantil-pastoral-1_espiritualidad","9":"product_cat-infantil-catequesis-1_espiritualidad","10":"product_cat-infantil-catequesi","11":"product_cat-infantil-pastoral","13":"first","14":"outofstock","15":"taxable","16":"shipping-taxable","17":"purchasable","18":"product-type-simple"},"acf":{"editorial":[{"ID":6158,"post_author":"3","post_date":"2022-07-28 17:46:08","post_date_gmt":"2022-07-28 15:46:08","post_content":"","post_title":"CLARET","post_excerpt":"","post_status":"publish","comment_status":"closed","ping_status":"closed","post_password":"","post_name":"claret","to_ping":"","pinged":"","post_modified":"2022-07-28 17:46:08","post_modified_gmt":"2022-07-28 15:46:08","post_content_filtered":"","post_parent":0,"guid":"http:\/\/dev.claret.cat\/editorial\/claret\/","menu_order":0,"post_type":"editorial","post_mime_type":"","comment_count":"0","filter":"raw"}],"autores-libros":[{"ID":314260,"post_author":"3","post_date":"2022-12-29 11:35:54","post_date_gmt":"2022-12-29 10:35:54","post_content":"","post_title":"IGNASI RICART F\u00c0BREGAS","post_excerpt":"","post_status":"publish","comment_status":"closed","ping_status":"closed","post_password":"","post_name":"ignasi-ricart-fabregas","to_ping":"","pinged":"","post_modified":"2022-12-29 11:35:54","post_modified_gmt":"2022-12-29 10:35:54","post_content_filtered":"","post_parent":0,"guid":"https:\/\/www.claret.cat\/autor\/ignasi-ricart-fabregas\/","menu_order":0,"post_type":"autor","post_mime_type":"","comment_count":"0","filter":"raw"},{"ID":269144,"post_author":"3","post_date":"2022-12-01 18:41:56","post_date_gmt":"2022-12-01 17:41:56","post_content":"","post_title":"MARIA RIUS CAMPS","post_excerpt":"","post_status":"publish","comment_status":"closed","ping_status":"closed","post_password":"","post_name":"maria-rius-camps","to_ping":"","pinged":"","post_modified":"2022-12-01 18:41:56","post_modified_gmt":"2022-12-01 17:41:56","post_content_filtered":"","post_parent":0,"guid":"http:\/\/dev.claret.cat\/autor\/maria-rius-camps\/","menu_order":0,"post_type":"autor","post_mime_type":"","comment_count":"0","filter":"raw"}],"autor":"RICART F\u00c0BREGAS, IGNASI; RIUS CAMPS, MARIA","codart":"848297823","libros-coleccion":"","ediciones":"1","encuadernacion":"R\u00fastica","fecha_de_publicacion":"12\/04\/2005","novedad":"0","paginas":"63","subtitulo":"","orden":"999","portada":"0","idioma":"cat"},"aioseo_notices":[],"_links":{"self":[{"href":"https:\/\/www.claret.cat\/es\/wp-json\/wp\/v2\/product\/355975","targetHints":{"allow":["GET"]}}],"collection":[{"href":"https:\/\/www.claret.cat\/es\/wp-json\/wp\/v2\/product"}],"about":[{"href":"https:\/\/www.claret.cat\/es\/wp-json\/wp\/v2\/types\/product"}],"wp:attachment":[{"href":"https:\/\/www.claret.cat\/es\/wp-json\/wp\/v2\/media?parent=355975"}],"wp:term":[{"taxonomy":"product_brand","embeddable":true,"href":"https:\/\/www.claret.cat\/es\/wp-json\/wp\/v2\/product_brand?post=355975"},{"taxonomy":"product_cat","embeddable":true,"href":"https:\/\/www.claret.cat\/es\/wp-json\/wp\/v2\/product_cat?post=355975"},{"taxonomy":"product_tag","embeddable":true,"href":"https:\/\/www.claret.cat\/es\/wp-json\/wp\/v2\/product_tag?post=355975"}],"curies":[{"name":"wp","href":"https:\/\/api.w.org\/{rel}","templated":true}]}}