{"id":356036,"date":"2023-01-14T22:20:23","date_gmt":"2023-01-14T21:20:23","guid":{"rendered":"https:\/\/www.claret.cat\/llibre\/lastronomia-en-la-seva-historia-9788482978673\/"},"modified":"2024-05-23T11:02:19","modified_gmt":"2024-05-23T09:02:19","slug":"lastronomia-en-la-seva-historia-9788482978673","status":"publish","type":"product","link":"https:\/\/www.claret.cat\/es\/libro\/lastronomia-en-la-seva-historia-9788482978673\/","title":{"rendered":"L&#8217;ASTRONOMIA EN LA SEVA HIST\u00d2RIA"},"content":{"rendered":"<p>Aquest nou volum de &#8216;Cultura i Pensament&#8217; s&#8217;ha escrit amb \u00e0nim de completar en certs aspectes el que ja s&#8217;havia dit en els dos volums dedicats als astres i a l&#8217;astrof\u00edsica (n. 12 i 14 de la Col\u00b7lecci\u00f3). Hi afegeix la hist\u00f2ria dels cient\u00edfics que s&#8217;han dedicat a escatir com \u00e9s el curs deIs astres i la seva constituci\u00f3, des de la prehist\u00f2ria fins a l&#8217;obtenci\u00f3 dels coneixements actuals. S&#8217;ha dit que la Hist\u00f2ria \u00e9s la m\u00e9s humana de totes les ci\u00e8ncies en el sentit que ens apropa vitalment als seus protagonistes. I aixo \u00e9s el que hem volgut fer ara en aquest nou llibre. Era, \u00e9s clar, superior a les nostres forces exposar detalladament la biografia de tots els astronoms que han deixat empremta. Per aix\u00f2 hem d&#8217;advertir al lector que no ha estat tan ambici\u00f3s el nostre prop\u00f2sit. El que ens hem proposat \u00e9s senzillament mostrar com ha estat la labor dels m\u00e9s coneguts i esfor\u00e7ats que han dedicat la vida a aquesta ci\u00e8ncia.<\/p>\n","protected":false},"excerpt":{"rendered":"<p>NICOLAU I POUS,FRANCESC<\/p>\n","protected":false},"featured_media":356048,"template":"","meta":{"_acf_changed":false,"om_disable_all_campaigns":false,"rs_blank_template":"","rs_page_bg_color":"","slide_template_v7":"","inline_featured_image":false,"_monsterinsights_skip_tracking":false,"_monsterinsights_sitenote_active":false,"_monsterinsights_sitenote_note":"","_monsterinsights_sitenote_category":0},"product_brand":[],"product_cat":[169,440,451,186],"product_tag":[],"class_list":{"0":"post-356036","1":"product","2":"type-product","3":"status-publish","4":"has-post-thumbnail","6":"product_cat-de-la-ciencia","7":"product_cat-de-la-ciencia-filosofia-2_humanidades","8":"product_cat-estudios-e-investigacion-pedagogia-2_humanidades","9":"product_cat-estudis-i-investigacio-pedagogia-2_humanitats","11":"first","12":"instock","13":"taxable","14":"shipping-taxable","15":"purchasable","16":"product-type-simple"},"acf":{"autores-libros":[{"ID":356035,"post_author":"3","post_date":"2023-01-14 22:20:21","post_date_gmt":"2023-01-14 21:20:21","post_content":"","post_title":"FRANCESC NICOLAU","post_excerpt":"","post_status":"publish","comment_status":"closed","ping_status":"closed","post_password":"","post_name":"francesc-nicolau","to_ping":"","pinged":"","post_modified":"2023-01-14 22:20:21","post_modified_gmt":"2023-01-14 21:20:21","post_content_filtered":"","post_parent":0,"guid":"https:\/\/www.claret.cat\/autor\/francesc-nicolau\/","menu_order":0,"post_type":"autor","post_mime_type":"","comment_count":"0","filter":"raw"}],"autor":"NICOLAU I POUS,FRANCESC","codart":"848297867","libros-coleccion":"Cultura i Pensament","ediciones":"1","encuadernacion":"R\u00fastica","fecha_de_publicacion":"28\/11\/2005","novedad":"0","paginas":"272","subtitulo":"","orden":"999","portada":"0","idioma":"cat","editorial":[{"ID":356047,"post_author":"3","post_date":"2023-01-14 22:30:01","post_date_gmt":"2023-01-14 21:30:01","post_content":"","post_title":"ETNOS LIBROS","post_excerpt":"","post_status":"publish","comment_status":"closed","ping_status":"closed","post_password":"","post_name":"etnos-libros","to_ping":"","pinged":"","post_modified":"2023-01-14 22:30:01","post_modified_gmt":"2023-01-14 21:30:01","post_content_filtered":"","post_parent":0,"guid":"https:\/\/www.claret.cat\/editorial\/etnos-libros\/","menu_order":0,"post_type":"editorial","post_mime_type":"","comment_count":"0","filter":"raw"}]},"aioseo_notices":[],"_links":{"self":[{"href":"https:\/\/www.claret.cat\/es\/wp-json\/wp\/v2\/product\/356036","targetHints":{"allow":["GET"]}}],"collection":[{"href":"https:\/\/www.claret.cat\/es\/wp-json\/wp\/v2\/product"}],"about":[{"href":"https:\/\/www.claret.cat\/es\/wp-json\/wp\/v2\/types\/product"}],"wp:featuredmedia":[{"embeddable":true,"href":"https:\/\/www.claret.cat\/es\/wp-json\/wp\/v2\/media\/356048"}],"wp:attachment":[{"href":"https:\/\/www.claret.cat\/es\/wp-json\/wp\/v2\/media?parent=356036"}],"wp:term":[{"taxonomy":"product_brand","embeddable":true,"href":"https:\/\/www.claret.cat\/es\/wp-json\/wp\/v2\/product_brand?post=356036"},{"taxonomy":"product_cat","embeddable":true,"href":"https:\/\/www.claret.cat\/es\/wp-json\/wp\/v2\/product_cat?post=356036"},{"taxonomy":"product_tag","embeddable":true,"href":"https:\/\/www.claret.cat\/es\/wp-json\/wp\/v2\/product_tag?post=356036"}],"curies":[{"name":"wp","href":"https:\/\/api.w.org\/{rel}","templated":true}]}}