{"id":356097,"date":"2023-01-14T22:40:32","date_gmt":"2023-01-14T21:40:32","guid":{"rendered":"https:\/\/www.claret.cat\/llibre\/mulhacen-tutoria-4-eso-9788482978857\/"},"modified":"2024-05-23T11:01:41","modified_gmt":"2024-05-23T09:01:41","slug":"mulhacen-tutoria-4-eso-9788482978857","status":"publish","type":"product","link":"https:\/\/www.claret.cat\/es\/libro\/mulhacen-tutoria-4-eso-9788482978857\/","title":{"rendered":"MULHAC\u00c9N &#8211; TUTORIA 4 ESO"},"content":{"rendered":"<p>Editorial Claret presenta su Proyecto de Acci\u00f3n Tutorial para la Educaci\u00f3n Secundaria Obligatoria (ESO) y Bachillerato. Este Proyecto ha sido dise\u00f1ado y redactado por un grupo de profesionales que, desde diversos \u00e1mbitos de la educaci\u00f3n \u2013pedagog\u00eda, psicolog\u00eda, orientaci\u00f3n\u2013 trabajan en distintos aspectos de la tutor\u00eda.<br \/>Los libros del Proyecto \u201cNos educamos, nos hacemos personas\u201d se han organizado en distintos \u00e1mbitos para cada una de las etapas educativas.<br \/>Los \u00e1mbitos correspondientes a ESO son:<br \/>\u2022 \u00c1mbito \u201cAcad\u00e9mico\u201d.<br \/>\u2022 \u00c1mbito \u201cC\u00f3mo soy y c\u00f3mo me relaciono\u201d.<br \/>\u2022 \u00c1mbito \u201cHablemos de valores\u201d.<\/p>\n","protected":false},"excerpt":{"rendered":"<p>LLASTARRI CARBONELL, JORD<\/p>\n","protected":false},"featured_media":356098,"template":"","meta":{"_acf_changed":false,"om_disable_all_campaigns":false,"rs_blank_template":"","rs_page_bg_color":"","slide_template_v7":"","inline_featured_image":false,"_monsterinsights_skip_tracking":false,"_monsterinsights_sitenote_active":false,"_monsterinsights_sitenote_note":"","_monsterinsights_sitenote_category":0},"product_brand":[],"product_cat":[90,581,540],"product_tag":[],"class_list":{"0":"post-356097","1":"product","2":"type-product","3":"status-publish","4":"has-post-thumbnail","6":"product_cat-altres","7":"product_cat-editorial-claret","8":"product_cat-otros","10":"first","11":"instock","12":"taxable","13":"shipping-taxable","14":"purchasable","15":"product-type-simple"},"acf":{"editorial":[{"ID":6158,"post_author":"3","post_date":"2022-07-28 17:46:08","post_date_gmt":"2022-07-28 15:46:08","post_content":"","post_title":"CLARET","post_excerpt":"","post_status":"publish","comment_status":"closed","ping_status":"closed","post_password":"","post_name":"claret","to_ping":"","pinged":"","post_modified":"2022-07-28 17:46:08","post_modified_gmt":"2022-07-28 15:46:08","post_content_filtered":"","post_parent":0,"guid":"http:\/\/dev.claret.cat\/editorial\/claret\/","menu_order":0,"post_type":"editorial","post_mime_type":"","comment_count":"0","filter":"raw"}],"autores-libros":[{"ID":284145,"post_author":"3","post_date":"2022-12-10 02:04:09","post_date_gmt":"2022-12-10 01:04:09","post_content":"","post_title":"ET ALTRI","post_excerpt":"","post_status":"publish","comment_status":"closed","ping_status":"closed","post_password":"","post_name":"et-altri","to_ping":"","pinged":"","post_modified":"2022-12-10 02:04:09","post_modified_gmt":"2022-12-10 01:04:09","post_content_filtered":"","post_parent":0,"guid":"http:\/\/dev.claret.cat\/autor\/et-altri\/","menu_order":0,"post_type":"autor","post_mime_type":"","comment_count":"0","filter":"raw"},{"ID":356093,"post_author":"3","post_date":"2023-01-14 22:40:19","post_date_gmt":"2023-01-14 21:40:19","post_content":"","post_title":"JORDI (coord) LLASTARRI CARBONELL","post_excerpt":"","post_status":"publish","comment_status":"closed","ping_status":"closed","post_password":"","post_name":"jordi-coord-llastarri-carbonell","to_ping":"","pinged":"","post_modified":"2023-01-14 22:40:19","post_modified_gmt":"2023-01-14 21:40:19","post_content_filtered":"","post_parent":0,"guid":"https:\/\/www.claret.cat\/autor\/jordi-coord-llastarri-carbonell\/","menu_order":0,"post_type":"autor","post_mime_type":"","comment_count":"0","filter":"raw"}],"autor":"LLASTARRI CARBONELL, JORD","codart":"848297885","libros-coleccion":"Nos educamos, nos hacemos personas","ediciones":"1","encuadernacion":"R\u00fastica","fecha_de_publicacion":"03\/04\/2006","novedad":"0","paginas":"149","subtitulo":"TUTOR\u00cdA ESO. 4\u00ba CURSO","orden":"999","portada":"0","idioma":"spa"},"aioseo_notices":[],"_links":{"self":[{"href":"https:\/\/www.claret.cat\/es\/wp-json\/wp\/v2\/product\/356097","targetHints":{"allow":["GET"]}}],"collection":[{"href":"https:\/\/www.claret.cat\/es\/wp-json\/wp\/v2\/product"}],"about":[{"href":"https:\/\/www.claret.cat\/es\/wp-json\/wp\/v2\/types\/product"}],"wp:featuredmedia":[{"embeddable":true,"href":"https:\/\/www.claret.cat\/es\/wp-json\/wp\/v2\/media\/356098"}],"wp:attachment":[{"href":"https:\/\/www.claret.cat\/es\/wp-json\/wp\/v2\/media?parent=356097"}],"wp:term":[{"taxonomy":"product_brand","embeddable":true,"href":"https:\/\/www.claret.cat\/es\/wp-json\/wp\/v2\/product_brand?post=356097"},{"taxonomy":"product_cat","embeddable":true,"href":"https:\/\/www.claret.cat\/es\/wp-json\/wp\/v2\/product_cat?post=356097"},{"taxonomy":"product_tag","embeddable":true,"href":"https:\/\/www.claret.cat\/es\/wp-json\/wp\/v2\/product_tag?post=356097"}],"curies":[{"name":"wp","href":"https:\/\/api.w.org\/{rel}","templated":true}]}}