{"id":356103,"date":"2023-01-14T22:40:55","date_gmt":"2023-01-14T21:40:55","guid":{"rendered":"https:\/\/www.claret.cat\/llibre\/la-passio-desplugues-9788482978895\/"},"modified":"2025-02-14T17:09:57","modified_gmt":"2025-02-14T16:09:57","slug":"la-passio-desplugues-9788482978895","status":"publish","type":"product","link":"https:\/\/www.claret.cat\/es\/libro\/la-passio-desplugues-9788482978895\/","title":{"rendered":"LA PASSI\u00d3 D&#8217;ESPLUGUES"},"content":{"rendered":"<p>Amics de la M\u00fasica de Sta. Magdalena, d&#8217;Esplugues de Llobregat, va demanar a Mn. Gaspar Mora el text per a un Oratori sobre la Passi\u00f3 de Nostre Senyor Jesucrist. D&#8217;aquella proposta en va sortir la Passi\u00f3 d&#8217;Esplugues, escrit a partir de l&#8217;Evangeli de St. Lluc. Malgrat la seva extensi\u00f3 redu\u00efda, ens acompanya en la comprensi\u00f3 de cada passatge i de cada frase de l&#8217;Evangeli, i per la bellesa i la pro\u00acfunditat del seus pensaments ens ajuda a descobrir l&#8217;experi\u00e8ncia inefable de Jes\u00fas, l&#8217;Home Fill de D\u00e9u, en el misteri de la Creu.<\/p>\n","protected":false},"excerpt":{"rendered":"<p>MORA, GASPAR<\/p>\n","protected":false},"featured_media":1005435,"template":"","meta":{"_acf_changed":false,"om_disable_all_campaigns":false,"rs_blank_template":"","rs_page_bg_color":"","slide_template_v7":"","inline_featured_image":false,"_monsterinsights_skip_tracking":false,"_monsterinsights_sitenote_active":false,"_monsterinsights_sitenote_note":"","_monsterinsights_sitenote_category":0},"product_brand":[],"product_cat":[253,399,487,234,581,230,391],"product_tag":[],"class_list":{"0":"post-356103","1":"product","2":"type-product","3":"status-publish","4":"has-post-thumbnail","6":"product_cat-any-liturgic","7":"product_cat-any-liturgic-liturgia-1_espiritualidad","8":"product_cat-cristocentrica-espiritualidad-1_espiritualidad","9":"product_cat-cristocentrica","10":"product_cat-editorial-claret","11":"product_cat-jocs-cancons-i-dances","12":"product_cat-juegos-canciones-y-danzas","14":"first","15":"instock","16":"taxable","17":"shipping-taxable","18":"purchasable","19":"product-type-simple"},"acf":{"editorial":[{"ID":6158,"post_author":"3","post_date":"2022-07-28 17:46:08","post_date_gmt":"2022-07-28 15:46:08","post_content":"","post_title":"CLARET","post_excerpt":"","post_status":"publish","comment_status":"closed","ping_status":"closed","post_password":"","post_name":"claret","to_ping":"","pinged":"","post_modified":"2022-07-28 17:46:08","post_modified_gmt":"2022-07-28 15:46:08","post_content_filtered":"","post_parent":0,"guid":"http:\/\/dev.claret.cat\/editorial\/claret\/","menu_order":0,"post_type":"editorial","post_mime_type":"","comment_count":"0","filter":"raw"}],"autores-libros":[{"ID":8335,"post_author":"3","post_date":"2022-09-30 09:47:48","post_date_gmt":"2022-09-30 07:47:48","post_content":"","post_title":"GASPAR MORA","post_excerpt":"","post_status":"publish","comment_status":"closed","ping_status":"closed","post_password":"","post_name":"gaspar-mora","to_ping":"","pinged":"","post_modified":"2022-09-30 09:47:48","post_modified_gmt":"2022-09-30 07:47:48","post_content_filtered":"","post_parent":0,"guid":"http:\/\/dev.claret.cat\/autor\/gaspar-mora\/","menu_order":0,"post_type":"autor","post_mime_type":"","comment_count":"0","filter":"raw"}],"autor":"MORA, GASPAR","codart":"848297889","libros-coleccion":"El Bri","ediciones":"1","encuadernacion":"R\u00fastica","fecha_de_publicacion":"06\/11\/2006","novedad":"0","paginas":"68","subtitulo":"PASSI\u00d3 DE NOSTRE SENYOR JESUCRIST SEGONS SANT LLUC","orden":"999","portada":"0","idioma":"cat","booktrailer":"","linkebook":"","ficha":"848297889_1689070973.pdf","muestra":"","precioebook":"0","presentacion":"","resenas":""},"aioseo_notices":[],"_links":{"self":[{"href":"https:\/\/www.claret.cat\/es\/wp-json\/wp\/v2\/product\/356103","targetHints":{"allow":["GET"]}}],"collection":[{"href":"https:\/\/www.claret.cat\/es\/wp-json\/wp\/v2\/product"}],"about":[{"href":"https:\/\/www.claret.cat\/es\/wp-json\/wp\/v2\/types\/product"}],"wp:featuredmedia":[{"embeddable":true,"href":"https:\/\/www.claret.cat\/es\/wp-json\/wp\/v2\/media\/1005435"}],"wp:attachment":[{"href":"https:\/\/www.claret.cat\/es\/wp-json\/wp\/v2\/media?parent=356103"}],"wp:term":[{"taxonomy":"product_brand","embeddable":true,"href":"https:\/\/www.claret.cat\/es\/wp-json\/wp\/v2\/product_brand?post=356103"},{"taxonomy":"product_cat","embeddable":true,"href":"https:\/\/www.claret.cat\/es\/wp-json\/wp\/v2\/product_cat?post=356103"},{"taxonomy":"product_tag","embeddable":true,"href":"https:\/\/www.claret.cat\/es\/wp-json\/wp\/v2\/product_tag?post=356103"}],"curies":[{"name":"wp","href":"https:\/\/api.w.org\/{rel}","templated":true}]}}