{"id":356141,"date":"2023-01-14T22:55:35","date_gmt":"2023-01-14T21:55:35","guid":{"rendered":"https:\/\/www.claret.cat\/llibre\/perspectives-de-leducacio-en-el-lleure-9788482979038\/"},"modified":"2024-05-23T10:58:45","modified_gmt":"2024-05-23T08:58:45","slug":"perspectives-de-leducacio-en-el-lleure-9788482979038","status":"publish","type":"product","link":"https:\/\/www.claret.cat\/es\/libro\/perspectives-de-leducacio-en-el-lleure-9788482979038\/","title":{"rendered":"PERSPECTIVES DE L&#8217;EDUCACI\u00d3 EN EL LLEURE"},"content":{"rendered":"<p>El llibre ofereix una reflexi\u00f3 sobre les perspectives de l\u2019educaci\u00f3 en el lleure i\/o les activitats de lleure en la societat actual, des de diferents vessants: sociol\u00f2gica, pedag\u00f2gica, cultural i hist\u00f2rica.<br \/>Agrupa a un grup d\u2019experts que ens parlen de diverses tem\u00e0tiques relacionades amb el lleure: els canvis socioculturals que s\u2019estan produint dins les fam\u00edlies, l\u2019escola, els barris, la ciutat i la seva repercussi\u00f3 en el lleure en quant a la diversificaci\u00f3  de tend\u00e8ncies i activitats; tamb\u00e9 en aportar\u00e0 reflexions sobre la necess\u00e0ria  innovaci\u00f3 i  millora en la qualitat pedag\u00f2gica d\u2019aquestes activitats i dels nous reptes socioculturals que presenta aquest \u00e0mbit educatiu.<\/p>\n","protected":false},"excerpt":{"rendered":"<p>ARMENGOL, CARLES; CAPDEVI<\/p>\n","protected":false},"featured_media":356142,"template":"","meta":{"_acf_changed":false,"om_disable_all_campaigns":false,"rs_blank_template":"","rs_page_bg_color":"","slide_template_v7":"","inline_featured_image":false,"_monsterinsights_skip_tracking":false,"_monsterinsights_sitenote_active":false,"_monsterinsights_sitenote_note":"","_monsterinsights_sitenote_category":0},"product_brand":[],"product_cat":[581,191,454,227,389,187,452],"product_tag":[],"class_list":{"0":"post-356141","1":"product","2":"type-product","3":"status-publish","4":"has-post-thumbnail","6":"product_cat-editorial-claret","7":"product_cat-educacio-en-valors-pedagogia-2_humanitats","8":"product_cat-educacion-en-valores","9":"product_cat-formacio","10":"product_cat-formacion","11":"product_cat-organitzacio-i-gestio","12":"product_cat-organizacion-y-gestion","14":"first","15":"instock","16":"taxable","17":"shipping-taxable","18":"purchasable","19":"product-type-simple"},"acf":{"editorial":[{"ID":6158,"post_author":"3","post_date":"2022-07-28 17:46:08","post_date_gmt":"2022-07-28 15:46:08","post_content":"","post_title":"CLARET","post_excerpt":"","post_status":"publish","comment_status":"closed","ping_status":"closed","post_password":"","post_name":"claret","to_ping":"","pinged":"","post_modified":"2022-07-28 17:46:08","post_modified_gmt":"2022-07-28 15:46:08","post_content_filtered":"","post_parent":0,"guid":"http:\/\/dev.claret.cat\/editorial\/claret\/","menu_order":0,"post_type":"editorial","post_mime_type":"","comment_count":"0","filter":"raw"}],"autores-libros":[{"ID":284145,"post_author":"3","post_date":"2022-12-10 02:04:09","post_date_gmt":"2022-12-10 01:04:09","post_content":"","post_title":"ET ALTRI","post_excerpt":"","post_status":"publish","comment_status":"closed","ping_status":"closed","post_password":"","post_name":"et-altri","to_ping":"","pinged":"","post_modified":"2022-12-10 02:04:09","post_modified_gmt":"2022-12-10 01:04:09","post_content_filtered":"","post_parent":0,"guid":"http:\/\/dev.claret.cat\/autor\/et-altri\/","menu_order":0,"post_type":"autor","post_mime_type":"","comment_count":"0","filter":"raw"},{"ID":5318,"post_author":"3","post_date":"2022-07-28 17:21:25","post_date_gmt":"2022-07-28 15:21:25","post_content":"","post_title":"CARLES ARMENGOL","post_excerpt":"","post_status":"publish","comment_status":"closed","ping_status":"closed","post_password":"","post_name":"carles-armengol","to_ping":"","pinged":"","post_modified":"2022-07-28 17:21:25","post_modified_gmt":"2022-07-28 15:21:25","post_content_filtered":"","post_parent":0,"guid":"http:\/\/dev.claret.cat\/autor\/carles-armengol\/","menu_order":0,"post_type":"autor","post_mime_type":"","comment_count":"0","filter":"raw"},{"ID":356139,"post_author":"3","post_date":"2023-01-14 22:55:31","post_date_gmt":"2023-01-14 21:55:31","post_content":"","post_title":"MANEL CAPDEVILA","post_excerpt":"","post_status":"publish","comment_status":"closed","ping_status":"closed","post_password":"","post_name":"manel-capdevila","to_ping":"","pinged":"","post_modified":"2023-01-14 22:55:31","post_modified_gmt":"2023-01-14 21:55:31","post_content_filtered":"","post_parent":0,"guid":"https:\/\/www.claret.cat\/autor\/manel-capdevila\/","menu_order":0,"post_type":"autor","post_mime_type":"","comment_count":"0","filter":"raw"},{"ID":356140,"post_author":"3","post_date":"2023-01-14 22:55:32","post_date_gmt":"2023-01-14 21:55:32","post_content":"","post_title":"MIQUEL \u00c0NGEL ESSOMBA","post_excerpt":"","post_status":"publish","comment_status":"closed","ping_status":"closed","post_password":"","post_name":"miquel-angel-essomba","to_ping":"","pinged":"","post_modified":"2023-01-14 22:55:32","post_modified_gmt":"2023-01-14 21:55:32","post_content_filtered":"","post_parent":0,"guid":"https:\/\/www.claret.cat\/autor\/miquel-angel-essomba\/","menu_order":0,"post_type":"autor","post_mime_type":"","comment_count":"0","filter":"raw"}],"autor":"ARMENGOL, CARLES; CAPDEVI","codart":"848297903","libros-coleccion":"Animaci\u00f3 Sociocultural","ediciones":"1","encuadernacion":"R\u00fastica","fecha_de_publicacion":"08\/09\/2006","novedad":"0","paginas":"229","subtitulo":"","orden":"999","portada":"0","idioma":"cat"},"aioseo_notices":[],"_links":{"self":[{"href":"https:\/\/www.claret.cat\/es\/wp-json\/wp\/v2\/product\/356141","targetHints":{"allow":["GET"]}}],"collection":[{"href":"https:\/\/www.claret.cat\/es\/wp-json\/wp\/v2\/product"}],"about":[{"href":"https:\/\/www.claret.cat\/es\/wp-json\/wp\/v2\/types\/product"}],"wp:featuredmedia":[{"embeddable":true,"href":"https:\/\/www.claret.cat\/es\/wp-json\/wp\/v2\/media\/356142"}],"wp:attachment":[{"href":"https:\/\/www.claret.cat\/es\/wp-json\/wp\/v2\/media?parent=356141"}],"wp:term":[{"taxonomy":"product_brand","embeddable":true,"href":"https:\/\/www.claret.cat\/es\/wp-json\/wp\/v2\/product_brand?post=356141"},{"taxonomy":"product_cat","embeddable":true,"href":"https:\/\/www.claret.cat\/es\/wp-json\/wp\/v2\/product_cat?post=356141"},{"taxonomy":"product_tag","embeddable":true,"href":"https:\/\/www.claret.cat\/es\/wp-json\/wp\/v2\/product_tag?post=356141"}],"curies":[{"name":"wp","href":"https:\/\/api.w.org\/{rel}","templated":true}]}}