{"id":356242,"date":"2023-01-14T23:13:31","date_gmt":"2023-01-14T22:13:31","guid":{"rendered":"https:\/\/www.claret.cat\/llibre\/fem-com-si-fossim-9788482979755\/"},"modified":"2024-05-23T10:54:57","modified_gmt":"2024-05-23T08:54:57","slug":"fem-com-si-fossim-9788482979755","status":"publish","type":"product","link":"https:\/\/www.claret.cat\/es\/libro\/fem-com-si-fossim-9788482979755\/","title":{"rendered":"FEM COM SI F\u00d3SSIM&#8230;"},"content":{"rendered":"<p>En Mart\u00ed i l\u2019avi Mateu van sovint a jugar al parc. L\u2019avi ha inventat el joc del fem com si f\u00f3ssim pirates o cavallers, cuiners o mags. Un dia, per\u00f2, l\u2019avi Mateu no recorda el cam\u00ed per tomar a casa. \u00c9s el principi d\u2019una malaltia que es diu Alzheimer. Passa el temps i els records se\u2019n van, l\u2019avi Mateu, malauradament, ni tan sols reconeix qui t\u00e9 al davant. Toca a en Mart\u00ed, que ara ja \u00e9s gran, trobar una manera nova de jugar amb ell.<\/p>\n","protected":false},"excerpt":{"rendered":"<p>RONCAGLIA, SILVIA<\/p>\n","protected":false},"featured_media":356243,"template":"","meta":{"_acf_changed":false,"om_disable_all_campaigns":false,"rs_blank_template":"","rs_page_bg_color":"","slide_template_v7":"","inline_featured_image":false,"_monsterinsights_skip_tracking":false,"_monsterinsights_sitenote_active":false,"_monsterinsights_sitenote_note":"","_monsterinsights_sitenote_category":0},"product_brand":[],"product_cat":[90,581,540],"product_tag":[],"class_list":{"0":"post-356242","1":"product","2":"type-product","3":"status-publish","4":"has-post-thumbnail","6":"product_cat-altres","7":"product_cat-editorial-claret","8":"product_cat-otros","10":"first","11":"instock","12":"taxable","13":"shipping-taxable","14":"purchasable","15":"product-type-simple"},"acf":{"editorial":[{"ID":6158,"post_author":"3","post_date":"2022-07-28 17:46:08","post_date_gmt":"2022-07-28 15:46:08","post_content":"","post_title":"CLARET","post_excerpt":"","post_status":"publish","comment_status":"closed","ping_status":"closed","post_password":"","post_name":"claret","to_ping":"","pinged":"","post_modified":"2022-07-28 17:46:08","post_modified_gmt":"2022-07-28 15:46:08","post_content_filtered":"","post_parent":0,"guid":"http:\/\/dev.claret.cat\/editorial\/claret\/","menu_order":0,"post_type":"editorial","post_mime_type":"","comment_count":"0","filter":"raw"}],"autores-libros":[{"ID":356222,"post_author":"3","post_date":"2023-01-14 23:12:36","post_date_gmt":"2023-01-14 22:12:36","post_content":"","post_title":"SILVIA RONCAGLIA","post_excerpt":"","post_status":"publish","comment_status":"closed","ping_status":"closed","post_password":"","post_name":"silvia-roncaglia","to_ping":"","pinged":"","post_modified":"2023-01-14 23:12:36","post_modified_gmt":"2023-01-14 22:12:36","post_content_filtered":"","post_parent":0,"guid":"https:\/\/www.claret.cat\/autor\/silvia-roncaglia\/","menu_order":0,"post_type":"autor","post_mime_type":"","comment_count":"0","filter":"raw"},{"ID":356237,"post_author":"3","post_date":"2023-01-14 23:13:17","post_date_gmt":"2023-01-14 22:13:17","post_content":"","post_title":"MARIATERESA (int) ZATTONI","post_excerpt":"","post_status":"publish","comment_status":"closed","ping_status":"closed","post_password":"","post_name":"mariateresa-int-zattoni","to_ping":"","pinged":"","post_modified":"2023-01-14 23:13:17","post_modified_gmt":"2023-01-14 22:13:17","post_content_filtered":"","post_parent":0,"guid":"https:\/\/www.claret.cat\/autor\/mariateresa-int-zattoni\/","menu_order":0,"post_type":"autor","post_mime_type":"","comment_count":"0","filter":"raw"},{"ID":356241,"post_author":"3","post_date":"2023-01-14 23:13:29","post_date_gmt":"2023-01-14 22:13:29","post_content":"","post_title":"ALESSANDAR (il) CIMATORIBUS","post_excerpt":"","post_status":"publish","comment_status":"closed","ping_status":"closed","post_password":"","post_name":"alessandar-il-cimatoribus","to_ping":"","pinged":"","post_modified":"2023-01-14 23:13:29","post_modified_gmt":"2023-01-14 22:13:29","post_content_filtered":"","post_parent":0,"guid":"https:\/\/www.claret.cat\/autor\/alessandar-il-cimatoribus\/","menu_order":0,"post_type":"autor","post_mime_type":"","comment_count":"0","filter":"raw"}],"autor":"RONCAGLIA, SILVIA","codart":"848297975","libros-coleccion":"Paraules per dir-ho","ediciones":"1","encuadernacion":"R\u00fastica","fecha_de_publicacion":"15\/11\/2007","novedad":"0","paginas":"32","subtitulo":"","orden":"0","portada":"0","idioma":"cat"},"aioseo_notices":[],"_links":{"self":[{"href":"https:\/\/www.claret.cat\/es\/wp-json\/wp\/v2\/product\/356242","targetHints":{"allow":["GET"]}}],"collection":[{"href":"https:\/\/www.claret.cat\/es\/wp-json\/wp\/v2\/product"}],"about":[{"href":"https:\/\/www.claret.cat\/es\/wp-json\/wp\/v2\/types\/product"}],"wp:featuredmedia":[{"embeddable":true,"href":"https:\/\/www.claret.cat\/es\/wp-json\/wp\/v2\/media\/356243"}],"wp:attachment":[{"href":"https:\/\/www.claret.cat\/es\/wp-json\/wp\/v2\/media?parent=356242"}],"wp:term":[{"taxonomy":"product_brand","embeddable":true,"href":"https:\/\/www.claret.cat\/es\/wp-json\/wp\/v2\/product_brand?post=356242"},{"taxonomy":"product_cat","embeddable":true,"href":"https:\/\/www.claret.cat\/es\/wp-json\/wp\/v2\/product_cat?post=356242"},{"taxonomy":"product_tag","embeddable":true,"href":"https:\/\/www.claret.cat\/es\/wp-json\/wp\/v2\/product_tag?post=356242"}],"curies":[{"name":"wp","href":"https:\/\/api.w.org\/{rel}","templated":true}]}}