{"id":356277,"date":"2023-01-14T23:20:22","date_gmt":"2023-01-14T22:20:22","guid":{"rendered":"https:\/\/www.claret.cat\/llibre\/impulsos-biblics-6-el-perdo-9788482979861\/"},"modified":"2026-03-21T12:13:08","modified_gmt":"2026-03-21T11:13:08","slug":"impulsos-biblics-6-el-perdo-9788482979861","status":"publish","type":"product","link":"https:\/\/www.claret.cat\/es\/libro\/impulsos-biblics-6-el-perdo-9788482979861\/","title":{"rendered":"IMPULSOS B\u00cdBLICS 6 -EL PERD\u00d3-"},"content":{"rendered":"<p>Aquest llibret forma part de una petita col\u00b7lecci\u00f3 anomenada \u00abImpulsos b\u00edblics\u00bb: Amor, Agra\u00efment, Consol, Encoratjament i Pau. Aquests impulsos s\u00f3n citacions b\u00edbliques acompanyades de fotografies que ajuden a interioritzar els textos. La bona acollida que han tingut aquests llibrets, ha portat a fer el recull dels impulsos b\u00edblics per a viure i compartir el Perd\u00f3.<\/p>\n","protected":false},"excerpt":{"rendered":"<p>RICART, IGNASI<\/p>\n","protected":false},"featured_media":356278,"template":"","meta":{"_acf_changed":false,"om_disable_all_campaigns":false,"rs_blank_template":"","rs_page_bg_color":"","slide_template_v7":"","inline_featured_image":false,"_monsterinsights_skip_tracking":false,"_monsterinsights_sitenote_active":false,"_monsterinsights_sitenote_note":"","_monsterinsights_sitenote_category":0},"product_brand":[],"product_cat":[237,488,581,523,299,497,248,394,236],"product_tag":[],"class_list":{"0":"post-356277","1":"product","2":"type-product","3":"status-publish","4":"has-post-thumbnail","6":"product_cat-cami-de-perfeccionament","7":"product_cat-camino-de-perfeccionamiento","8":"product_cat-editorial-claret","9":"product_cat-laicos-y-testimonios","10":"product_cat-laics-i-testimonis","11":"product_cat-meditaciones","12":"product_cat-meditacions","13":"product_cat-vida-cotidiana","14":"product_cat-vida-quotidiana","16":"first","17":"instock","18":"taxable","19":"shipping-taxable","20":"purchasable","21":"product-type-simple"},"acf":{"editorial":[{"ID":6158,"post_author":"3","post_date":"2022-07-28 17:46:08","post_date_gmt":"2022-07-28 15:46:08","post_content":"","post_title":"CLARET","post_excerpt":"","post_status":"publish","comment_status":"closed","ping_status":"closed","post_password":"","post_name":"claret","to_ping":"","pinged":"","post_modified":"2022-07-28 17:46:08","post_modified_gmt":"2022-07-28 15:46:08","post_content_filtered":"","post_parent":0,"guid":"http:\/\/dev.claret.cat\/editorial\/claret\/","menu_order":0,"post_type":"editorial","post_mime_type":"","comment_count":"0","filter":"raw"}],"autores-libros":[{"ID":157807,"post_author":"3","post_date":"2022-10-14 15:31:48","post_date_gmt":"2022-10-14 13:31:48","post_content":"","post_title":"IGNASI RICART","post_excerpt":"","post_status":"publish","comment_status":"closed","ping_status":"closed","post_password":"","post_name":"ignasi-ricart","to_ping":"","pinged":"","post_modified":"2022-10-14 15:31:48","post_modified_gmt":"2022-10-14 13:31:48","post_content_filtered":"","post_parent":0,"guid":"http:\/\/dev.claret.cat\/autor\/ignasi-ricart\/","menu_order":0,"post_type":"autor","post_mime_type":"","comment_count":"0","filter":"raw"}],"autor":"RICART, IGNASI","codart":"848297986","libros-coleccion":"Impulsos b\u00edblics","ediciones":"1","encuadernacion":"Grapado","fecha_de_publicacion":"06\/11\/2006","novedad":"0","paginas":"16","subtitulo":"","orden":"999","portada":"0","idioma":"cat","booktrailer":"","resenas":""},"aioseo_notices":[],"_links":{"self":[{"href":"https:\/\/www.claret.cat\/es\/wp-json\/wp\/v2\/product\/356277","targetHints":{"allow":["GET"]}}],"collection":[{"href":"https:\/\/www.claret.cat\/es\/wp-json\/wp\/v2\/product"}],"about":[{"href":"https:\/\/www.claret.cat\/es\/wp-json\/wp\/v2\/types\/product"}],"wp:featuredmedia":[{"embeddable":true,"href":"https:\/\/www.claret.cat\/es\/wp-json\/wp\/v2\/media\/356278"}],"wp:attachment":[{"href":"https:\/\/www.claret.cat\/es\/wp-json\/wp\/v2\/media?parent=356277"}],"wp:term":[{"taxonomy":"product_brand","embeddable":true,"href":"https:\/\/www.claret.cat\/es\/wp-json\/wp\/v2\/product_brand?post=356277"},{"taxonomy":"product_cat","embeddable":true,"href":"https:\/\/www.claret.cat\/es\/wp-json\/wp\/v2\/product_cat?post=356277"},{"taxonomy":"product_tag","embeddable":true,"href":"https:\/\/www.claret.cat\/es\/wp-json\/wp\/v2\/product_tag?post=356277"}],"curies":[{"name":"wp","href":"https:\/\/api.w.org\/{rel}","templated":true}]}}