{"id":356346,"date":"2023-01-14T23:28:41","date_gmt":"2023-01-14T22:28:41","guid":{"rendered":"https:\/\/www.claret.cat\/llibre\/relatos-desde-la-mesa-compartida-9788483162644\/"},"modified":"2024-05-23T10:46:21","modified_gmt":"2024-05-23T08:46:21","slug":"relatos-desde-la-mesa-compartida-9788483162644","status":"publish","type":"product","link":"https:\/\/www.claret.cat\/es\/libro\/relatos-desde-la-mesa-compartida-9788483162644\/","title":{"rendered":"RELATOS DESDE LA MESA COMPARTIDA"},"content":{"rendered":"<p>Relatos desde la mesa compartida no son una catequesis sistem\u00e1tica en torno a la Eucarist\u00eda, sino una \u00abaproximaci\u00f3n selectiva\u00bb a su misterio.La autora ha elegido una forma literaria: la narraci\u00f3n. Todo transcurre en torno a una mesa, casi como una sobremesa.El iniciado, el que sabe gustar la Eucarist\u00eda, cuenta hechos y hace hablar a personajes que ponen de manifiesto actitudes y gestos que generan experiencia de compartir, experiencia de vida eucar\u00edstica.El trasfondo es siempre un pasaje b\u00edblico del que se destaca la carga antropol\u00f3gica que encierra.La narraci\u00f3n va seguida de sugerencias para hacer, reflexionar, celebrar profundizar.Muchos grupos de profundizaci\u00f3n en la fe ya sean de j\u00f3venes como de adultos encontrar\u00e1n en estas p\u00e1ginas un precioso instrumento de trabajo para entender y vivir mejor la Eucarist\u00eda.Dolores Aleixandre, r.s.c.j., es profesora de Sagrada Escritura en la Universidad Pontificia Comillas (Madrid). Colaboradora habitual de la revistas CATEQUISTAS tiene publicados varios libros pensados inicialmente para la formaci\u00f3n b\u00e1sica de catequistas: Iniciar en la oraci\u00f3n, Los salmos, un libro para orar, La fe de los grandes creyentes, Esta historia es mi historia.<\/p>\n","protected":false},"excerpt":{"rendered":"<p>ALEIXANDRE, DOLORES<\/p>\n","protected":false},"featured_media":356511,"template":"","meta":{"_acf_changed":false,"om_disable_all_campaigns":false,"rs_blank_template":"","rs_page_bg_color":"","slide_template_v7":"","inline_featured_image":false,"_monsterinsights_skip_tracking":false,"_monsterinsights_sitenote_active":false,"_monsterinsights_sitenote_note":"","_monsterinsights_sitenote_category":0},"product_brand":[],"product_cat":[90,540],"product_tag":[],"class_list":{"0":"post-356346","1":"product","2":"type-product","3":"status-publish","4":"has-post-thumbnail","6":"product_cat-altres","7":"product_cat-otros","9":"first","10":"instock","11":"taxable","12":"shipping-taxable","13":"purchasable","14":"product-type-simple"},"acf":{"editorial":[{"ID":6155,"post_author":"3","post_date":"2022-07-28 17:46:04","post_date_gmt":"2022-07-28 15:46:04","post_content":"","post_title":"Central Catequ\u00edstica Salesiana","post_excerpt":"","post_status":"publish","comment_status":"closed","ping_status":"closed","post_password":"","post_name":"central-catequistica-salesiana","to_ping":"","pinged":"","post_modified":"2022-07-28 17:46:04","post_modified_gmt":"2022-07-28 15:46:04","post_content_filtered":"","post_parent":0,"guid":"http:\/\/dev.claret.cat\/editorial\/central-catequistica-salesiana\/","menu_order":0,"post_type":"editorial","post_mime_type":"","comment_count":"0","filter":"raw"}],"autores-libros":[{"ID":154227,"post_author":"3","post_date":"2022-10-14 15:03:07","post_date_gmt":"2022-10-14 13:03:07","post_content":"","post_title":"DOLORES ALEIXANDRE","post_excerpt":"","post_status":"publish","comment_status":"closed","ping_status":"closed","post_password":"","post_name":"dolores-aleixandre","to_ping":"","pinged":"","post_modified":"2022-10-14 15:03:07","post_modified_gmt":"2022-10-14 13:03:07","post_content_filtered":"","post_parent":0,"guid":"http:\/\/dev.claret.cat\/autor\/dolores-aleixandre\/","menu_order":0,"post_type":"autor","post_mime_type":"","comment_count":"0","filter":"raw"}],"autor":"ALEIXANDRE, DOLORES","codart":"848316264","libros-coleccion":"FORA DE COL.LECCI\u00d3","ediciones":"1","encuadernacion":"R\u00fastica","fecha_de_publicacion":"01\/12\/1999","novedad":"0","paginas":"140","subtitulo":"","orden":"999","portada":"0","idioma":"spa"},"aioseo_notices":[],"_links":{"self":[{"href":"https:\/\/www.claret.cat\/es\/wp-json\/wp\/v2\/product\/356346","targetHints":{"allow":["GET"]}}],"collection":[{"href":"https:\/\/www.claret.cat\/es\/wp-json\/wp\/v2\/product"}],"about":[{"href":"https:\/\/www.claret.cat\/es\/wp-json\/wp\/v2\/types\/product"}],"wp:featuredmedia":[{"embeddable":true,"href":"https:\/\/www.claret.cat\/es\/wp-json\/wp\/v2\/media\/356511"}],"wp:attachment":[{"href":"https:\/\/www.claret.cat\/es\/wp-json\/wp\/v2\/media?parent=356346"}],"wp:term":[{"taxonomy":"product_brand","embeddable":true,"href":"https:\/\/www.claret.cat\/es\/wp-json\/wp\/v2\/product_brand?post=356346"},{"taxonomy":"product_cat","embeddable":true,"href":"https:\/\/www.claret.cat\/es\/wp-json\/wp\/v2\/product_cat?post=356346"},{"taxonomy":"product_tag","embeddable":true,"href":"https:\/\/www.claret.cat\/es\/wp-json\/wp\/v2\/product_tag?post=356346"}],"curies":[{"name":"wp","href":"https:\/\/api.w.org\/{rel}","templated":true}]}}