{"id":356477,"date":"2023-01-14T23:44:10","date_gmt":"2023-01-14T22:44:10","guid":{"rendered":"https:\/\/www.claret.cat\/llibre\/un-muchacho-valiente-domingo-savio-9788483167953\/"},"modified":"2024-05-23T10:31:52","modified_gmt":"2024-05-23T08:31:52","slug":"un-muchacho-valiente-domingo-savio-9788483167953","status":"publish","type":"product","link":"https:\/\/www.claret.cat\/es\/libro\/un-muchacho-valiente-domingo-savio-9788483167953\/","title":{"rendered":"UN MUCHACHO VALIENTE: DOMINGO SAVIO"},"content":{"rendered":"<p>Este librito es una breve biograf\u00eda de Domingo Savio, escrita con viveza narrativa de Teresio Bosco, un autor experto en este g\u00e9nero de libros y con abundante experiencia en el campo de la narrativa.Son relatos del pasado, pero de f\u00e1cil adecuaci\u00f3n a las situaciones en las que se encuentran los muchachos y j\u00f3venes de hoy.Estos tambi\u00e9n necesitan de la firmeza de car\u00e1cter, la alegr\u00eda y la constancia en el trabajo diario, de las que es un ejemplo Domingo Savio, fortalecido por una sencilla vivencia sacramental y cristiana.<\/p>\n","protected":false},"excerpt":{"rendered":"<p>BOSCO, TERESIO<\/p>\n","protected":false},"featured_media":356478,"template":"","meta":{"_acf_changed":false,"om_disable_all_campaigns":false,"rs_blank_template":"","rs_page_bg_color":"","slide_template_v7":"","inline_featured_image":false,"_monsterinsights_skip_tracking":false,"_monsterinsights_sitenote_active":false,"_monsterinsights_sitenote_note":"","_monsterinsights_sitenote_category":0},"product_brand":[],"product_cat":[93,543,545,95,92,542],"product_tag":[],"class_list":{"0":"post-356477","1":"product","2":"type-product","3":"status-publish","4":"has-post-thumbnail","6":"product_cat-eclesiologia","7":"product_cat-eclesiologia-es","8":"product_cat-santoral-1_espiritualidad-spa","9":"product_cat-santoral","10":"product_cat-vida-religiosa","11":"product_cat-vida-religiosa-1_espiritualidad-spa","13":"first","14":"instock","15":"taxable","16":"shipping-taxable","17":"purchasable","18":"product-type-simple"},"acf":{"editorial":[{"ID":6155,"post_author":"3","post_date":"2022-07-28 17:46:04","post_date_gmt":"2022-07-28 15:46:04","post_content":"","post_title":"Central Catequ\u00edstica Salesiana","post_excerpt":"","post_status":"publish","comment_status":"closed","ping_status":"closed","post_password":"","post_name":"central-catequistica-salesiana","to_ping":"","pinged":"","post_modified":"2022-07-28 17:46:04","post_modified_gmt":"2022-07-28 15:46:04","post_content_filtered":"","post_parent":0,"guid":"http:\/\/dev.claret.cat\/editorial\/central-catequistica-salesiana\/","menu_order":0,"post_type":"editorial","post_mime_type":"","comment_count":"0","filter":"raw"}],"autores-libros":[{"ID":278878,"post_author":"3","post_date":"2022-12-09 16:10:38","post_date_gmt":"2022-12-09 15:10:38","post_content":"","post_title":"TERESIO BOSCO","post_excerpt":"","post_status":"publish","comment_status":"closed","ping_status":"closed","post_password":"","post_name":"teresio-bosco","to_ping":"","pinged":"","post_modified":"2022-12-09 16:10:38","post_modified_gmt":"2022-12-09 15:10:38","post_content_filtered":"","post_parent":0,"guid":"http:\/\/dev.claret.cat\/autor\/teresio-bosco\/","menu_order":0,"post_type":"autor","post_mime_type":"","comment_count":"0","filter":"raw"}],"autor":"BOSCO, TERESIO","codart":"848316795","libros-coleccion":"FORA DE COL.LECCI\u00d3","ediciones":"1","encuadernacion":"[Vac\u00edo]","fecha_de_publicacion":"01\/04\/2004","novedad":"0","paginas":"61","subtitulo":"","orden":"999","portada":"0","idioma":"spa"},"aioseo_notices":[],"_links":{"self":[{"href":"https:\/\/www.claret.cat\/es\/wp-json\/wp\/v2\/product\/356477","targetHints":{"allow":["GET"]}}],"collection":[{"href":"https:\/\/www.claret.cat\/es\/wp-json\/wp\/v2\/product"}],"about":[{"href":"https:\/\/www.claret.cat\/es\/wp-json\/wp\/v2\/types\/product"}],"wp:featuredmedia":[{"embeddable":true,"href":"https:\/\/www.claret.cat\/es\/wp-json\/wp\/v2\/media\/356478"}],"wp:attachment":[{"href":"https:\/\/www.claret.cat\/es\/wp-json\/wp\/v2\/media?parent=356477"}],"wp:term":[{"taxonomy":"product_brand","embeddable":true,"href":"https:\/\/www.claret.cat\/es\/wp-json\/wp\/v2\/product_brand?post=356477"},{"taxonomy":"product_cat","embeddable":true,"href":"https:\/\/www.claret.cat\/es\/wp-json\/wp\/v2\/product_cat?post=356477"},{"taxonomy":"product_tag","embeddable":true,"href":"https:\/\/www.claret.cat\/es\/wp-json\/wp\/v2\/product_tag?post=356477"}],"curies":[{"name":"wp","href":"https:\/\/api.w.org\/{rel}","templated":true}]}}