{"id":356503,"date":"2023-01-14T23:46:23","date_gmt":"2023-01-14T22:46:23","guid":{"rendered":"https:\/\/www.claret.cat\/llibre\/los-salmos-un-libro-para-orar-9788483169032\/"},"modified":"2024-10-02T12:15:51","modified_gmt":"2024-10-02T10:15:51","slug":"los-salmos-un-libro-para-orar-9788483169032","status":"publish","type":"product","link":"https:\/\/www.claret.cat\/es\/libro\/los-salmos-un-libro-para-orar-9788483169032\/","title":{"rendered":"LOS SALMOS, UN LIBRO PARA ORAR"},"content":{"rendered":"<p>Actitudes fundamentales para orar recogidas en veinticinco salmos distribuidos en tres n\u00facleos: Deseo de Dios, Abandono en \u00c9l y Salmos para tiempos lit\u00fargicos.<\/p>\n","protected":false},"excerpt":{"rendered":"<p>ALEIXANDRE<\/p>\n","protected":false},"featured_media":356504,"template":"","meta":{"_acf_changed":false,"om_disable_all_campaigns":false,"rs_blank_template":"","rs_page_bg_color":"","slide_template_v7":"","inline_featured_image":false,"_monsterinsights_skip_tracking":false,"_monsterinsights_sitenote_active":false,"_monsterinsights_sitenote_note":"","_monsterinsights_sitenote_category":0},"product_brand":[],"product_cat":[284,418,396,247,383,198],"product_tag":[],"class_list":{"0":"post-356503","1":"product","2":"type-product","3":"status-publish","4":"has-post-thumbnail","6":"product_cat-espiritual","7":"product_cat-espiritual-teologia-1_espiritualidad","8":"product_cat-oracion","9":"product_cat-pregaria","10":"product_cat-salmos-y-libros-poeticos","11":"product_cat-salms-i-llibres-poetics","13":"first","14":"instock","15":"taxable","16":"shipping-taxable","17":"purchasable","18":"product-type-simple"},"acf":{"editorial":[{"ID":6155,"post_author":"3","post_date":"2022-07-28 17:46:04","post_date_gmt":"2022-07-28 15:46:04","post_content":"","post_title":"Central Catequ\u00edstica Salesiana","post_excerpt":"","post_status":"publish","comment_status":"closed","ping_status":"closed","post_password":"","post_name":"central-catequistica-salesiana","to_ping":"","pinged":"","post_modified":"2022-07-28 17:46:04","post_modified_gmt":"2022-07-28 15:46:04","post_content_filtered":"","post_parent":0,"guid":"http:\/\/dev.claret.cat\/editorial\/central-catequistica-salesiana\/","menu_order":0,"post_type":"editorial","post_mime_type":"","comment_count":"0","filter":"raw"}],"autores-libros":[{"ID":154227,"post_author":"3","post_date":"2022-10-14 15:03:07","post_date_gmt":"2022-10-14 13:03:07","post_content":"","post_title":"DOLORES ALEIXANDRE","post_excerpt":"","post_status":"publish","comment_status":"closed","ping_status":"closed","post_password":"","post_name":"dolores-aleixandre","to_ping":"","pinged":"","post_modified":"2022-10-14 15:03:07","post_modified_gmt":"2022-10-14 13:03:07","post_content_filtered":"","post_parent":0,"guid":"http:\/\/dev.claret.cat\/autor\/dolores-aleixandre\/","menu_order":0,"post_type":"autor","post_mime_type":"","comment_count":"0","filter":"raw"}],"autor":"ALEIXANDRE","codart":"848316903","libros-coleccion":"Man\u00e1","ediciones":"9","encuadernacion":"R\u00fastica","fecha_de_publicacion":"01\/03\/2006","novedad":"0","paginas":"140","subtitulo":"","orden":"999","portada":"0","idioma":"spa"},"aioseo_notices":[],"_links":{"self":[{"href":"https:\/\/www.claret.cat\/es\/wp-json\/wp\/v2\/product\/356503","targetHints":{"allow":["GET"]}}],"collection":[{"href":"https:\/\/www.claret.cat\/es\/wp-json\/wp\/v2\/product"}],"about":[{"href":"https:\/\/www.claret.cat\/es\/wp-json\/wp\/v2\/types\/product"}],"wp:featuredmedia":[{"embeddable":true,"href":"https:\/\/www.claret.cat\/es\/wp-json\/wp\/v2\/media\/356504"}],"wp:attachment":[{"href":"https:\/\/www.claret.cat\/es\/wp-json\/wp\/v2\/media?parent=356503"}],"wp:term":[{"taxonomy":"product_brand","embeddable":true,"href":"https:\/\/www.claret.cat\/es\/wp-json\/wp\/v2\/product_brand?post=356503"},{"taxonomy":"product_cat","embeddable":true,"href":"https:\/\/www.claret.cat\/es\/wp-json\/wp\/v2\/product_cat?post=356503"},{"taxonomy":"product_tag","embeddable":true,"href":"https:\/\/www.claret.cat\/es\/wp-json\/wp\/v2\/product_tag?post=356503"}],"curies":[{"name":"wp","href":"https:\/\/api.w.org\/{rel}","templated":true}]}}