{"id":356508,"date":"2023-01-14T23:46:41","date_gmt":"2023-01-14T22:46:41","guid":{"rendered":"https:\/\/www.claret.cat\/llibre\/pasatiempos-juegos-para-la-clase-de-religion-9788483169087\/"},"modified":"2024-10-10T14:00:28","modified_gmt":"2024-10-10T12:00:28","slug":"pasatiempos-juegos-para-la-clase-de-religion-9788483169087","status":"publish","type":"product","link":"https:\/\/www.claret.cat\/es\/libro\/pasatiempos-juegos-para-la-clase-de-religion-9788483169087\/","title":{"rendered":"PASATIEMPOS JUEGOS PARA LA CLASE DE RELIGI\u00d3N"},"content":{"rendered":"<p>Juegos y pasatiempos sobre el Antiguo Testamento (G\u00e9nesis, \u00c9xodo, N\u00fameros, Jueces, Rut, 1 Samuel, Tob\u00edas, Ester, Job, Daniel, Jon\u00e1s. Frases populares de la Biblia) y Nuevo Testamento (Infancia de Jes\u00fas, Vida p\u00fablica, Pasi\u00f3n, Resurrecci\u00f3n, Ascensi\u00f3n, Pentecost\u00e9s, Hechos de los Ap\u00f3stoles, Frases populares de la Biblia). Este libro est\u00e1 pensado para la clase de religi\u00f3n, pero vale perfectamente para la catequesis con ni\u00f1os de 6 a 9 a\u00f1os. Los autores se propusieron un objetivo: aproximar a los ni\u00f1os a la Biblia por medio de juegos y pasatiempos. Para ello han elegido algunos pasajes m\u00e1s significativos de los libros del Antiguo y Nuevo Testamento. Es como una &#8216;historia&#8217; sagrada&#8230; que se aprende jugando. La secuenciaci\u00f3n de los episodios aqu\u00ed seleccionados sigue esta l\u00f3gica: *Antiguo Testamento: seg\u00fan la ordenaci\u00f3n de los libros b\u00edblicos. *Nuevo Testamento: seg\u00fan al cronolog\u00eda de la vida de Jes\u00fas. De todas formas, este libro no es para &#8216;seguir&#8217; tal como se presenta, sino de acuerdo a las exigencias del grupo, o del tiempo lit\u00fargico, o del libro b\u00edblico que se proclama en la celebraci\u00f3n. Rosa Mac-Mah\u00f3n ha traducido y adaptado el original italiano. Ella misma es autora en esta editorial de libros parecidos a \u00e9ste: Ganatiempos, Cultura religiosa, Las ra\u00edces de nuestra fe en pasatiempos.<\/p>\n","protected":false},"excerpt":{"rendered":"<p>DAVICO, RICCARDO; MAC-MAH<\/p>\n","protected":false},"featured_media":356577,"template":"","meta":{"_acf_changed":false,"om_disable_all_campaigns":false,"rs_blank_template":"","rs_page_bg_color":"","slide_template_v7":"","inline_featured_image":false,"_monsterinsights_skip_tracking":false,"_monsterinsights_sitenote_active":false,"_monsterinsights_sitenote_note":"","_monsterinsights_sitenote_category":0},"product_brand":[],"product_cat":[226,388,230,391,138,571],"product_tag":[],"class_list":{"0":"post-356508","1":"product","2":"type-product","3":"status-publish","4":"has-post-thumbnail","6":"product_cat-didactica","7":"product_cat-didactica-catequesis-1_espiritualidad","8":"product_cat-jocs-cancons-i-dances","9":"product_cat-juegos-canciones-y-danzas","10":"product_cat-primaria","11":"product_cat-primaria-escolar-4_escolar-spa","13":"first","14":"instock","15":"taxable","16":"shipping-taxable","17":"purchasable","18":"product-type-simple"},"acf":{"editorial":[{"ID":6155,"post_author":"3","post_date":"2022-07-28 17:46:04","post_date_gmt":"2022-07-28 15:46:04","post_content":"","post_title":"Central Catequ\u00edstica Salesiana","post_excerpt":"","post_status":"publish","comment_status":"closed","ping_status":"closed","post_password":"","post_name":"central-catequistica-salesiana","to_ping":"","pinged":"","post_modified":"2022-07-28 17:46:04","post_modified_gmt":"2022-07-28 15:46:04","post_content_filtered":"","post_parent":0,"guid":"http:\/\/dev.claret.cat\/editorial\/central-catequistica-salesiana\/","menu_order":0,"post_type":"editorial","post_mime_type":"","comment_count":"0","filter":"raw"}],"autores-libros":[{"ID":168071,"post_author":"3","post_date":"2022-10-14 18:16:18","post_date_gmt":"2022-10-14 16:16:18","post_content":"","post_title":"RICCARDO DAVICO","post_excerpt":"","post_status":"publish","comment_status":"closed","ping_status":"closed","post_password":"","post_name":"riccardo-davico","to_ping":"","pinged":"","post_modified":"2022-10-14 18:16:18","post_modified_gmt":"2022-10-14 16:16:18","post_content_filtered":"","post_parent":0,"guid":"http:\/\/dev.claret.cat\/autor\/riccardo-davico\/","menu_order":0,"post_type":"autor","post_mime_type":"","comment_count":"0","filter":"raw"},{"ID":168501,"post_author":"3","post_date":"2022-10-14 22:19:37","post_date_gmt":"2022-10-14 20:19:37","post_content":"","post_title":"ROSA MAC-MAHON","post_excerpt":"","post_status":"publish","comment_status":"closed","ping_status":"closed","post_password":"","post_name":"rosa-mac-mahon-2","to_ping":"","pinged":"","post_modified":"2022-10-14 22:19:37","post_modified_gmt":"2022-10-14 20:19:37","post_content_filtered":"","post_parent":0,"guid":"http:\/\/dev.claret.cat\/autor\/rosa-mac-mahon-2\/","menu_order":0,"post_type":"autor","post_mime_type":"","comment_count":"0","filter":"raw"}],"autor":"DAVICO, RICCARDO; MAC-MAH","codart":"848316908","libros-coleccion":"Abba","ediciones":"2","encuadernacion":"R\u00fastica","fecha_de_publicacion":"05\/12\/2006","novedad":"0","paginas":"144","subtitulo":"NI\u00d1OS Y NI\u00d1AS DE 6 A 9 A\u00d1OS","orden":"999","portada":"0","idioma":"spa"},"aioseo_notices":[],"_links":{"self":[{"href":"https:\/\/www.claret.cat\/es\/wp-json\/wp\/v2\/product\/356508","targetHints":{"allow":["GET"]}}],"collection":[{"href":"https:\/\/www.claret.cat\/es\/wp-json\/wp\/v2\/product"}],"about":[{"href":"https:\/\/www.claret.cat\/es\/wp-json\/wp\/v2\/types\/product"}],"wp:featuredmedia":[{"embeddable":true,"href":"https:\/\/www.claret.cat\/es\/wp-json\/wp\/v2\/media\/356577"}],"wp:attachment":[{"href":"https:\/\/www.claret.cat\/es\/wp-json\/wp\/v2\/media?parent=356508"}],"wp:term":[{"taxonomy":"product_brand","embeddable":true,"href":"https:\/\/www.claret.cat\/es\/wp-json\/wp\/v2\/product_brand?post=356508"},{"taxonomy":"product_cat","embeddable":true,"href":"https:\/\/www.claret.cat\/es\/wp-json\/wp\/v2\/product_cat?post=356508"},{"taxonomy":"product_tag","embeddable":true,"href":"https:\/\/www.claret.cat\/es\/wp-json\/wp\/v2\/product_tag?post=356508"}],"curies":[{"name":"wp","href":"https:\/\/api.w.org\/{rel}","templated":true}]}}