{"id":35651,"date":"2022-10-02T18:06:57","date_gmt":"2022-10-02T16:06:57","guid":{"rendered":"http:\/\/dev.claret.cat\/producte\/optimismo-y-salud\/"},"modified":"2023-10-06T08:26:53","modified_gmt":"2023-10-06T06:26:53","slug":"optimismo-y-salud-9788466361132","status":"publish","type":"product","link":"https:\/\/www.claret.cat\/es\/libro\/optimismo-y-salud-9788466361132\/","title":{"rendered":"OPTIMISMO Y SALUD"},"content":{"rendered":"<p>El optimismo es la aut\u00e9ntica vacuna de la felicidad. Este es el libro que todos necesitamos leer ahora. En este nuevo libro del reconocido psiquiatra Luis Rojas Marcos&#8230; Aprenderemos que sentir y pensar en positivo es una  inversi\u00f3n sumamente rentable para desarrollar al m\u00e1ximo las posibilidades de vivir sanos y felices. Conoceremos los ingredientes que distinguen el  optimismo del pesimismo, e identificaremos los venenos m\u00e1s da\u00f1inos  para el optimismo. Exploraremos las fuerzas que forjan nuestro temperamento. Y aprenderemos eficaces estrategias para fomentar el  positivismo al tiempo que examinamos la influencia del mismo  en las relaciones con otras personas, en la salud y en el trabajo.  _________________ \u00abA lo largo de los a\u00f1os, tanto en mi vida personal como en el mundo de  la medicina, la psiquiatr\u00eda y la salud p\u00fablica, he tenido oportunidad de  confirmar, en incontables ocasiones, que la forma de percibir e  interpretar las situaciones que nos plantea la vida ejerce un inmenso  poder sobre nuestras emociones, decisiones, conductas y juicios. Para disfrutar de una vida saludable y completa, no basta con curar los  males que nos aquejan; es igualmente importante conocer y fortificar los  aspectos favorables de nuestra naturaleza, que nos ayudan a motivarnos, a superar los retos y a alcanzar nuestras metas.\u00bb<br \/>Dr. Luis Rojas Marcos _________________<\/p>\n","protected":false},"excerpt":{"rendered":"<p>ROJAS MARCOS, LUIS<\/p>\n","protected":false},"featured_media":52371,"template":"","meta":{"_acf_changed":false,"om_disable_all_campaigns":false,"rs_blank_template":"","rs_page_bg_color":"","slide_template_v7":"","inline_featured_image":false,"_monsterinsights_skip_tracking":false,"_monsterinsights_sitenote_active":false,"_monsterinsights_sitenote_note":"","_monsterinsights_sitenote_category":0},"product_brand":[],"product_cat":[377],"product_tag":[],"class_list":{"0":"post-35651","1":"product","2":"type-product","3":"status-publish","4":"has-post-thumbnail","6":"product_cat-autoayuda-y-salud-mental","8":"first","9":"instock","10":"taxable","11":"shipping-taxable","12":"purchasable","13":"product-type-simple"},"acf":{"autor":"ROJAS MARCOS, LUIS","codart":"846636113","libros-coleccion":"CLAVE","ediciones":"1","encuadernacion":"R\u00fastica","fecha_de_publicacion":"01\/09\/2022","novedad":"1","paginas":"208","subtitulo":"LO QUE LA CIENCIA SABE DE LOS BENEFICIOS DEL PENSAMIENTO POSITIVO","orden":"0","portada":"0","idioma":"spa","editorial":[{"ID":6178,"post_author":"3","post_date":"2022-07-28 17:46:34","post_date_gmt":"2022-07-28 15:46:34","post_content":"","post_title":"DEBOLSILLO","post_excerpt":"","post_status":"publish","comment_status":"closed","ping_status":"closed","post_password":"","post_name":"debolsillo","to_ping":"","pinged":"","post_modified":"2022-07-28 17:46:34","post_modified_gmt":"2022-07-28 15:46:34","post_content_filtered":"","post_parent":0,"guid":"http:\/\/dev.claret.cat\/editorial\/debolsillo\/","menu_order":0,"post_type":"editorial","post_mime_type":"","comment_count":"0","filter":"raw"}],"autores-libros":[{"ID":162776,"post_author":"3","post_date":"2022-10-14 17:33:43","post_date_gmt":"2022-10-14 15:33:43","post_content":"","post_title":"LUIS ROJAS MARCOS","post_excerpt":"","post_status":"publish","comment_status":"closed","ping_status":"closed","post_password":"","post_name":"luis-rojas-marcos","to_ping":"","pinged":"","post_modified":"2022-10-14 17:33:43","post_modified_gmt":"2022-10-14 15:33:43","post_content_filtered":"","post_parent":0,"guid":"http:\/\/dev.claret.cat\/autor\/luis-rojas-marcos\/","menu_order":0,"post_type":"autor","post_mime_type":"","comment_count":"0","filter":"raw"}]},"aioseo_notices":[],"_links":{"self":[{"href":"https:\/\/www.claret.cat\/es\/wp-json\/wp\/v2\/product\/35651","targetHints":{"allow":["GET"]}}],"collection":[{"href":"https:\/\/www.claret.cat\/es\/wp-json\/wp\/v2\/product"}],"about":[{"href":"https:\/\/www.claret.cat\/es\/wp-json\/wp\/v2\/types\/product"}],"wp:featuredmedia":[{"embeddable":true,"href":"https:\/\/www.claret.cat\/es\/wp-json\/wp\/v2\/media\/52371"}],"wp:attachment":[{"href":"https:\/\/www.claret.cat\/es\/wp-json\/wp\/v2\/media?parent=35651"}],"wp:term":[{"taxonomy":"product_brand","embeddable":true,"href":"https:\/\/www.claret.cat\/es\/wp-json\/wp\/v2\/product_brand?post=35651"},{"taxonomy":"product_cat","embeddable":true,"href":"https:\/\/www.claret.cat\/es\/wp-json\/wp\/v2\/product_cat?post=35651"},{"taxonomy":"product_tag","embeddable":true,"href":"https:\/\/www.claret.cat\/es\/wp-json\/wp\/v2\/product_tag?post=35651"}],"curies":[{"name":"wp","href":"https:\/\/api.w.org\/{rel}","templated":true}]}}