{"id":356608,"date":"2023-01-15T00:15:12","date_gmt":"2023-01-14T23:15:12","guid":{"rendered":"https:\/\/www.claret.cat\/llibre\/las-grandes-parabolas-de-jesus-9788483169292\/"},"modified":"2024-05-23T10:28:01","modified_gmt":"2024-05-23T08:28:01","slug":"las-grandes-parabolas-de-jesus-9788483169292","status":"publish","type":"product","link":"https:\/\/www.claret.cat\/es\/libro\/las-grandes-parabolas-de-jesus-9788483169292\/","title":{"rendered":"LAS GRANDES PAR\u00c1BOLAS DE JES\u00daS"},"content":{"rendered":"<p>En aquellas historias que contaba, lo extraordinario rozaba la existencia de los que le escuchaban y sigue rozando la nuestra. Al o\u00edrlas, la l\u00f3gica plana y razonable en la que se mov\u00edan, quedaba desafiada por extra\u00f1as propuestas que romp\u00edan su horizonte estrecho y dejaban entrever, como detr\u00e1s de las rejas de una celos\u00eda, posibilidades apasionantes e In\u00e9ditas. Las par\u00e1bolas de Jes\u00fas tratan de empujarnos m\u00e1s all\u00e1 de los l\u00edmites que nos imponemos y de desbordarnos con algo ins\u00f3lito, y lo que resulta ins\u00f3lito es que para eso no tenemos que separarnos de la vida corriente, sino que es precisamente de ah\u00ed de donde \u00e9l sacaba todos sus ejemplos, como si estuviera convencido de los tesoros que encierra. <\/p>\n","protected":false},"excerpt":{"rendered":"<p>BARTOLINI, BARTOLINO (dir); GINEL, \u00c1LVARO; PERA, GUERRINO (il)<\/p>\n","protected":false},"featured_media":0,"template":"","meta":{"_acf_changed":false,"om_disable_all_campaigns":false,"rs_blank_template":"","rs_page_bg_color":"","slide_template_v7":"","inline_featured_image":false,"_monsterinsights_skip_tracking":false,"_monsterinsights_sitenote_active":false,"_monsterinsights_sitenote_note":"","_monsterinsights_sitenote_category":0},"product_brand":[],"product_cat":[90,540],"product_tag":[],"class_list":{"0":"post-356608","1":"product","2":"type-product","3":"status-publish","5":"product_cat-altres","6":"product_cat-otros","8":"first","9":"outofstock","10":"taxable","11":"shipping-taxable","12":"purchasable","13":"product-type-simple"},"acf":{"editorial":[{"ID":6155,"post_author":"3","post_date":"2022-07-28 17:46:04","post_date_gmt":"2022-07-28 15:46:04","post_content":"","post_title":"Central Catequ\u00edstica Salesiana","post_excerpt":"","post_status":"publish","comment_status":"closed","ping_status":"closed","post_password":"","post_name":"central-catequistica-salesiana","to_ping":"","pinged":"","post_modified":"2022-07-28 17:46:04","post_modified_gmt":"2022-07-28 15:46:04","post_content_filtered":"","post_parent":0,"guid":"http:\/\/dev.claret.cat\/editorial\/central-catequistica-salesiana\/","menu_order":0,"post_type":"editorial","post_mime_type":"","comment_count":"0","filter":"raw"}],"autores-libros":[{"ID":8281,"post_author":"3","post_date":"2022-09-30 09:47:24","post_date_gmt":"2022-09-30 07:47:24","post_content":"","post_title":"\u00c1LVARO GINEL","post_excerpt":"","post_status":"publish","comment_status":"closed","ping_status":"closed","post_password":"","post_name":"alvaro-ginel","to_ping":"","pinged":"","post_modified":"2022-09-30 09:47:24","post_modified_gmt":"2022-09-30 07:47:24","post_content_filtered":"","post_parent":0,"guid":"http:\/\/dev.claret.cat\/autor\/alvaro-ginel\/","menu_order":0,"post_type":"autor","post_mime_type":"","comment_count":"0","filter":"raw"},{"ID":356595,"post_author":"3","post_date":"2023-01-15 00:10:22","post_date_gmt":"2023-01-14 23:10:22","post_content":"","post_title":"BARTOLINO (dir) BARTOLINI","post_excerpt":"","post_status":"publish","comment_status":"closed","ping_status":"closed","post_password":"","post_name":"bartolino-dir-bartolini","to_ping":"","pinged":"","post_modified":"2023-01-15 00:10:22","post_modified_gmt":"2023-01-14 23:10:22","post_content_filtered":"","post_parent":0,"guid":"https:\/\/www.claret.cat\/autor\/bartolino-dir-bartolini\/","menu_order":0,"post_type":"autor","post_mime_type":"","comment_count":"0","filter":"raw"},{"ID":356596,"post_author":"3","post_date":"2023-01-15 00:10:23","post_date_gmt":"2023-01-14 23:10:23","post_content":"","post_title":"GUERRINO (il) PERA","post_excerpt":"","post_status":"publish","comment_status":"closed","ping_status":"closed","post_password":"","post_name":"guerrino-il-pera","to_ping":"","pinged":"","post_modified":"2023-01-15 00:10:23","post_modified_gmt":"2023-01-14 23:10:23","post_content_filtered":"","post_parent":0,"guid":"https:\/\/www.claret.cat\/autor\/guerrino-il-pera\/","menu_order":0,"post_type":"autor","post_mime_type":"","comment_count":"0","filter":"raw"}],"autor":"BARTOLINI, BARTOLINO (dir); GINEL, \u00c1LVARO; PERA, GUERRINO (il)","codart":"848316929","libros-coleccion":"P\u00f3sters Catequistas","ediciones":"1","encuadernacion":"Grapado","fecha_de_publicacion":"23\/05\/2008","novedad":"0","paginas":"8","subtitulo":"","orden":"999","portada":"0","idioma":"spa"},"aioseo_notices":[],"_links":{"self":[{"href":"https:\/\/www.claret.cat\/es\/wp-json\/wp\/v2\/product\/356608","targetHints":{"allow":["GET"]}}],"collection":[{"href":"https:\/\/www.claret.cat\/es\/wp-json\/wp\/v2\/product"}],"about":[{"href":"https:\/\/www.claret.cat\/es\/wp-json\/wp\/v2\/types\/product"}],"wp:attachment":[{"href":"https:\/\/www.claret.cat\/es\/wp-json\/wp\/v2\/media?parent=356608"}],"wp:term":[{"taxonomy":"product_brand","embeddable":true,"href":"https:\/\/www.claret.cat\/es\/wp-json\/wp\/v2\/product_brand?post=356608"},{"taxonomy":"product_cat","embeddable":true,"href":"https:\/\/www.claret.cat\/es\/wp-json\/wp\/v2\/product_cat?post=356608"},{"taxonomy":"product_tag","embeddable":true,"href":"https:\/\/www.claret.cat\/es\/wp-json\/wp\/v2\/product_tag?post=356608"}],"curies":[{"name":"wp","href":"https:\/\/api.w.org\/{rel}","templated":true}]}}