{"id":356619,"date":"2023-01-15T00:15:54","date_gmt":"2023-01-14T23:15:54","guid":{"rendered":"https:\/\/www.claret.cat\/llibre\/preparar-la-navidad-9788483169544\/"},"modified":"2024-05-23T10:27:01","modified_gmt":"2024-05-23T08:27:01","slug":"preparar-la-navidad-9788483169544","status":"publish","type":"product","link":"https:\/\/www.claret.cat\/es\/libro\/preparar-la-navidad-9788483169544\/","title":{"rendered":"PREPARAR LA NAVIDAD"},"content":{"rendered":"<p>La idea de escribir sobre la Navidad surge a ra\u00edz del trabajo pastoral de la autora en un colegio de Secundaria. Ella misma dice: &#8216;Llegaba el mes de Diciembre y hab\u00edamos decidido en el Departamento de Pastoral que las oraciones de la ma\u00f1ana de ese mes estar\u00edan dedicadas a la Navidad. Lejos de recurrir a las t\u00edpicas y t\u00f3picas oraciones, inspirada por la fuerte tradici\u00f3n belenista de mi ciudad (Jerez de la Frontera), decid\u00ed invent\u00e1rmelas yo misma con la idea de fondo de la construcci\u00f3n del bel\u00e9n. De ah\u00ed surge la primera parte de oraciones de este libro. Despu\u00e9s he a\u00f1adido otras oraciones que hacen del libro un instrumento para la oraci\u00f3n del Adviento y de la Navidad teniendo como foco&#8230; central el bel\u00e9n: el significado de los personajes del bel\u00e9n y la oraci\u00f3n de muchas personas, con su realidad concreta, ante el bel\u00e9n&#8217;.<\/p>\n","protected":false},"excerpt":{"rendered":"<p>COLORADO,ALMUDENA<\/p>\n","protected":false},"featured_media":356642,"template":"","meta":{"_acf_changed":false,"om_disable_all_campaigns":false,"rs_blank_template":"","rs_page_bg_color":"","slide_template_v7":"","inline_featured_image":false,"_monsterinsights_skip_tracking":false,"_monsterinsights_sitenote_active":false,"_monsterinsights_sitenote_note":"","_monsterinsights_sitenote_category":0},"product_brand":[],"product_cat":[578,145,388,226,189,453,409,271,227,389],"product_tag":[],"class_list":{"0":"post-356619","1":"product","2":"type-product","3":"status-publish","4":"has-post-thumbnail","6":"product_cat-diccionarios-y-libros-de-consulta","7":"product_cat-diccionaris-i-llibres-de-consulta","8":"product_cat-didactica-catequesis-1_espiritualidad","9":"product_cat-didactica","10":"product_cat-didactica-i-praxi-escolar","11":"product_cat-didactica-y-praxis-escolar","12":"product_cat-en-general-pastoral-1_espiritualidad","13":"product_cat-en-general","14":"product_cat-formacio","15":"product_cat-formacion","17":"first","18":"instock","19":"taxable","20":"shipping-taxable","21":"purchasable","22":"product-type-simple"},"acf":{"editorial":[{"ID":6155,"post_author":"3","post_date":"2022-07-28 17:46:04","post_date_gmt":"2022-07-28 15:46:04","post_content":"","post_title":"Central Catequ\u00edstica Salesiana","post_excerpt":"","post_status":"publish","comment_status":"closed","ping_status":"closed","post_password":"","post_name":"central-catequistica-salesiana","to_ping":"","pinged":"","post_modified":"2022-07-28 17:46:04","post_modified_gmt":"2022-07-28 15:46:04","post_content_filtered":"","post_parent":0,"guid":"http:\/\/dev.claret.cat\/editorial\/central-catequistica-salesiana\/","menu_order":0,"post_type":"editorial","post_mime_type":"","comment_count":"0","filter":"raw"}],"autores-libros":[{"ID":356618,"post_author":"3","post_date":"2023-01-15 00:15:51","post_date_gmt":"2023-01-14 23:15:51","post_content":"","post_title":"ALMUDENA COLORADO","post_excerpt":"","post_status":"publish","comment_status":"closed","ping_status":"closed","post_password":"","post_name":"almudena-colorado","to_ping":"","pinged":"","post_modified":"2023-01-15 00:15:51","post_modified_gmt":"2023-01-14 23:15:51","post_content_filtered":"","post_parent":0,"guid":"https:\/\/www.claret.cat\/autor\/almudena-colorado\/","menu_order":0,"post_type":"autor","post_mime_type":"","comment_count":"0","filter":"raw"}],"autor":"COLORADO,ALMUDENA","codart":"848316954","libros-coleccion":"Celebrar y Orar","ediciones":"1","encuadernacion":"R\u00fastica","fecha_de_publicacion":"29\/11\/2005","novedad":"0","paginas":"124","subtitulo":"ORACIONES INSPIRADAS EN EL BEL\u00c9N","orden":"999","portada":"0","idioma":"spa"},"aioseo_notices":[],"_links":{"self":[{"href":"https:\/\/www.claret.cat\/es\/wp-json\/wp\/v2\/product\/356619","targetHints":{"allow":["GET"]}}],"collection":[{"href":"https:\/\/www.claret.cat\/es\/wp-json\/wp\/v2\/product"}],"about":[{"href":"https:\/\/www.claret.cat\/es\/wp-json\/wp\/v2\/types\/product"}],"wp:featuredmedia":[{"embeddable":true,"href":"https:\/\/www.claret.cat\/es\/wp-json\/wp\/v2\/media\/356642"}],"wp:attachment":[{"href":"https:\/\/www.claret.cat\/es\/wp-json\/wp\/v2\/media?parent=356619"}],"wp:term":[{"taxonomy":"product_brand","embeddable":true,"href":"https:\/\/www.claret.cat\/es\/wp-json\/wp\/v2\/product_brand?post=356619"},{"taxonomy":"product_cat","embeddable":true,"href":"https:\/\/www.claret.cat\/es\/wp-json\/wp\/v2\/product_cat?post=356619"},{"taxonomy":"product_tag","embeddable":true,"href":"https:\/\/www.claret.cat\/es\/wp-json\/wp\/v2\/product_tag?post=356619"}],"curies":[{"name":"wp","href":"https:\/\/api.w.org\/{rel}","templated":true}]}}