{"id":356624,"date":"2023-01-15T00:20:12","date_gmt":"2023-01-14T23:20:12","guid":{"rendered":"https:\/\/www.claret.cat\/llibre\/praxis-de-la-psicologia-positiva-9788483169490\/"},"modified":"2024-05-23T10:26:23","modified_gmt":"2024-05-23T08:26:23","slug":"praxis-de-la-psicologia-positiva-9788483169490","status":"publish","type":"product","link":"https:\/\/www.claret.cat\/es\/libro\/praxis-de-la-psicologia-positiva-9788483169490\/","title":{"rendered":"PRAXIS DE LA PSICOLOG\u00cdA POSITIVA"},"content":{"rendered":"<p>La psicolog\u00eda positiva est\u00e1 establecida desde 1998 en numerosas universidades americanas y en tres centros de investigaci\u00f3n espec\u00edficos.  Esta nueva orientaci\u00f3n de la psicolog\u00eda y terapia creada por Martin Seligman se ha planteado tres tareas: la investigaci\u00f3n y fomento de los sentimientos positivos, de los rasgos positivos de la personalidad y de las instituciones positivas para el desarrollo del ser humano. Los representantes de la psicolog\u00eda positiva critican ante todo dos aspectos de la terapia psicol\u00f3gica tradicional: se concentra en el pasado e intenta compensar debilidades y curar heridas. Frente a ello, el trabajo de la psicolog\u00eda positiva se orienta hacia el futuro, es, por tanto, preventivo. Pretende desarrollar competencias en lugar de corregir debilidades. Este libro recoge las ideas fundamentales de la psicolog\u00eda positiva y permite conocer formas de actuaci\u00f3n basadas en estos principios. Los ejercicios, experimentos y rituales que aqu\u00ed se presentan ayudan a desarrollar la capacidad de responder a las siguientes preguntas existenciales: \u00bfC\u00f3mo puedo valorar positivamente mi pasado \u00bfC\u00f3mo puedo aprender a perdonar? \u00bfC\u00f3mo puedo cultivar relaciones positivas? \u00bfC\u00f3mo puedo ser m\u00e1s amable y humano?<\/p>\n","protected":false},"excerpt":{"rendered":"<p>VOPEL, KLAUS W<\/p>\n","protected":false},"featured_media":0,"template":"","meta":{"_acf_changed":false,"om_disable_all_campaigns":false,"rs_blank_template":"","rs_page_bg_color":"","slide_template_v7":"","inline_featured_image":false,"_monsterinsights_skip_tracking":false,"_monsterinsights_sitenote_active":false,"_monsterinsights_sitenote_note":"","_monsterinsights_sitenote_category":0},"product_brand":[],"product_cat":[179,377,449,181,188,381],"product_tag":[],"class_list":{"0":"post-356624","1":"product","2":"type-product","3":"status-publish","5":"product_cat-autoajuda-i-salut-mental","6":"product_cat-autoayuda-y-salud-mental","7":"product_cat-de-la-personalidad-y-del-desarrollo","8":"product_cat-de-la-personalitat-i-del-desenvolupament","9":"product_cat-psicopedagogia","10":"product_cat-psicopedagogia-pedagogia-2_humanidades","12":"first","13":"outofstock","14":"taxable","15":"shipping-taxable","16":"purchasable","17":"product-type-simple"},"acf":{"editorial":[{"ID":6155,"post_author":"3","post_date":"2022-07-28 17:46:04","post_date_gmt":"2022-07-28 15:46:04","post_content":"","post_title":"Central Catequ\u00edstica Salesiana","post_excerpt":"","post_status":"publish","comment_status":"closed","ping_status":"closed","post_password":"","post_name":"central-catequistica-salesiana","to_ping":"","pinged":"","post_modified":"2022-07-28 17:46:04","post_modified_gmt":"2022-07-28 15:46:04","post_content_filtered":"","post_parent":0,"guid":"http:\/\/dev.claret.cat\/editorial\/central-catequistica-salesiana\/","menu_order":0,"post_type":"editorial","post_mime_type":"","comment_count":"0","filter":"raw"}],"autores-libros":[{"ID":8374,"post_author":"3","post_date":"2022-09-30 09:48:06","post_date_gmt":"2022-09-30 07:48:06","post_content":"","post_title":"KLAUS W VOPEL","post_excerpt":"","post_status":"publish","comment_status":"closed","ping_status":"closed","post_password":"","post_name":"klaus-w-vopel","to_ping":"","pinged":"","post_modified":"2022-09-30 09:48:06","post_modified_gmt":"2022-09-30 07:48:06","post_content_filtered":"","post_parent":0,"guid":"http:\/\/dev.claret.cat\/autor\/klaus-w-vopel\/","menu_order":0,"post_type":"autor","post_mime_type":"","comment_count":"0","filter":"raw"}],"autor":"VOPEL, KLAUS W","codart":"848316949","libros-coleccion":"Animaci\u00f3n de grupos","ediciones":"1","encuadernacion":"R\u00fastica","fecha_de_publicacion":"23\/12\/2005","novedad":"0","paginas":"245","subtitulo":"EJERCICIOS, EXPERIMENTOS, RITUALES","orden":"999","portada":"0","idioma":"spa"},"aioseo_notices":[],"_links":{"self":[{"href":"https:\/\/www.claret.cat\/es\/wp-json\/wp\/v2\/product\/356624","targetHints":{"allow":["GET"]}}],"collection":[{"href":"https:\/\/www.claret.cat\/es\/wp-json\/wp\/v2\/product"}],"about":[{"href":"https:\/\/www.claret.cat\/es\/wp-json\/wp\/v2\/types\/product"}],"wp:attachment":[{"href":"https:\/\/www.claret.cat\/es\/wp-json\/wp\/v2\/media?parent=356624"}],"wp:term":[{"taxonomy":"product_brand","embeddable":true,"href":"https:\/\/www.claret.cat\/es\/wp-json\/wp\/v2\/product_brand?post=356624"},{"taxonomy":"product_cat","embeddable":true,"href":"https:\/\/www.claret.cat\/es\/wp-json\/wp\/v2\/product_cat?post=356624"},{"taxonomy":"product_tag","embeddable":true,"href":"https:\/\/www.claret.cat\/es\/wp-json\/wp\/v2\/product_tag?post=356624"}],"curies":[{"name":"wp","href":"https:\/\/api.w.org\/{rel}","templated":true}]}}