{"id":356631,"date":"2023-01-15T00:25:31","date_gmt":"2023-01-14T23:25:31","guid":{"rendered":"https:\/\/www.claret.cat\/llibre\/la-palabra-de-domingos-y-fiestas-ciclo-b-9788483169551\/"},"modified":"2024-05-23T10:25:46","modified_gmt":"2024-05-23T08:25:46","slug":"la-palabra-de-domingos-y-fiestas-ciclo-b-9788483169551","status":"publish","type":"product","link":"https:\/\/www.claret.cat\/es\/libro\/la-palabra-de-domingos-y-fiestas-ciclo-b-9788483169551\/","title":{"rendered":"LA PALABRA DE DOMINGOS Y FIESTAS. CICLO B"},"content":{"rendered":"<p>En la misma l\u00ednea del libro ya aparecido sobre el Ciclo A, los autores presentan ahora el Ciclo B. Parten de una intuici\u00f3n: necesidad de entender la Palabra y de orar la Palabra. Pens\u00e1bamos en los grupos de personas adultas que animamos, cada uno por su lado. Creemos que el material es v\u00e1lido para otros usos y destinatarios como preparaci\u00f3n de la homil\u00eda y oraci\u00f3n personal. Los autores han hecho el esfuerzo de pasar todo por la cabeza y por el coraz\u00f3n; y ser realistas, poner los pies en el suelo. La obra sirve para entrar en la Palabra de todos los domingos y fiestas del a\u00f1o lit\u00fargico. Mari Patxi Ayerra y \u00c1lvaro Ginel coinciden en esta obra porque los dos se han encontrado en la revista. Catequistas. Esa preocupaci\u00f3n pastoral les ha llevado a trabajar juntos. En la Editorial CCS han publicado varios t\u00edtulos.<\/p>\n","protected":false},"excerpt":{"rendered":"<p>AYERRA,MARI PARXI;GINEL,\u00c1<\/p>\n","protected":false},"featured_media":356632,"template":"","meta":{"_acf_changed":false,"om_disable_all_campaigns":false,"rs_blank_template":"","rs_page_bg_color":"","slide_template_v7":"","inline_featured_image":false,"_monsterinsights_skip_tracking":false,"_monsterinsights_sitenote_active":false,"_monsterinsights_sitenote_note":"","_monsterinsights_sitenote_category":0},"product_brand":[],"product_cat":[399,253,256,501,497,248],"product_tag":[],"class_list":{"0":"post-356631","1":"product","2":"type-product","3":"status-publish","4":"has-post-thumbnail","6":"product_cat-any-liturgic-liturgia-1_espiritualidad","7":"product_cat-any-liturgic","8":"product_cat-homiletica","9":"product_cat-homiletica-liturgia-1_espiritualidad","10":"product_cat-meditaciones","11":"product_cat-meditacions","13":"first","14":"instock","15":"taxable","16":"shipping-taxable","17":"purchasable","18":"product-type-simple"},"acf":{"editorial":[{"ID":6155,"post_author":"3","post_date":"2022-07-28 17:46:04","post_date_gmt":"2022-07-28 15:46:04","post_content":"","post_title":"Central Catequ\u00edstica Salesiana","post_excerpt":"","post_status":"publish","comment_status":"closed","ping_status":"closed","post_password":"","post_name":"central-catequistica-salesiana","to_ping":"","pinged":"","post_modified":"2022-07-28 17:46:04","post_modified_gmt":"2022-07-28 15:46:04","post_content_filtered":"","post_parent":0,"guid":"http:\/\/dev.claret.cat\/editorial\/central-catequistica-salesiana\/","menu_order":0,"post_type":"editorial","post_mime_type":"","comment_count":"0","filter":"raw"}],"autores-libros":[{"ID":5789,"post_author":"3","post_date":"2022-07-28 17:31:30","post_date_gmt":"2022-07-28 15:31:30","post_content":"","post_title":"MARI PATXI AYERRA","post_excerpt":"","post_status":"publish","comment_status":"closed","ping_status":"closed","post_password":"","post_name":"mari-patxi-ayerra","to_ping":"","pinged":"","post_modified":"2022-07-28 17:31:30","post_modified_gmt":"2022-07-28 15:31:30","post_content_filtered":"","post_parent":0,"guid":"http:\/\/dev.claret.cat\/autor\/mari-patxi-ayerra\/","menu_order":0,"post_type":"autor","post_mime_type":"","comment_count":"0","filter":"raw"},{"ID":8281,"post_author":"3","post_date":"2022-09-30 09:47:24","post_date_gmt":"2022-09-30 07:47:24","post_content":"","post_title":"\u00c1LVARO GINEL","post_excerpt":"","post_status":"publish","comment_status":"closed","ping_status":"closed","post_password":"","post_name":"alvaro-ginel","to_ping":"","pinged":"","post_modified":"2022-09-30 09:47:24","post_modified_gmt":"2022-09-30 07:47:24","post_content_filtered":"","post_parent":0,"guid":"http:\/\/dev.claret.cat\/autor\/alvaro-ginel\/","menu_order":0,"post_type":"autor","post_mime_type":"","comment_count":"0","filter":"raw"}],"autor":"AYERRA,MARI PARXI;GINEL,\u00c1","codart":"848316955","libros-coleccion":"Palabra Viva","ediciones":"1","encuadernacion":"R\u00fastica","fecha_de_publicacion":"21\/11\/2005","novedad":"0","paginas":"180","subtitulo":"COMENTARIO Y ORACI\u00d3N","orden":"999","portada":"0","idioma":"spa"},"aioseo_notices":[],"_links":{"self":[{"href":"https:\/\/www.claret.cat\/es\/wp-json\/wp\/v2\/product\/356631","targetHints":{"allow":["GET"]}}],"collection":[{"href":"https:\/\/www.claret.cat\/es\/wp-json\/wp\/v2\/product"}],"about":[{"href":"https:\/\/www.claret.cat\/es\/wp-json\/wp\/v2\/types\/product"}],"wp:featuredmedia":[{"embeddable":true,"href":"https:\/\/www.claret.cat\/es\/wp-json\/wp\/v2\/media\/356632"}],"wp:attachment":[{"href":"https:\/\/www.claret.cat\/es\/wp-json\/wp\/v2\/media?parent=356631"}],"wp:term":[{"taxonomy":"product_brand","embeddable":true,"href":"https:\/\/www.claret.cat\/es\/wp-json\/wp\/v2\/product_brand?post=356631"},{"taxonomy":"product_cat","embeddable":true,"href":"https:\/\/www.claret.cat\/es\/wp-json\/wp\/v2\/product_cat?post=356631"},{"taxonomy":"product_tag","embeddable":true,"href":"https:\/\/www.claret.cat\/es\/wp-json\/wp\/v2\/product_tag?post=356631"}],"curies":[{"name":"wp","href":"https:\/\/api.w.org\/{rel}","templated":true}]}}