{"id":356648,"date":"2023-01-15T00:30:34","date_gmt":"2023-01-14T23:30:34","guid":{"rendered":"https:\/\/www.claret.cat\/llibre\/orar-en-adviento-9788483169667\/"},"modified":"2024-05-23T10:25:20","modified_gmt":"2024-05-23T08:25:20","slug":"orar-en-adviento-9788483169667","status":"publish","type":"product","link":"https:\/\/www.claret.cat\/es\/libro\/orar-en-adviento-9788483169667\/","title":{"rendered":"ORAR EN ADVIENTO"},"content":{"rendered":"<p>Propuesta de oraci\u00f3n que consiste en:* Referencia de las lecturas b\u00edblicas del d\u00eda.* Breve comentario a partir de una de las lecturas o del salmo.* Una reflexi\u00f3n. Punto de encuentro para la propia meditaci\u00f3n.* Una oraci\u00f3n.* Unas sugerencias para pasar de la teor\u00eda a la pr\u00e1ctica.El Adviento es un tiempo lit\u00fargico bonito que nos abre a la acogida de todo lo que Dios ha ense\u00f1ado para nosotros. Hoy tambi\u00e9n Dios quiere venir a cada uno de nosotros y a nuestro mundo para hacerlo m\u00e1s divino y menos guiado por las solas ambiciones de las personas.<\/p>\n","protected":false},"excerpt":{"rendered":"<p>AYERRA,MARI PATXI;GINEL,\u00c1<\/p>\n","protected":false},"featured_media":356649,"template":"","meta":{"_acf_changed":false,"om_disable_all_campaigns":false,"rs_blank_template":"","rs_page_bg_color":"","slide_template_v7":"","inline_featured_image":false,"_monsterinsights_skip_tracking":false,"_monsterinsights_sitenote_active":false,"_monsterinsights_sitenote_note":"","_monsterinsights_sitenote_category":0},"product_brand":[],"product_cat":[399,253,523,299,396,247],"product_tag":[],"class_list":{"0":"post-356648","1":"product","2":"type-product","3":"status-publish","4":"has-post-thumbnail","6":"product_cat-any-liturgic-liturgia-1_espiritualidad","7":"product_cat-any-liturgic","8":"product_cat-laicos-y-testimonios","9":"product_cat-laics-i-testimonis","10":"product_cat-oracion","11":"product_cat-pregaria","13":"first","14":"instock","15":"taxable","16":"shipping-taxable","17":"purchasable","18":"product-type-simple"},"acf":{"editorial":[{"ID":6155,"post_author":"3","post_date":"2022-07-28 17:46:04","post_date_gmt":"2022-07-28 15:46:04","post_content":"","post_title":"Central Catequ\u00edstica Salesiana","post_excerpt":"","post_status":"publish","comment_status":"closed","ping_status":"closed","post_password":"","post_name":"central-catequistica-salesiana","to_ping":"","pinged":"","post_modified":"2022-07-28 17:46:04","post_modified_gmt":"2022-07-28 15:46:04","post_content_filtered":"","post_parent":0,"guid":"http:\/\/dev.claret.cat\/editorial\/central-catequistica-salesiana\/","menu_order":0,"post_type":"editorial","post_mime_type":"","comment_count":"0","filter":"raw"}],"autores-libros":[{"ID":5789,"post_author":"3","post_date":"2022-07-28 17:31:30","post_date_gmt":"2022-07-28 15:31:30","post_content":"","post_title":"MARI PATXI AYERRA","post_excerpt":"","post_status":"publish","comment_status":"closed","ping_status":"closed","post_password":"","post_name":"mari-patxi-ayerra","to_ping":"","pinged":"","post_modified":"2022-07-28 17:31:30","post_modified_gmt":"2022-07-28 15:31:30","post_content_filtered":"","post_parent":0,"guid":"http:\/\/dev.claret.cat\/autor\/mari-patxi-ayerra\/","menu_order":0,"post_type":"autor","post_mime_type":"","comment_count":"0","filter":"raw"},{"ID":356647,"post_author":"3","post_date":"2023-01-15 00:30:31","post_date_gmt":"2023-01-14 23:30:31","post_content":"","post_title":"\u00c1 GINEL","post_excerpt":"","post_status":"publish","comment_status":"closed","ping_status":"closed","post_password":"","post_name":"a-ginel","to_ping":"","pinged":"","post_modified":"2023-01-15 00:30:31","post_modified_gmt":"2023-01-14 23:30:31","post_content_filtered":"","post_parent":0,"guid":"https:\/\/www.claret.cat\/autor\/a-ginel\/","menu_order":0,"post_type":"autor","post_mime_type":"","comment_count":"0","filter":"raw"}],"autor":"AYERRA,MARI PATXI;GINEL,\u00c1","codart":"848316966","libros-coleccion":"Oraciones","ediciones":"2","encuadernacion":"R\u00fastica","fecha_de_publicacion":"01\/10\/2007","novedad":"0","paginas":"164","subtitulo":"ORACIONES PARA CADA D\u00cdA DEL ADVIENTO","orden":"999","portada":"0","idioma":"spa"},"aioseo_notices":[],"_links":{"self":[{"href":"https:\/\/www.claret.cat\/es\/wp-json\/wp\/v2\/product\/356648","targetHints":{"allow":["GET"]}}],"collection":[{"href":"https:\/\/www.claret.cat\/es\/wp-json\/wp\/v2\/product"}],"about":[{"href":"https:\/\/www.claret.cat\/es\/wp-json\/wp\/v2\/types\/product"}],"wp:featuredmedia":[{"embeddable":true,"href":"https:\/\/www.claret.cat\/es\/wp-json\/wp\/v2\/media\/356649"}],"wp:attachment":[{"href":"https:\/\/www.claret.cat\/es\/wp-json\/wp\/v2\/media?parent=356648"}],"wp:term":[{"taxonomy":"product_brand","embeddable":true,"href":"https:\/\/www.claret.cat\/es\/wp-json\/wp\/v2\/product_brand?post=356648"},{"taxonomy":"product_cat","embeddable":true,"href":"https:\/\/www.claret.cat\/es\/wp-json\/wp\/v2\/product_cat?post=356648"},{"taxonomy":"product_tag","embeddable":true,"href":"https:\/\/www.claret.cat\/es\/wp-json\/wp\/v2\/product_tag?post=356648"}],"curies":[{"name":"wp","href":"https:\/\/api.w.org\/{rel}","templated":true}]}}