{"id":356653,"date":"2023-01-15T00:30:48","date_gmt":"2023-01-14T23:30:48","guid":{"rendered":"https:\/\/www.claret.cat\/llibre\/adolescentes-en-riesgo-9788483169698\/"},"modified":"2024-05-23T10:25:33","modified_gmt":"2024-05-23T08:25:33","slug":"adolescentes-en-riesgo-9788483169698","status":"publish","type":"product","link":"https:\/\/www.claret.cat\/es\/libro\/adolescentes-en-riesgo-9788483169698\/","title":{"rendered":"ADOLESCENTES EN RIESGO"},"content":{"rendered":"<p>Este libro supone una aproximaci\u00f3n did\u00e1ctica y cr\u00edtica a la realidad de la intervenci\u00f3n con adolescentes en el campo de la marginaci\u00f3n y la exclusi\u00f3n social. Es fruto de un intenso proceso de reflexi\u00f3n sobre la pr\u00e1ctica profesional: centros de d\u00eda, medidas judiciales, prevenci\u00f3n de drogodependencias, formaci\u00f3n e inserci\u00f3n sociolaboral, centros de acogida, mediaci\u00f3n e intervenci\u00f3n familiar, trabajo de calle&#8230; constituyen los espacios principales desde los que se ha articulado el modelo de intervenci\u00f3n que se expone.<br \/>Metodolog\u00eda y buenas pr\u00e1cticas para incidir sobre este colectivo, se entremezclan con vivencias y experiencias concretas. Infinidad de ejemplo cortos ilustran el texto; cada cap\u00edtulo se acompa\u00f1a de un caso pr\u00e1ctico que refleja la problem\u00e1tica espec\u00edfica y ofrece pistas para la acci\u00f3n profesional. Se trata de una obra de consulta, accesible para estudiantes y \u00fatil para todo tipo de profesionales que intervengan desde una perspectiva socioeducativa con adolescentes en riesgo.<\/p>\n","protected":false},"excerpt":{"rendered":"<p>TAR\u00cdN,MANUEL;NAVARRO,JOS\u00c9<\/p>\n","protected":false},"featured_media":356667,"template":"","meta":{"_acf_changed":false,"om_disable_all_campaigns":false,"rs_blank_template":"","rs_page_bg_color":"","slide_template_v7":"","inline_featured_image":false,"_monsterinsights_skip_tracking":false,"_monsterinsights_sitenote_active":false,"_monsterinsights_sitenote_note":"","_monsterinsights_sitenote_category":0},"product_brand":[],"product_cat":[449,181,189,453,143,576,269,407,437,163],"product_tag":[],"class_list":{"0":"post-356653","1":"product","2":"type-product","3":"status-publish","4":"has-post-thumbnail","6":"product_cat-de-la-personalidad-y-del-desarrollo","7":"product_cat-de-la-personalitat-i-del-desenvolupament","8":"product_cat-didactica-i-praxi-escolar","9":"product_cat-didactica-y-praxis-escolar","10":"product_cat-educacio-en-valors","11":"product_cat-educacion-en-valores-escolar-4_escolar-spa","12":"product_cat-juvenil-pastoral","13":"product_cat-juvenil-pastoral-1_espiritualidad","14":"product_cat-valores-y-convivencia","15":"product_cat-valors-i-convivencia","17":"first","18":"instock","19":"taxable","20":"shipping-taxable","21":"purchasable","22":"product-type-simple"},"acf":{"editorial":[{"ID":6155,"post_author":"3","post_date":"2022-07-28 17:46:04","post_date_gmt":"2022-07-28 15:46:04","post_content":"","post_title":"Central Catequ\u00edstica Salesiana","post_excerpt":"","post_status":"publish","comment_status":"closed","ping_status":"closed","post_password":"","post_name":"central-catequistica-salesiana","to_ping":"","pinged":"","post_modified":"2022-07-28 17:46:04","post_modified_gmt":"2022-07-28 15:46:04","post_content_filtered":"","post_parent":0,"guid":"http:\/\/dev.claret.cat\/editorial\/central-catequistica-salesiana\/","menu_order":0,"post_type":"editorial","post_mime_type":"","comment_count":"0","filter":"raw"}],"autores-libros":[{"ID":356652,"post_author":"3","post_date":"2023-01-15 00:30:45","post_date_gmt":"2023-01-14 23:30:45","post_content":"","post_title":"MANUEL TAR\u00cdN","post_excerpt":"","post_status":"publish","comment_status":"closed","ping_status":"closed","post_password":"","post_name":"manuel-tarin","to_ping":"","pinged":"","post_modified":"2023-01-15 00:30:45","post_modified_gmt":"2023-01-14 23:30:45","post_content_filtered":"","post_parent":0,"guid":"https:\/\/www.claret.cat\/autor\/manuel-tarin\/","menu_order":0,"post_type":"autor","post_mime_type":"","comment_count":"0","filter":"raw"},{"ID":356651,"post_author":"3","post_date":"2023-01-15 00:30:44","post_date_gmt":"2023-01-14 23:30:44","post_content":"","post_title":"JOS\u00c9 JAVIER NAVARRO","post_excerpt":"","post_status":"publish","comment_status":"closed","ping_status":"closed","post_password":"","post_name":"jose-javier-navarro","to_ping":"","pinged":"","post_modified":"2023-01-15 00:30:44","post_modified_gmt":"2023-01-14 23:30:44","post_content_filtered":"","post_parent":0,"guid":"https:\/\/www.claret.cat\/autor\/jose-javier-navarro\/","menu_order":0,"post_type":"autor","post_mime_type":"","comment_count":"0","filter":"raw"}],"autor":"TAR\u00cdN,MANUEL;NAVARRO,JOS\u00c9","codart":"848316969","libros-coleccion":"Educar","ediciones":"2","encuadernacion":"R\u00fastica","fecha_de_publicacion":"28\/02\/2006","novedad":"0","paginas":"302","subtitulo":"CASOS PR\u00c1CTICOS Y ESTRATEGIAS DE INTERVENCI\u00d3N SOCIOEDUCATIVA","orden":"999","portada":"0","idioma":"spa"},"aioseo_notices":[],"_links":{"self":[{"href":"https:\/\/www.claret.cat\/es\/wp-json\/wp\/v2\/product\/356653","targetHints":{"allow":["GET"]}}],"collection":[{"href":"https:\/\/www.claret.cat\/es\/wp-json\/wp\/v2\/product"}],"about":[{"href":"https:\/\/www.claret.cat\/es\/wp-json\/wp\/v2\/types\/product"}],"wp:featuredmedia":[{"embeddable":true,"href":"https:\/\/www.claret.cat\/es\/wp-json\/wp\/v2\/media\/356667"}],"wp:attachment":[{"href":"https:\/\/www.claret.cat\/es\/wp-json\/wp\/v2\/media?parent=356653"}],"wp:term":[{"taxonomy":"product_brand","embeddable":true,"href":"https:\/\/www.claret.cat\/es\/wp-json\/wp\/v2\/product_brand?post=356653"},{"taxonomy":"product_cat","embeddable":true,"href":"https:\/\/www.claret.cat\/es\/wp-json\/wp\/v2\/product_cat?post=356653"},{"taxonomy":"product_tag","embeddable":true,"href":"https:\/\/www.claret.cat\/es\/wp-json\/wp\/v2\/product_tag?post=356653"}],"curies":[{"name":"wp","href":"https:\/\/api.w.org\/{rel}","templated":true}]}}