{"id":356749,"date":"2023-01-15T00:48:46","date_gmt":"2023-01-14T23:48:46","guid":{"rendered":"https:\/\/www.claret.cat\/llibre\/las-manos-vacias-el-mensaje-de-teresa-de-lisieux-9788483530542\/"},"modified":"2025-09-25T13:05:52","modified_gmt":"2025-09-25T11:05:52","slug":"las-manos-vacias-el-mensaje-de-teresa-de-lisieux-9788483530542","status":"publish","type":"product","link":"https:\/\/www.claret.cat\/es\/libro\/las-manos-vacias-el-mensaje-de-teresa-de-lisieux-9788483530542\/","title":{"rendered":"LAS MANOS VAC\u00cdAS. EL MENSAJE DE TERESA DE LISIEUX"},"content":{"rendered":"<p>He aqu\u00ed un precioso libro que edici\u00f3n tras edici\u00f3n nos sigue ofreciendo un an\u00e1lisis hasta la ra\u00edz de una misma doctrina: la del abandono y confianza en el Se\u00f1or. Hacerse ni\u00f1os es la condici\u00f3n \u00fanica y suficiente para lograr la confianza plena en Dios. Para que El act\u00fae con libertad en nosotros.<\/p>\n","protected":false},"excerpt":{"rendered":"<p>DE MEESTER, CONRAD<\/p>\n","protected":false},"featured_media":356750,"template":"","meta":{"_acf_changed":false,"om_disable_all_campaigns":false,"rs_blank_template":"","rs_page_bg_color":"","slide_template_v7":"","inline_featured_image":false,"_monsterinsights_skip_tracking":false,"_monsterinsights_sitenote_active":false,"_monsterinsights_sitenote_note":"","_monsterinsights_sitenote_category":0},"product_brand":[],"product_cat":[90,540],"product_tag":[],"class_list":{"0":"post-356749","1":"product","2":"type-product","3":"status-publish","4":"has-post-thumbnail","6":"product_cat-altres","7":"product_cat-otros","9":"first","10":"instock","11":"taxable","12":"shipping-taxable","13":"purchasable","14":"product-type-simple"},"acf":{"editorial":[{"ID":6309,"post_author":"3","post_date":"2022-07-28 17:49:25","post_date_gmt":"2022-07-28 15:49:25","post_content":"","post_title":"Monte Carmelo","post_excerpt":"","post_status":"publish","comment_status":"closed","ping_status":"closed","post_password":"","post_name":"monte-carmelo","to_ping":"","pinged":"","post_modified":"2022-07-28 17:49:25","post_modified_gmt":"2022-07-28 15:49:25","post_content_filtered":"","post_parent":0,"guid":"http:\/\/dev.claret.cat\/editorial\/monte-carmelo\/","menu_order":0,"post_type":"editorial","post_mime_type":"","comment_count":"0","filter":"raw"}],"autores-libros":[{"ID":153224,"post_author":"3","post_date":"2022-10-14 14:55:04","post_date_gmt":"2022-10-14 12:55:04","post_content":"","post_title":"CONRAD DE MEESTER","post_excerpt":"","post_status":"publish","comment_status":"closed","ping_status":"closed","post_password":"","post_name":"conrad-de-meester","to_ping":"","pinged":"","post_modified":"2022-10-14 14:55:04","post_modified_gmt":"2022-10-14 12:55:04","post_content_filtered":"","post_parent":0,"guid":"http:\/\/dev.claret.cat\/autor\/conrad-de-meester\/","menu_order":0,"post_type":"autor","post_mime_type":"","comment_count":"0","filter":"raw"}],"autor":"DE MEESTER, CONRAD","codart":"848353054","libros-coleccion":"","ediciones":"8","encuadernacion":"R\u00fastica","fecha_de_publicacion":"01\/04\/2007","novedad":"0","paginas":"182","subtitulo":"","orden":"999","portada":"0","idioma":"spa","booktrailer":"","resenas":""},"aioseo_notices":[],"_links":{"self":[{"href":"https:\/\/www.claret.cat\/es\/wp-json\/wp\/v2\/product\/356749","targetHints":{"allow":["GET"]}}],"collection":[{"href":"https:\/\/www.claret.cat\/es\/wp-json\/wp\/v2\/product"}],"about":[{"href":"https:\/\/www.claret.cat\/es\/wp-json\/wp\/v2\/types\/product"}],"wp:featuredmedia":[{"embeddable":true,"href":"https:\/\/www.claret.cat\/es\/wp-json\/wp\/v2\/media\/356750"}],"wp:attachment":[{"href":"https:\/\/www.claret.cat\/es\/wp-json\/wp\/v2\/media?parent=356749"}],"wp:term":[{"taxonomy":"product_brand","embeddable":true,"href":"https:\/\/www.claret.cat\/es\/wp-json\/wp\/v2\/product_brand?post=356749"},{"taxonomy":"product_cat","embeddable":true,"href":"https:\/\/www.claret.cat\/es\/wp-json\/wp\/v2\/product_cat?post=356749"},{"taxonomy":"product_tag","embeddable":true,"href":"https:\/\/www.claret.cat\/es\/wp-json\/wp\/v2\/product_tag?post=356749"}],"curies":[{"name":"wp","href":"https:\/\/api.w.org\/{rel}","templated":true}]}}