{"id":356814,"date":"2023-01-15T01:01:17","date_gmt":"2023-01-15T00:01:17","guid":{"rendered":"https:\/\/www.claret.cat\/llibre\/isabel-de-la-trinidad-9788483530801\/"},"modified":"2024-05-23T10:16:37","modified_gmt":"2024-05-23T08:16:37","slug":"isabel-de-la-trinidad-9788483530801","status":"publish","type":"product","link":"https:\/\/www.claret.cat\/es\/libro\/isabel-de-la-trinidad-9788483530801\/","title":{"rendered":"ISABEL DE LA TRINIDAD"},"content":{"rendered":"<p>\u201cLa estructura de su mundo espiritual, el contenido y el estilo de su pensamiento teol\u00f3gico son de una densidad y de una consistencia sin quiebra\u201d (Hans Urs von Baltasar). La escala de su doctrina espiritual es amplia, de una riqueza poco com\u00fan y de gran actualidad. Es \u201cuna gu\u00eda segura\u201d (Juan Pablo II) para aprender a vivir en \u00edntima comuni\u00f3n con Dios en medio de la vida cotidiana moderna. En el di\u00e1logo interreligioso contempor\u00e1neo, ella es un extraordinario testigo de la Trinidad. Consagrada profetisa de la Presencia de Dios en todo ser humano, Isabel invita a los peregrinos del Absoluto a abrirse apasionadamente \u201ca la Luz, al Amor, a la Vida\u201d.<\/p>\n","protected":false},"excerpt":{"rendered":"<p>DE MEESTER, CONRAD<\/p>\n","protected":false},"featured_media":356815,"template":"","meta":{"_acf_changed":false,"om_disable_all_campaigns":false,"rs_blank_template":"","rs_page_bg_color":"","slide_template_v7":"","inline_featured_image":false,"_monsterinsights_skip_tracking":false,"_monsterinsights_sitenote_active":false,"_monsterinsights_sitenote_note":"","_monsterinsights_sitenote_category":0},"product_brand":[],"product_cat":[90,540],"product_tag":[],"class_list":{"0":"post-356814","1":"product","2":"type-product","3":"status-publish","4":"has-post-thumbnail","6":"product_cat-altres","7":"product_cat-otros","9":"first","10":"instock","11":"taxable","12":"shipping-taxable","13":"purchasable","14":"product-type-simple"},"acf":{"editorial":[{"ID":6309,"post_author":"3","post_date":"2022-07-28 17:49:25","post_date_gmt":"2022-07-28 15:49:25","post_content":"","post_title":"Monte Carmelo","post_excerpt":"","post_status":"publish","comment_status":"closed","ping_status":"closed","post_password":"","post_name":"monte-carmelo","to_ping":"","pinged":"","post_modified":"2022-07-28 17:49:25","post_modified_gmt":"2022-07-28 15:49:25","post_content_filtered":"","post_parent":0,"guid":"http:\/\/dev.claret.cat\/editorial\/monte-carmelo\/","menu_order":0,"post_type":"editorial","post_mime_type":"","comment_count":"0","filter":"raw"}],"autores-libros":[{"ID":153224,"post_author":"3","post_date":"2022-10-14 14:55:04","post_date_gmt":"2022-10-14 12:55:04","post_content":"","post_title":"CONRAD DE MEESTER","post_excerpt":"","post_status":"publish","comment_status":"closed","ping_status":"closed","post_password":"","post_name":"conrad-de-meester","to_ping":"","pinged":"","post_modified":"2022-10-14 14:55:04","post_modified_gmt":"2022-10-14 12:55:04","post_content_filtered":"","post_parent":0,"guid":"http:\/\/dev.claret.cat\/autor\/conrad-de-meester\/","menu_order":0,"post_type":"autor","post_mime_type":"","comment_count":"0","filter":"raw"}],"autor":"DE MEESTER, CONRAD","codart":"848353080","libros-coleccion":"","ediciones":"1","encuadernacion":"R\u00fastica","fecha_de_publicacion":"18\/01\/2008","novedad":"0","paginas":"0","subtitulo":"BIOGRAF\u00cdA","orden":"999","portada":"0","idioma":"spa"},"aioseo_notices":[],"_links":{"self":[{"href":"https:\/\/www.claret.cat\/es\/wp-json\/wp\/v2\/product\/356814","targetHints":{"allow":["GET"]}}],"collection":[{"href":"https:\/\/www.claret.cat\/es\/wp-json\/wp\/v2\/product"}],"about":[{"href":"https:\/\/www.claret.cat\/es\/wp-json\/wp\/v2\/types\/product"}],"wp:featuredmedia":[{"embeddable":true,"href":"https:\/\/www.claret.cat\/es\/wp-json\/wp\/v2\/media\/356815"}],"wp:attachment":[{"href":"https:\/\/www.claret.cat\/es\/wp-json\/wp\/v2\/media?parent=356814"}],"wp:term":[{"taxonomy":"product_brand","embeddable":true,"href":"https:\/\/www.claret.cat\/es\/wp-json\/wp\/v2\/product_brand?post=356814"},{"taxonomy":"product_cat","embeddable":true,"href":"https:\/\/www.claret.cat\/es\/wp-json\/wp\/v2\/product_cat?post=356814"},{"taxonomy":"product_tag","embeddable":true,"href":"https:\/\/www.claret.cat\/es\/wp-json\/wp\/v2\/product_tag?post=356814"}],"curies":[{"name":"wp","href":"https:\/\/api.w.org\/{rel}","templated":true}]}}