{"id":35684,"date":"2022-10-02T18:07:31","date_gmt":"2022-10-02T16:07:31","guid":{"rendered":"http:\/\/dev.claret.cat\/producte\/la-tardor-em-sobta\/"},"modified":"2023-10-06T08:37:52","modified_gmt":"2023-10-06T06:37:52","slug":"la-tardor-em-sobta-9788477276661","status":"publish","type":"product","link":"https:\/\/www.claret.cat\/es\/libro\/la-tardor-em-sobta-9788477276661\/","title":{"rendered":"LA TARDOR EM SOBTA"},"content":{"rendered":"<p>Un dietari en qu\u00e8 Francesc Parcerisas reflexiona sobre la fragmentaci\u00f3 de l experi\u00e8ncia i la impossibilitat moderna de dotar de sentit el tot. Si per a Stendhal una novel la era \u00abun mirall que hom passeja al llarg del cam\u00ed\u00bb, els textos reunits en aquest llibre no s\u00f3n sin\u00f3 bocins de miralls que l autor ha aplegat meticulosament al marge de molts camins: reflexions, lectures, anotacions, cites, esbossos&#8230;<\/p>\n","protected":false},"excerpt":{"rendered":"<p>PARCERISAS, FRANCESC<\/p>\n","protected":false},"featured_media":52397,"template":"","meta":{"_acf_changed":false,"om_disable_all_campaigns":false,"rs_blank_template":"","rs_page_bg_color":"","slide_template_v7":"","inline_featured_image":false,"_monsterinsights_skip_tracking":false,"_monsterinsights_sitenote_active":false,"_monsterinsights_sitenote_note":"","_monsterinsights_sitenote_category":0},"product_brand":[],"product_cat":[90],"product_tag":[],"class_list":{"0":"post-35684","1":"product","2":"type-product","3":"status-publish","4":"has-post-thumbnail","6":"product_cat-altres","8":"first","9":"instock","10":"taxable","11":"shipping-taxable","12":"purchasable","13":"product-type-simple"},"acf":{"autor":"PARCERISAS, FRANCESC","codart":"847727666","libros-coleccion":"FORA DE COL.LECCI\u00d3","ediciones":"1","encuadernacion":"R\u00fastica","fecha_de_publicacion":"01\/07\/2022","novedad":"1","paginas":"208","subtitulo":"","orden":"0","portada":"0","idioma":"cat","editorial":[{"ID":6342,"post_author":"3","post_date":"2022-07-28 17:50:08","post_date_gmt":"2022-07-28 15:50:08","post_content":"","post_title":"QUADERNS CREMA","post_excerpt":"","post_status":"publish","comment_status":"closed","ping_status":"closed","post_password":"","post_name":"quaderns-crema","to_ping":"","pinged":"","post_modified":"2022-07-28 17:50:08","post_modified_gmt":"2022-07-28 15:50:08","post_content_filtered":"","post_parent":0,"guid":"http:\/\/dev.claret.cat\/editorial\/quaderns-crema\/","menu_order":0,"post_type":"editorial","post_mime_type":"","comment_count":"0","filter":"raw"}],"autores-libros":[{"ID":156118,"post_author":"3","post_date":"2022-10-14 15:18:15","post_date_gmt":"2022-10-14 13:18:15","post_content":"","post_title":"FRANCESC PARCERISAS","post_excerpt":"","post_status":"publish","comment_status":"closed","ping_status":"closed","post_password":"","post_name":"francesc-parcerisas","to_ping":"","pinged":"","post_modified":"2022-10-14 15:18:15","post_modified_gmt":"2022-10-14 13:18:15","post_content_filtered":"","post_parent":0,"guid":"http:\/\/dev.claret.cat\/autor\/francesc-parcerisas\/","menu_order":0,"post_type":"autor","post_mime_type":"","comment_count":"0","filter":"raw"}]},"aioseo_notices":[],"_links":{"self":[{"href":"https:\/\/www.claret.cat\/es\/wp-json\/wp\/v2\/product\/35684","targetHints":{"allow":["GET"]}}],"collection":[{"href":"https:\/\/www.claret.cat\/es\/wp-json\/wp\/v2\/product"}],"about":[{"href":"https:\/\/www.claret.cat\/es\/wp-json\/wp\/v2\/types\/product"}],"wp:featuredmedia":[{"embeddable":true,"href":"https:\/\/www.claret.cat\/es\/wp-json\/wp\/v2\/media\/52397"}],"wp:attachment":[{"href":"https:\/\/www.claret.cat\/es\/wp-json\/wp\/v2\/media?parent=35684"}],"wp:term":[{"taxonomy":"product_brand","embeddable":true,"href":"https:\/\/www.claret.cat\/es\/wp-json\/wp\/v2\/product_brand?post=35684"},{"taxonomy":"product_cat","embeddable":true,"href":"https:\/\/www.claret.cat\/es\/wp-json\/wp\/v2\/product_cat?post=35684"},{"taxonomy":"product_tag","embeddable":true,"href":"https:\/\/www.claret.cat\/es\/wp-json\/wp\/v2\/product_tag?post=35684"}],"curies":[{"name":"wp","href":"https:\/\/api.w.org\/{rel}","templated":true}]}}