{"id":356846,"date":"2023-01-15T01:03:11","date_gmt":"2023-01-15T00:03:11","guid":{"rendered":"https:\/\/www.claret.cat\/llibre\/100-fichas-sobre-la-evangelizacion-9788483531259\/"},"modified":"2024-05-23T10:12:58","modified_gmt":"2024-05-23T08:12:58","slug":"100-fichas-sobre-la-evangelizacion-9788483531259","status":"publish","type":"product","link":"https:\/\/www.claret.cat\/es\/libro\/100-fichas-sobre-la-evangelizacion-9788483531259\/","title":{"rendered":"100 FICHAS SOBRE LA EVANGELIZACI\u00d3N"},"content":{"rendered":"<p>Desde la promulgaci\u00f3n del Evangelio nuntiandi han pasado m\u00e1s de cuarantea a\u00f1os. Hoy nos hallamos ante un cambio de \u00e9poca. Los acentos, contextos y situaciones han experiementado desarrollos nuevos a los que la evangelizaci\u00f3n actual ha de dar respuesta y horizontes significativos.Hoy se habla mucho de nueva evangelizaci\u00f3n. Las obras que van surgiendo en esta l\u00ednea son muy abundantes, pero quiz\u00e1 haya que partir de una sospecha peligrosa: \u00bfQu\u00e9 entendemos por evangelizaci\u00f3n? \u00bfNo puede ocurrir que tal vez cada cual intente imponer una concepci\u00f3n evangelizadora -necesaria, pero limitada. desde sus modos de ver espiritualidades o \u00e1mbitos de trabajo?.<br \/>Hemos pretendido ofrecer en estas &#8216;100 Fichas&#8217; una visi\u00f3n global e integradora de lo que hoy d\u00eda ha de entenderse por evangelizaci\u00f3n de forma din\u00e1mica, a nuestro juicio es la principal aportaci\u00f3n que ofertamos a cuantos est\u00e1n implicados en la imperiosa tarea de evangelizar.<\/p>\n","protected":false},"excerpt":{"rendered":"<p>CALVO P\u00c9REZ, ROBERTO<\/p>\n","protected":false},"featured_media":356870,"template":"","meta":{"_acf_changed":false,"om_disable_all_campaigns":false,"rs_blank_template":"","rs_page_bg_color":"","slide_template_v7":"","inline_featured_image":false,"_monsterinsights_skip_tracking":false,"_monsterinsights_sitenote_active":false,"_monsterinsights_sitenote_note":"","_monsterinsights_sitenote_category":0},"product_brand":[],"product_cat":[484,228,283,511,227,389,419,285],"product_tag":[],"class_list":{"0":"post-356846","1":"product","2":"type-product","3":"status-publish","4":"has-post-thumbnail","6":"product_cat-dosieres","7":"product_cat-dossiers","8":"product_cat-eclesiologia-teologia","9":"product_cat-eclesiologia-teologia-1_espiritualidad","10":"product_cat-formacio","11":"product_cat-formacion","12":"product_cat-pastoral-teologia-1_espiritualidad","13":"product_cat-pastoral-teologia","15":"first","16":"instock","17":"taxable","18":"shipping-taxable","19":"purchasable","20":"product-type-simple"},"acf":{"editorial":[{"ID":6309,"post_author":"3","post_date":"2022-07-28 17:49:25","post_date_gmt":"2022-07-28 15:49:25","post_content":"","post_title":"Monte Carmelo","post_excerpt":"","post_status":"publish","comment_status":"closed","ping_status":"closed","post_password":"","post_name":"monte-carmelo","to_ping":"","pinged":"","post_modified":"2022-07-28 17:49:25","post_modified_gmt":"2022-07-28 15:49:25","post_content_filtered":"","post_parent":0,"guid":"http:\/\/dev.claret.cat\/editorial\/monte-carmelo\/","menu_order":0,"post_type":"editorial","post_mime_type":"","comment_count":"0","filter":"raw"}],"autores-libros":[{"ID":168267,"post_author":"3","post_date":"2022-10-14 18:17:51","post_date_gmt":"2022-10-14 16:17:51","post_content":"","post_title":"ROBERTO CALVO PEREZ","post_excerpt":"","post_status":"publish","comment_status":"closed","ping_status":"closed","post_password":"","post_name":"roberto-calvo-perez","to_ping":"","pinged":"","post_modified":"2022-10-14 18:17:51","post_modified_gmt":"2022-10-14 16:17:51","post_content_filtered":"","post_parent":0,"guid":"http:\/\/dev.claret.cat\/autor\/roberto-calvo-perez\/","menu_order":0,"post_type":"autor","post_mime_type":"","comment_count":"0","filter":"raw"}],"autor":"CALVO P\u00c9REZ, ROBERTO","codart":"848353125","libros-coleccion":"Para aprender y ense\u00f1ar","ediciones":"1","encuadernacion":"R\u00fastica","fecha_de_publicacion":"26\/06\/2008","novedad":"0","paginas":"240","subtitulo":"","orden":"999","portada":"0","idioma":"spa"},"aioseo_notices":[],"_links":{"self":[{"href":"https:\/\/www.claret.cat\/es\/wp-json\/wp\/v2\/product\/356846","targetHints":{"allow":["GET"]}}],"collection":[{"href":"https:\/\/www.claret.cat\/es\/wp-json\/wp\/v2\/product"}],"about":[{"href":"https:\/\/www.claret.cat\/es\/wp-json\/wp\/v2\/types\/product"}],"wp:featuredmedia":[{"embeddable":true,"href":"https:\/\/www.claret.cat\/es\/wp-json\/wp\/v2\/media\/356870"}],"wp:attachment":[{"href":"https:\/\/www.claret.cat\/es\/wp-json\/wp\/v2\/media?parent=356846"}],"wp:term":[{"taxonomy":"product_brand","embeddable":true,"href":"https:\/\/www.claret.cat\/es\/wp-json\/wp\/v2\/product_brand?post=356846"},{"taxonomy":"product_cat","embeddable":true,"href":"https:\/\/www.claret.cat\/es\/wp-json\/wp\/v2\/product_cat?post=356846"},{"taxonomy":"product_tag","embeddable":true,"href":"https:\/\/www.claret.cat\/es\/wp-json\/wp\/v2\/product_tag?post=356846"}],"curies":[{"name":"wp","href":"https:\/\/api.w.org\/{rel}","templated":true}]}}