{"id":356895,"date":"2023-01-15T01:16:43","date_gmt":"2023-01-15T00:16:43","guid":{"rendered":"https:\/\/www.claret.cat\/llibre\/100-fichas-sobre-san-juan-de-la-cruz-9788483531532\/"},"modified":"2024-05-23T10:10:14","modified_gmt":"2024-05-23T08:10:14","slug":"100-fichas-sobre-san-juan-de-la-cruz-9788483531532","status":"publish","type":"product","link":"https:\/\/www.claret.cat\/es\/libro\/100-fichas-sobre-san-juan-de-la-cruz-9788483531532\/","title":{"rendered":"100 FICHAS SOBRE SAN JUAN DE LA CRUZ"},"content":{"rendered":"<p>Con estas 100 Fichas se quiere acercar al lector a un personaje tan singular como San Juan de la Cruz. De \u00e9l hizo santa Teresa los m\u00e1s cumplidos elogios, entre ellos &#8216;en mi opini\u00f3n es una gran pieza&#8217; y es que en la persona de aquel &#8216;carmelita de sandalias y escaso de figura&#8217; convergen el santo, el poeta, el m\u00edstico, el gu\u00eda espiritual, el mistagogo, el doctor de la Iglesia.<\/p>\n","protected":false},"excerpt":{"rendered":"<p>RODR\u00cdGUEZ, JOS\u00c9 VICENTE<\/p>\n","protected":false},"featured_media":356896,"template":"","meta":{"_acf_changed":false,"om_disable_all_campaigns":false,"rs_blank_template":"","rs_page_bg_color":"","slide_template_v7":"","inline_featured_image":false,"_monsterinsights_skip_tracking":false,"_monsterinsights_sitenote_active":false,"_monsterinsights_sitenote_note":"","_monsterinsights_sitenote_category":0},"product_brand":[],"product_cat":[492,242,418,284,486,233],"product_tag":[],"class_list":{"0":"post-356895","1":"product","2":"type-product","3":"status-publish","4":"has-post-thumbnail","6":"product_cat-carmelitana-espiritualidad-1_espiritualidad","7":"product_cat-carmelitana","8":"product_cat-espiritual-teologia-1_espiritualidad","9":"product_cat-espiritual","10":"product_cat-mistica-espiritualidad-1_espiritualidad","11":"product_cat-mistica","13":"first","14":"instock","15":"taxable","16":"shipping-taxable","17":"purchasable","18":"product-type-simple"},"acf":{"editorial":[{"ID":6309,"post_author":"3","post_date":"2022-07-28 17:49:25","post_date_gmt":"2022-07-28 15:49:25","post_content":"","post_title":"Monte Carmelo","post_excerpt":"","post_status":"publish","comment_status":"closed","ping_status":"closed","post_password":"","post_name":"monte-carmelo","to_ping":"","pinged":"","post_modified":"2022-07-28 17:49:25","post_modified_gmt":"2022-07-28 15:49:25","post_content_filtered":"","post_parent":0,"guid":"http:\/\/dev.claret.cat\/editorial\/monte-carmelo\/","menu_order":0,"post_type":"editorial","post_mime_type":"","comment_count":"0","filter":"raw"}],"autores-libros":[{"ID":160590,"post_author":"3","post_date":"2022-10-14 15:54:18","post_date_gmt":"2022-10-14 13:54:18","post_content":"","post_title":"JOSE VICENTE RODRIGUEZ","post_excerpt":"","post_status":"publish","comment_status":"closed","ping_status":"closed","post_password":"","post_name":"jose-vicente-rodriguez","to_ping":"","pinged":"","post_modified":"2022-10-14 15:54:18","post_modified_gmt":"2022-10-14 13:54:18","post_content_filtered":"","post_parent":0,"guid":"http:\/\/dev.claret.cat\/autor\/jose-vicente-rodriguez\/","menu_order":0,"post_type":"autor","post_mime_type":"","comment_count":"0","filter":"raw"}],"autor":"RODR\u00cdGUEZ, JOS\u00c9 VICENTE","codart":"848353153","libros-coleccion":"Para aprender y ense\u00f1ar","ediciones":"1","encuadernacion":"R\u00fastica","fecha_de_publicacion":"06\/10\/2008","novedad":"0","paginas":"325","subtitulo":"","orden":"999","portada":"0","idioma":"spa"},"aioseo_notices":[],"_links":{"self":[{"href":"https:\/\/www.claret.cat\/es\/wp-json\/wp\/v2\/product\/356895","targetHints":{"allow":["GET"]}}],"collection":[{"href":"https:\/\/www.claret.cat\/es\/wp-json\/wp\/v2\/product"}],"about":[{"href":"https:\/\/www.claret.cat\/es\/wp-json\/wp\/v2\/types\/product"}],"wp:featuredmedia":[{"embeddable":true,"href":"https:\/\/www.claret.cat\/es\/wp-json\/wp\/v2\/media\/356896"}],"wp:attachment":[{"href":"https:\/\/www.claret.cat\/es\/wp-json\/wp\/v2\/media?parent=356895"}],"wp:term":[{"taxonomy":"product_brand","embeddable":true,"href":"https:\/\/www.claret.cat\/es\/wp-json\/wp\/v2\/product_brand?post=356895"},{"taxonomy":"product_cat","embeddable":true,"href":"https:\/\/www.claret.cat\/es\/wp-json\/wp\/v2\/product_cat?post=356895"},{"taxonomy":"product_tag","embeddable":true,"href":"https:\/\/www.claret.cat\/es\/wp-json\/wp\/v2\/product_tag?post=356895"}],"curies":[{"name":"wp","href":"https:\/\/api.w.org\/{rel}","templated":true}]}}