{"id":356905,"date":"2023-01-15T01:17:11","date_gmt":"2023-01-15T00:17:11","guid":{"rendered":"https:\/\/www.claret.cat\/llibre\/charles-dumont-monje-poeta-9788483531624\/"},"modified":"2024-05-23T10:09:06","modified_gmt":"2024-05-23T08:09:06","slug":"charles-dumont-monje-poeta-9788483531624","status":"publish","type":"product","link":"https:\/\/www.claret.cat\/es\/libro\/charles-dumont-monje-poeta-9788483531624\/","title":{"rendered":"CHARLES DUMONT MONJE &#8211; POETA"},"content":{"rendered":"<p>El P. Charles Dumont es monje cisterciense de la Abad\u00eda de Notre Dame de Scourmont (B\u00e9lgica), donde ingres\u00f3 en julio de 1941. En aquel momento era abad del monasterio Dom Anselmo Le Bail, una de las personalidades m\u00e1s relevantes del mundo mon\u00e1stico del siglo XX, por su amor a la vida mon\u00e1stica, su gran conocimiento de la Regla de san Benito y la tradici\u00f3n cisterciense y su esp\u00edritu renovador; a pesar de grandes dificultades, logr\u00f3 hacer de esa comunidad un centro de sabidur\u00eda e irradiaci\u00f3n eclesial.<br \/>En ese ambiente de entusiasmo intelectual y espiritual se form\u00f3 el P. Charles. Su exquisita sensibilidad, su infatigable laboriosidad, su gusto y afici\u00f3n a la poes\u00eda, su inter\u00e9s por los grandes fil\u00f3sofos existencialistas de los siglos XIX y XX, su plena disponibilidad para compartir, su amplitud y claridad de pensamiento y sobre todo, su gran sencillez, hacen de \u00e9l un gu\u00eda seguro para quienes sienten la inquietud de unir tradici\u00f3n mon\u00e1stica aut\u00e9ntica y pensamiento contempor\u00e1neo.<\/p>\n","protected":false},"excerpt":{"rendered":"<p>CONNOR, ELIZABETH<\/p>\n","protected":false},"featured_media":357064,"template":"","meta":{"_acf_changed":false,"om_disable_all_campaigns":false,"rs_blank_template":"","rs_page_bg_color":"","slide_template_v7":"","inline_featured_image":false,"_monsterinsights_skip_tracking":false,"_monsterinsights_sitenote_active":false,"_monsterinsights_sitenote_note":"","_monsterinsights_sitenote_category":0},"product_brand":[],"product_cat":[418,284,490,239,491,241],"product_tag":[],"class_list":{"0":"post-356905","1":"product","2":"type-product","3":"status-publish","4":"has-post-thumbnail","6":"product_cat-espiritual-teologia-1_espiritualidad","7":"product_cat-espiritual","8":"product_cat-monastica-espiritualidad-1_espiritualidad","9":"product_cat-monastica","10":"product_cat-testimonios","11":"product_cat-testimonis","13":"first","14":"instock","15":"taxable","16":"shipping-taxable","17":"purchasable","18":"product-type-simple"},"acf":{"editorial":[{"ID":6309,"post_author":"3","post_date":"2022-07-28 17:49:25","post_date_gmt":"2022-07-28 15:49:25","post_content":"","post_title":"Monte Carmelo","post_excerpt":"","post_status":"publish","comment_status":"closed","ping_status":"closed","post_password":"","post_name":"monte-carmelo","to_ping":"","pinged":"","post_modified":"2022-07-28 17:49:25","post_modified_gmt":"2022-07-28 15:49:25","post_content_filtered":"","post_parent":0,"guid":"http:\/\/dev.claret.cat\/editorial\/monte-carmelo\/","menu_order":0,"post_type":"editorial","post_mime_type":"","comment_count":"0","filter":"raw"}],"autores-libros":[{"ID":356904,"post_author":"3","post_date":"2023-01-15 01:17:08","post_date_gmt":"2023-01-15 00:17:08","post_content":"","post_title":"ELIZABETH CONNOR","post_excerpt":"","post_status":"publish","comment_status":"closed","ping_status":"closed","post_password":"","post_name":"elizabeth-connor","to_ping":"","pinged":"","post_modified":"2023-01-15 01:17:08","post_modified_gmt":"2023-01-15 00:17:08","post_content_filtered":"","post_parent":0,"guid":"https:\/\/www.claret.cat\/autor\/elizabeth-connor\/","menu_order":0,"post_type":"autor","post_mime_type":"","comment_count":"0","filter":"raw"}],"autor":"CONNOR, ELIZABETH","codart":"848353162","libros-coleccion":"Biblioteca Cisterciense","ediciones":"1","encuadernacion":"R\u00fastica","fecha_de_publicacion":"20\/01\/2009","novedad":"0","paginas":"239","subtitulo":"UNA BIOGRAF\u00cdA ESPIRITUAL","orden":"999","portada":"0","idioma":"spa"},"aioseo_notices":[],"_links":{"self":[{"href":"https:\/\/www.claret.cat\/es\/wp-json\/wp\/v2\/product\/356905","targetHints":{"allow":["GET"]}}],"collection":[{"href":"https:\/\/www.claret.cat\/es\/wp-json\/wp\/v2\/product"}],"about":[{"href":"https:\/\/www.claret.cat\/es\/wp-json\/wp\/v2\/types\/product"}],"wp:featuredmedia":[{"embeddable":true,"href":"https:\/\/www.claret.cat\/es\/wp-json\/wp\/v2\/media\/357064"}],"wp:attachment":[{"href":"https:\/\/www.claret.cat\/es\/wp-json\/wp\/v2\/media?parent=356905"}],"wp:term":[{"taxonomy":"product_brand","embeddable":true,"href":"https:\/\/www.claret.cat\/es\/wp-json\/wp\/v2\/product_brand?post=356905"},{"taxonomy":"product_cat","embeddable":true,"href":"https:\/\/www.claret.cat\/es\/wp-json\/wp\/v2\/product_cat?post=356905"},{"taxonomy":"product_tag","embeddable":true,"href":"https:\/\/www.claret.cat\/es\/wp-json\/wp\/v2\/product_tag?post=356905"}],"curies":[{"name":"wp","href":"https:\/\/api.w.org\/{rel}","templated":true}]}}