{"id":356912,"date":"2023-01-15T01:20:26","date_gmt":"2023-01-15T00:20:26","guid":{"rendered":"https:\/\/www.claret.cat\/llibre\/meditaciones-sobre-la-virgen-maria-9788483531389\/"},"modified":"2024-05-23T10:12:35","modified_gmt":"2024-05-23T08:12:35","slug":"meditaciones-sobre-la-virgen-maria-9788483531389","status":"publish","type":"product","link":"https:\/\/www.claret.cat\/es\/libro\/meditaciones-sobre-la-virgen-maria-9788483531389\/","title":{"rendered":"MEDITACIONES SOBRE LA VIRGEN MAR\u00cdA"},"content":{"rendered":"<p>La obra que ahora nos brinda D. Francisco Cerro Chaves, doctor en Teolog\u00eda Espiritual por la Universidad Gregoriana de Roma, es fruto de su reconocida madurez intelectual y de una prolongada experiencia adquirida en los veinticinco a\u00f1os de su actividad pastoral a trav\u00e9s de las variadas responsabilidades que ha ejercido en el desempe\u00f1o de su sacerdocio.<\/p>\n","protected":false},"excerpt":{"rendered":"<p>CERRO CHAVES, FRANCISCO<\/p>\n","protected":false},"featured_media":0,"template":"","meta":{"_acf_changed":false,"om_disable_all_campaigns":false,"rs_blank_template":"","rs_page_bg_color":"","slide_template_v7":"","inline_featured_image":false,"_monsterinsights_skip_tracking":false,"_monsterinsights_sitenote_active":false,"_monsterinsights_sitenote_note":"","_monsterinsights_sitenote_category":0},"product_brand":[],"product_cat":[235,393,512,286,497,248],"product_tag":[],"class_list":{"0":"post-356912","1":"product","2":"type-product","3":"status-publish","5":"product_cat-mariana","6":"product_cat-mariana-espiritualidad-1_espiritualidad","7":"product_cat-mariologia-teologia-1_espiritualidad","8":"product_cat-mariologia","9":"product_cat-meditaciones","10":"product_cat-meditacions","12":"first","13":"instock","14":"taxable","15":"shipping-taxable","16":"purchasable","17":"product-type-simple"},"acf":{"editorial":[{"ID":6309,"post_author":"3","post_date":"2022-07-28 17:49:25","post_date_gmt":"2022-07-28 15:49:25","post_content":"","post_title":"Monte Carmelo","post_excerpt":"","post_status":"publish","comment_status":"closed","ping_status":"closed","post_password":"","post_name":"monte-carmelo","to_ping":"","pinged":"","post_modified":"2022-07-28 17:49:25","post_modified_gmt":"2022-07-28 15:49:25","post_content_filtered":"","post_parent":0,"guid":"http:\/\/dev.claret.cat\/editorial\/monte-carmelo\/","menu_order":0,"post_type":"editorial","post_mime_type":"","comment_count":"0","filter":"raw"}],"autores-libros":[{"ID":156229,"post_author":"3","post_date":"2022-10-14 15:19:08","post_date_gmt":"2022-10-14 13:19:08","post_content":"","post_title":"FRANCISCO CERRO CHAVES","post_excerpt":"","post_status":"publish","comment_status":"closed","ping_status":"closed","post_password":"","post_name":"francisco-cerro-chaves","to_ping":"","pinged":"","post_modified":"2022-10-14 15:19:08","post_modified_gmt":"2022-10-14 13:19:08","post_content_filtered":"","post_parent":0,"guid":"http:\/\/dev.claret.cat\/autor\/francisco-cerro-chaves\/","menu_order":0,"post_type":"autor","post_mime_type":"","comment_count":"0","filter":"raw"}],"autor":"CERRO CHAVES, FRANCISCO","codart":"848353138","libros-coleccion":"Agua viva","ediciones":"1","encuadernacion":"R\u00fastica","fecha_de_publicacion":"15\/07\/2008","novedad":"0","paginas":"160","subtitulo":"EN CLAVE EVANG\u00c9LICA","orden":"999","portada":"0","idioma":"spa"},"aioseo_notices":[],"_links":{"self":[{"href":"https:\/\/www.claret.cat\/es\/wp-json\/wp\/v2\/product\/356912","targetHints":{"allow":["GET"]}}],"collection":[{"href":"https:\/\/www.claret.cat\/es\/wp-json\/wp\/v2\/product"}],"about":[{"href":"https:\/\/www.claret.cat\/es\/wp-json\/wp\/v2\/types\/product"}],"wp:attachment":[{"href":"https:\/\/www.claret.cat\/es\/wp-json\/wp\/v2\/media?parent=356912"}],"wp:term":[{"taxonomy":"product_brand","embeddable":true,"href":"https:\/\/www.claret.cat\/es\/wp-json\/wp\/v2\/product_brand?post=356912"},{"taxonomy":"product_cat","embeddable":true,"href":"https:\/\/www.claret.cat\/es\/wp-json\/wp\/v2\/product_cat?post=356912"},{"taxonomy":"product_tag","embeddable":true,"href":"https:\/\/www.claret.cat\/es\/wp-json\/wp\/v2\/product_tag?post=356912"}],"curies":[{"name":"wp","href":"https:\/\/api.w.org\/{rel}","templated":true}]}}