{"id":356918,"date":"2023-01-15T01:21:06","date_gmt":"2023-01-15T00:21:06","guid":{"rendered":"https:\/\/www.claret.cat\/llibre\/cartas-a-mis-hermanos-sacerdotes-9788483531549\/"},"modified":"2026-03-19T17:05:07","modified_gmt":"2026-03-19T16:05:07","slug":"cartas-a-mis-hermanos-sacerdotes-9788483531549","status":"publish","type":"product","link":"https:\/\/www.claret.cat\/es\/libro\/cartas-a-mis-hermanos-sacerdotes-9788483531549\/","title":{"rendered":"CARTAS A MIS HERMANOS SACERDOTES"},"content":{"rendered":"<p>De hecho, la lectura de la Correspondance G\u00e9n\u00e9rale de sor Teresa del Ni\u00f1o Jes\u00fas de la Santa Faz resulta indispensable para profundizar en la vida y en la doctrina de nuestra carmelita de Lisieux. De las 266 cartas que se han encontrado, 17 las dirigi\u00f3 a dos hermanos espirituales que le fueron encomendados en 1895 y 1896: el seminarista Mauricio Belli\u00e8re, que se ir\u00e0 a \u00c1frica (y que recibi\u00f3 11 de estas cartas) y el P. Adolfo Roulland, de las Misiones Extranjeras de Par\u00eds, que llevar\u00e1 la Buena Noticia a China (y que recibi\u00f3 6).<br \/>La importancia de esta correspondencia no se mide por su cantidad, sino por su densidad humana y su profundidad espiritual.<\/p>\n","protected":false},"excerpt":{"rendered":"<p>TERESA DE LISIEUX<\/p>\n","protected":false},"featured_media":975291,"template":"","meta":{"_acf_changed":false,"om_disable_all_campaigns":false,"rs_blank_template":"","rs_page_bg_color":"","slide_template_v7":"","inline_featured_image":false,"_monsterinsights_skip_tracking":false,"_monsterinsights_sitenote_active":false,"_monsterinsights_sitenote_note":"","_monsterinsights_sitenote_category":0},"product_brand":[],"product_cat":[242,492],"product_tag":[],"class_list":{"0":"post-356918","1":"product","2":"type-product","3":"status-publish","4":"has-post-thumbnail","6":"product_cat-carmelitana","7":"product_cat-carmelitana-espiritualidad-1_espiritualidad","9":"first","10":"instock","11":"taxable","12":"shipping-taxable","13":"purchasable","14":"product-type-simple"},"acf":{"editorial":[{"ID":6309,"post_author":"3","post_date":"2022-07-28 17:49:25","post_date_gmt":"2022-07-28 15:49:25","post_content":"","post_title":"Monte Carmelo","post_excerpt":"","post_status":"publish","comment_status":"closed","ping_status":"closed","post_password":"","post_name":"monte-carmelo","to_ping":"","pinged":"","post_modified":"2022-07-28 17:49:25","post_modified_gmt":"2022-07-28 15:49:25","post_content_filtered":"","post_parent":0,"guid":"http:\/\/dev.claret.cat\/editorial\/monte-carmelo\/","menu_order":0,"post_type":"editorial","post_mime_type":"","comment_count":"0","filter":"raw"}],"autores-libros":[{"ID":290074,"post_author":"3","post_date":"2022-12-10 13:10:23","post_date_gmt":"2022-12-10 12:10:23","post_content":"","post_title":"TERESA DE LISIEUX","post_excerpt":"","post_status":"publish","comment_status":"closed","ping_status":"closed","post_password":"","post_name":"teresa-de-lisieux","to_ping":"","pinged":"","post_modified":"2022-12-10 13:10:23","post_modified_gmt":"2022-12-10 12:10:23","post_content_filtered":"","post_parent":0,"guid":"http:\/\/dev.claret.cat\/autor\/teresa-de-lisieux\/","menu_order":0,"post_type":"autor","post_mime_type":"","comment_count":"0","filter":"raw"},{"ID":356898,"post_author":"3","post_date":"2023-01-15 01:16:50","post_date_gmt":"2023-01-15 00:16:50","post_content":"","post_title":"MONS. GUY (int) GAUCHER","post_excerpt":"","post_status":"publish","comment_status":"closed","ping_status":"closed","post_password":"","post_name":"mons-guy-int-gaucher","to_ping":"","pinged":"","post_modified":"2023-01-15 01:16:50","post_modified_gmt":"2023-01-15 00:16:50","post_content_filtered":"","post_parent":0,"guid":"https:\/\/www.claret.cat\/autor\/mons-guy-int-gaucher\/","menu_order":0,"post_type":"autor","post_mime_type":"","comment_count":"0","filter":"raw"}],"autor":"TERESA DE LISIEUX","codart":"848353154","libros-coleccion":"Karmel","ediciones":"1","encuadernacion":"R\u00fastica","fecha_de_publicacion":"10\/10\/2008","novedad":"0","paginas":"175","subtitulo":"","orden":"999","portada":"0","idioma":"spa","booktrailer":"","resenas":""},"aioseo_notices":[],"_links":{"self":[{"href":"https:\/\/www.claret.cat\/es\/wp-json\/wp\/v2\/product\/356918","targetHints":{"allow":["GET"]}}],"collection":[{"href":"https:\/\/www.claret.cat\/es\/wp-json\/wp\/v2\/product"}],"about":[{"href":"https:\/\/www.claret.cat\/es\/wp-json\/wp\/v2\/types\/product"}],"wp:featuredmedia":[{"embeddable":true,"href":"https:\/\/www.claret.cat\/es\/wp-json\/wp\/v2\/media\/975291"}],"wp:attachment":[{"href":"https:\/\/www.claret.cat\/es\/wp-json\/wp\/v2\/media?parent=356918"}],"wp:term":[{"taxonomy":"product_brand","embeddable":true,"href":"https:\/\/www.claret.cat\/es\/wp-json\/wp\/v2\/product_brand?post=356918"},{"taxonomy":"product_cat","embeddable":true,"href":"https:\/\/www.claret.cat\/es\/wp-json\/wp\/v2\/product_cat?post=356918"},{"taxonomy":"product_tag","embeddable":true,"href":"https:\/\/www.claret.cat\/es\/wp-json\/wp\/v2\/product_tag?post=356918"}],"curies":[{"name":"wp","href":"https:\/\/api.w.org\/{rel}","templated":true}]}}