{"id":357071,"date":"2023-01-15T01:30:52","date_gmt":"2023-01-15T00:30:52","guid":{"rendered":"https:\/\/www.claret.cat\/llibre\/7-dias-de-oracion-con-el-hermano-rafael-9788483531846\/"},"modified":"2024-05-23T10:06:55","modified_gmt":"2024-05-23T08:06:55","slug":"7-dias-de-oracion-con-el-hermano-rafael-9788483531846","status":"publish","type":"product","link":"https:\/\/www.claret.cat\/es\/libro\/7-dias-de-oracion-con-el-hermano-rafael-9788483531846\/","title":{"rendered":"7 D\u00cdAS DE ORACI\u00d3N CON EL HERMANO RAFAEL"},"content":{"rendered":"<p>Las oraciones del Hno. Rafael que aqu\u00ed se recogen, recitadas y meditadas, pueden ayudarnos a muchos, j\u00f3venes y menos j\u00f3venes, a tener vida de oraci\u00f3n. Una vida que en su caso, fue en la tierra, \u201cuna esperanza fundada\u201d y que en el cielo es y ser\u00e1 una \u201ceternidad con Dios\u201d.<br \/>Este no es un libro de mera lectura, sino que te invita a meditar y a orar sus palabras, sobre una base diaria y semanal, pudiendo adobar y adaptar cada uno de sus mensajes al estado de \u00e1nimo o situaci\u00f3n en que te encuentres.<\/p>\n","protected":false},"excerpt":{"rendered":"<p>MONTE CARMELO<\/p>\n","protected":false},"featured_media":0,"template":"","meta":{"_acf_changed":false,"om_disable_all_campaigns":false,"rs_blank_template":"","rs_page_bg_color":"","slide_template_v7":"","inline_featured_image":false,"_monsterinsights_skip_tracking":false,"_monsterinsights_sitenote_active":false,"_monsterinsights_sitenote_note":"","_monsterinsights_sitenote_category":0},"product_brand":[],"product_cat":[90,540],"product_tag":[],"class_list":{"0":"post-357071","1":"product","2":"type-product","3":"status-publish","5":"product_cat-altres","6":"product_cat-otros","8":"first","9":"instock","10":"taxable","11":"shipping-taxable","12":"purchasable","13":"product-type-simple"},"acf":{"editorial":[{"ID":6309,"post_author":"3","post_date":"2022-07-28 17:49:25","post_date_gmt":"2022-07-28 15:49:25","post_content":"","post_title":"Monte Carmelo","post_excerpt":"","post_status":"publish","comment_status":"closed","ping_status":"closed","post_password":"","post_name":"monte-carmelo","to_ping":"","pinged":"","post_modified":"2022-07-28 17:49:25","post_modified_gmt":"2022-07-28 15:49:25","post_content_filtered":"","post_parent":0,"guid":"http:\/\/dev.claret.cat\/editorial\/monte-carmelo\/","menu_order":0,"post_type":"editorial","post_mime_type":"","comment_count":"0","filter":"raw"}],"autores-libros":[{"ID":5870,"post_author":"3","post_date":"2022-07-28 17:33:15","post_date_gmt":"2022-07-28 15:33:15","post_content":"","post_title":"MONTE CARMELO","post_excerpt":"","post_status":"publish","comment_status":"closed","ping_status":"closed","post_password":"","post_name":"monte-carmelo","to_ping":"","pinged":"","post_modified":"2022-07-28 17:33:15","post_modified_gmt":"2022-07-28 15:33:15","post_content_filtered":"","post_parent":0,"guid":"http:\/\/dev.claret.cat\/autor\/monte-carmelo\/","menu_order":0,"post_type":"autor","post_mime_type":"","comment_count":"0","filter":"raw"}],"autor":"MONTE CARMELO","codart":"848353184","libros-coleccion":"Amigos de orar - La otra mirada","ediciones":"1","encuadernacion":"R\u00fastica","fecha_de_publicacion":"20\/03\/2009","novedad":"0","paginas":"260","subtitulo":"","orden":"999","portada":"0","idioma":"spa"},"aioseo_notices":[],"_links":{"self":[{"href":"https:\/\/www.claret.cat\/es\/wp-json\/wp\/v2\/product\/357071","targetHints":{"allow":["GET"]}}],"collection":[{"href":"https:\/\/www.claret.cat\/es\/wp-json\/wp\/v2\/product"}],"about":[{"href":"https:\/\/www.claret.cat\/es\/wp-json\/wp\/v2\/types\/product"}],"wp:attachment":[{"href":"https:\/\/www.claret.cat\/es\/wp-json\/wp\/v2\/media?parent=357071"}],"wp:term":[{"taxonomy":"product_brand","embeddable":true,"href":"https:\/\/www.claret.cat\/es\/wp-json\/wp\/v2\/product_brand?post=357071"},{"taxonomy":"product_cat","embeddable":true,"href":"https:\/\/www.claret.cat\/es\/wp-json\/wp\/v2\/product_cat?post=357071"},{"taxonomy":"product_tag","embeddable":true,"href":"https:\/\/www.claret.cat\/es\/wp-json\/wp\/v2\/product_tag?post=357071"}],"curies":[{"name":"wp","href":"https:\/\/api.w.org\/{rel}","templated":true}]}}