{"id":357219,"date":"2023-01-15T01:41:45","date_gmt":"2023-01-15T00:41:45","guid":{"rendered":"https:\/\/www.claret.cat\/llibre\/todos-nacemos-en-belen-9788483534151\/"},"modified":"2024-05-23T09:44:22","modified_gmt":"2024-05-23T07:44:22","slug":"todos-nacemos-en-belen-9788483534151","status":"publish","type":"product","link":"https:\/\/www.claret.cat\/es\/libro\/todos-nacemos-en-belen-9788483534151\/","title":{"rendered":"TODOS NACEMOS EN BEL\u00c9N"},"content":{"rendered":"<p>Recopilaci\u00f3n realizada por Antonio M. Serrano de setenta y cinco art\u00edculos de tem\u00e1tica navide\u00f1a escritos por Mart\u00edn Descalzo a lo largo de toda una vida. El lector podr\u00e1 descubrir pregones in\u00e9ditos; ap\u00f3crifos navide\u00f1os; un quinto evangelio que ocurri\u00f3 en Palestina; cosas de Bel\u00e9n; la Navidad de los ni\u00f1os, maestros de la esperanza; felicitaciones pascuales que salen del anonimato; meditaciones teol\u00f3gicas y espirituales sobre la encarnaci\u00f3n del Hijo de Dios; cartas a los Reyes Magos; reflexiones sobre la literatura navide\u00f1a; y hasta alg\u00fan que otro villancico. Todos nacimos en Bel\u00e9n, o al menos lo mejor de nosotros, como naci\u00f3 el coraz\u00f3n de un ni\u00f1o llamado Jos\u00e9 Luis Mart\u00edn Descalzo, como naci\u00f3 Jes\u00fas, el Hijo de Dios y de Mar\u00eda, nuestro Salvador.<\/p>\n","protected":false},"excerpt":{"rendered":"<p>MART\u00cdN DESCALZO, JOS\u00c9 LUI<\/p>\n","protected":false},"featured_media":357220,"template":"","meta":{"_acf_changed":false,"om_disable_all_campaigns":false,"rs_blank_template":"","rs_page_bg_color":"","slide_template_v7":"","inline_featured_image":false,"_monsterinsights_skip_tracking":false,"_monsterinsights_sitenote_active":false,"_monsterinsights_sitenote_note":"","_monsterinsights_sitenote_category":0},"product_brand":[],"product_cat":[90,540],"product_tag":[],"class_list":{"0":"post-357219","1":"product","2":"type-product","3":"status-publish","4":"has-post-thumbnail","6":"product_cat-altres","7":"product_cat-otros","9":"first","10":"instock","11":"taxable","12":"shipping-taxable","13":"purchasable","14":"product-type-simple"},"acf":{"editorial":[{"ID":6309,"post_author":"3","post_date":"2022-07-28 17:49:25","post_date_gmt":"2022-07-28 15:49:25","post_content":"","post_title":"Monte Carmelo","post_excerpt":"","post_status":"publish","comment_status":"closed","ping_status":"closed","post_password":"","post_name":"monte-carmelo","to_ping":"","pinged":"","post_modified":"2022-07-28 17:49:25","post_modified_gmt":"2022-07-28 15:49:25","post_content_filtered":"","post_parent":0,"guid":"http:\/\/dev.claret.cat\/editorial\/monte-carmelo\/","menu_order":0,"post_type":"editorial","post_mime_type":"","comment_count":"0","filter":"raw"}],"autores-libros":[{"ID":160342,"post_author":"3","post_date":"2022-10-14 15:52:17","post_date_gmt":"2022-10-14 13:52:17","post_content":"","post_title":"JOS\u00c9 LUIS MART\u00cdN DESCALZO","post_excerpt":"","post_status":"publish","comment_status":"closed","ping_status":"closed","post_password":"","post_name":"jose-luis-martin-descalzo","to_ping":"","pinged":"","post_modified":"2022-10-14 15:52:17","post_modified_gmt":"2022-10-14 13:52:17","post_content_filtered":"","post_parent":0,"guid":"http:\/\/dev.claret.cat\/autor\/jose-luis-martin-descalzo\/","menu_order":0,"post_type":"autor","post_mime_type":"","comment_count":"0","filter":"raw"}],"autor":"MART\u00cdN DESCALZO, JOS\u00c9 LUI","codart":"848353415","libros-coleccion":"","ediciones":"1","encuadernacion":"R\u00fastica","fecha_de_publicacion":"24\/11\/2011","novedad":"0","paginas":"334","subtitulo":"","orden":"999","portada":"0","idioma":"spa"},"aioseo_notices":[],"_links":{"self":[{"href":"https:\/\/www.claret.cat\/es\/wp-json\/wp\/v2\/product\/357219","targetHints":{"allow":["GET"]}}],"collection":[{"href":"https:\/\/www.claret.cat\/es\/wp-json\/wp\/v2\/product"}],"about":[{"href":"https:\/\/www.claret.cat\/es\/wp-json\/wp\/v2\/types\/product"}],"wp:featuredmedia":[{"embeddable":true,"href":"https:\/\/www.claret.cat\/es\/wp-json\/wp\/v2\/media\/357220"}],"wp:attachment":[{"href":"https:\/\/www.claret.cat\/es\/wp-json\/wp\/v2\/media?parent=357219"}],"wp:term":[{"taxonomy":"product_brand","embeddable":true,"href":"https:\/\/www.claret.cat\/es\/wp-json\/wp\/v2\/product_brand?post=357219"},{"taxonomy":"product_cat","embeddable":true,"href":"https:\/\/www.claret.cat\/es\/wp-json\/wp\/v2\/product_cat?post=357219"},{"taxonomy":"product_tag","embeddable":true,"href":"https:\/\/www.claret.cat\/es\/wp-json\/wp\/v2\/product_tag?post=357219"}],"curies":[{"name":"wp","href":"https:\/\/api.w.org\/{rel}","templated":true}]}}