{"id":35722,"date":"2022-10-02T18:08:04","date_gmt":"2022-10-02T16:08:04","guid":{"rendered":"http:\/\/dev.claret.cat\/producte\/el-camino-de-dios\/"},"modified":"2024-05-02T05:25:55","modified_gmt":"2024-05-02T03:25:55","slug":"el-camino-de-dios-9788428838924","status":"publish","type":"product","link":"https:\/\/www.claret.cat\/es\/libro\/el-camino-de-dios-9788428838924\/","title":{"rendered":"EL CAMINO DE DIOS"},"content":{"rendered":"<p>VIVIR LA AVENTURA DE DIOS es una colecci\u00f3n de 10 cuadernos\u00a0que contiene un resumen sencillo de la fe cristiana. Est\u00e1 dirigida a personas con dificultades de comprensi\u00f3n lectora y tambi\u00e9n cuenta con sus voces en primera persona. Por su sencillez y atractivo, tambi\u00e9n es un buen recurso para aquel que quiera acceder al mensaje de Jes\u00fas de manera directa. Podemos escuchar su contenido a trav\u00e9s de los c\u00f3digos QR. Para facilitar su comprensi\u00f3n, estos cuadernos\u00a0siguen las recomendaciones europeas de Lectura F\u00e1cil.El camino de Dios trata sobre c\u00f3mo hemos sido creados por Dios,\u00a0y te explica que somos personas donde vive el Esp\u00edritu de Dios.\u00a0 Empieza con el relato b\u00edblico de Los dos caminos,\u00a0que habla sobre la libertad para elegir.\u00a0Contin\u00faa con 5 cap\u00edtulos que tratan sobre nuestra capacidad de pensar y sentir\u00a0y c\u00f3mo influye en que nos comportemos con amor,\u00a0que es el camino de Dios y de la felicidad.En cada cap\u00edtulo vas a encontrar un dibujo para reflexionar\u00a0 y compartir tus ideas en grupo.<\/p>\n","protected":false},"excerpt":{"rendered":"<p>CANO, ISABEL; CERVERA, ANA<\/p>\n","protected":false},"featured_media":338459,"template":"","meta":{"_acf_changed":false,"om_disable_all_campaigns":false,"rs_blank_template":"","rs_page_bg_color":"","slide_template_v7":"","inline_featured_image":false,"_monsterinsights_skip_tracking":false,"_monsterinsights_sitenote_active":false,"_monsterinsights_sitenote_note":"","_monsterinsights_sitenote_category":0},"product_brand":[],"product_cat":[278,508],"product_tag":[],"class_list":{"0":"post-35722","1":"product","2":"type-product","3":"status-publish","4":"has-post-thumbnail","6":"product_cat-misteri-de-deu","7":"product_cat-misterio-de-dios","9":"first","10":"instock","11":"taxable","12":"shipping-taxable","13":"purchasable","14":"product-type-simple"},"acf":{"autor":"CANO, ISABEL; CERVERA, ANA","codart":"842883892","libros-coleccion":"FORA DE COL.LECCI\u00d3","ediciones":"1","encuadernacion":"R\u00fastica","fecha_de_publicacion":"25\/07\/2022","novedad":"1","paginas":"68","subtitulo":"VIVIR LA AVENTURA DE DIOS - 3 - UNA CATEQUESIS SENCILLA PARA ADULTOS","orden":"0","portada":"0","idioma":"spa","editorial":[{"ID":6335,"post_author":"3","post_date":"2022-07-28 17:49:59","post_date_gmt":"2022-07-28 15:49:59","post_content":"","post_title":"PPC altres","post_excerpt":"","post_status":"publish","comment_status":"closed","ping_status":"closed","post_password":"","post_name":"ppc-altres","to_ping":"","pinged":"","post_modified":"2022-07-28 17:49:59","post_modified_gmt":"2022-07-28 15:49:59","post_content_filtered":"","post_parent":0,"guid":"http:\/\/dev.claret.cat\/editorial\/ppc-altres\/","menu_order":0,"post_type":"editorial","post_mime_type":"","comment_count":"0","filter":"raw"}],"autores-libros":[{"ID":158052,"post_author":"3","post_date":"2022-10-14 15:33:46","post_date_gmt":"2022-10-14 13:33:46","post_content":"","post_title":"ISABEL CANO","post_excerpt":"","post_status":"publish","comment_status":"closed","ping_status":"closed","post_password":"","post_name":"isabel-cano","to_ping":"","pinged":"","post_modified":"2022-10-14 15:33:46","post_modified_gmt":"2022-10-14 13:33:46","post_content_filtered":"","post_parent":0,"guid":"http:\/\/dev.claret.cat\/autor\/isabel-cano\/","menu_order":0,"post_type":"autor","post_mime_type":"","comment_count":"0","filter":"raw"},{"ID":150065,"post_author":"3","post_date":"2022-10-14 14:29:57","post_date_gmt":"2022-10-14 12:29:57","post_content":"","post_title":"ANA CERVERA","post_excerpt":"","post_status":"publish","comment_status":"closed","ping_status":"closed","post_password":"","post_name":"ana-cervera","to_ping":"","pinged":"","post_modified":"2022-10-14 14:29:57","post_modified_gmt":"2022-10-14 12:29:57","post_content_filtered":"","post_parent":0,"guid":"http:\/\/dev.claret.cat\/autor\/ana-cervera\/","menu_order":0,"post_type":"autor","post_mime_type":"","comment_count":"0","filter":"raw"}]},"aioseo_notices":[],"_links":{"self":[{"href":"https:\/\/www.claret.cat\/es\/wp-json\/wp\/v2\/product\/35722","targetHints":{"allow":["GET"]}}],"collection":[{"href":"https:\/\/www.claret.cat\/es\/wp-json\/wp\/v2\/product"}],"about":[{"href":"https:\/\/www.claret.cat\/es\/wp-json\/wp\/v2\/types\/product"}],"wp:featuredmedia":[{"embeddable":true,"href":"https:\/\/www.claret.cat\/es\/wp-json\/wp\/v2\/media\/338459"}],"wp:attachment":[{"href":"https:\/\/www.claret.cat\/es\/wp-json\/wp\/v2\/media?parent=35722"}],"wp:term":[{"taxonomy":"product_brand","embeddable":true,"href":"https:\/\/www.claret.cat\/es\/wp-json\/wp\/v2\/product_brand?post=35722"},{"taxonomy":"product_cat","embeddable":true,"href":"https:\/\/www.claret.cat\/es\/wp-json\/wp\/v2\/product_cat?post=35722"},{"taxonomy":"product_tag","embeddable":true,"href":"https:\/\/www.claret.cat\/es\/wp-json\/wp\/v2\/product_tag?post=35722"}],"curies":[{"name":"wp","href":"https:\/\/api.w.org\/{rel}","templated":true}]}}