{"id":357338,"date":"2023-01-15T01:48:03","date_gmt":"2023-01-15T00:48:03","guid":{"rendered":"https:\/\/www.claret.cat\/llibre\/201-razones-para-creer-9788483535271\/"},"modified":"2024-05-23T09:35:04","modified_gmt":"2024-05-23T07:35:04","slug":"201-razones-para-creer-9788483535271","status":"publish","type":"product","link":"https:\/\/www.claret.cat\/es\/libro\/201-razones-para-creer-9788483535271\/","title":{"rendered":"201 RAZONES PARA CREER"},"content":{"rendered":"<p>Entre las muchas razones que nos regal\u00f3, en su d\u00eda, el sacerdote y escritor J.L. Mart\u00edn Descalzo faltaban razones para tener fe. En este libro hemos recopilado y organizado doscientas citas que, de una u otra manera, abordan el tema siempre actual de la fe. No faltan en las citas el ingenio de las im\u00e1genes y met\u00e1foras, la frescura de las opiniones, la profundidad de las respuestas, la capacidad de s\u00edntesis, la sabidur\u00eda de los sencillos, la actualidad de las propuestas y el compromiso sincero. Los veinte apartados rezuman una fe que es entusiasmo y alegr\u00eda desbordante. Una fe siempre necesitada de profundizaci\u00f3n y de apertura transparente al mundo. Una fe en Dios Padre que nos ama, en su Hijo Jes\u00fas que ha dado su vida por nosotros. Citas que abren el apetito para seguir leyendo y releyendo a este maestro espiritual.<\/p>\n","protected":false},"excerpt":{"rendered":"<p>MART\u00cdN DESCALZO, JOS\u00c9 LUIS<\/p>\n","protected":false},"featured_media":357339,"template":"","meta":{"_acf_changed":false,"om_disable_all_campaigns":false,"rs_blank_template":"","rs_page_bg_color":"","slide_template_v7":"","inline_featured_image":false,"_monsterinsights_skip_tracking":false,"_monsterinsights_sitenote_active":false,"_monsterinsights_sitenote_note":"","_monsterinsights_sitenote_category":0},"product_brand":[],"product_cat":[90,540],"product_tag":[],"class_list":{"0":"post-357338","1":"product","2":"type-product","3":"status-publish","4":"has-post-thumbnail","6":"product_cat-altres","7":"product_cat-otros","9":"first","10":"instock","11":"taxable","12":"shipping-taxable","13":"purchasable","14":"product-type-simple"},"acf":{"editorial":[{"ID":6309,"post_author":"3","post_date":"2022-07-28 17:49:25","post_date_gmt":"2022-07-28 15:49:25","post_content":"","post_title":"Monte Carmelo","post_excerpt":"","post_status":"publish","comment_status":"closed","ping_status":"closed","post_password":"","post_name":"monte-carmelo","to_ping":"","pinged":"","post_modified":"2022-07-28 17:49:25","post_modified_gmt":"2022-07-28 15:49:25","post_content_filtered":"","post_parent":0,"guid":"http:\/\/dev.claret.cat\/editorial\/monte-carmelo\/","menu_order":0,"post_type":"editorial","post_mime_type":"","comment_count":"0","filter":"raw"}],"autores-libros":[{"ID":160342,"post_author":"3","post_date":"2022-10-14 15:52:17","post_date_gmt":"2022-10-14 13:52:17","post_content":"","post_title":"JOS\u00c9 LUIS MART\u00cdN DESCALZO","post_excerpt":"","post_status":"publish","comment_status":"closed","ping_status":"closed","post_password":"","post_name":"jose-luis-martin-descalzo","to_ping":"","pinged":"","post_modified":"2022-10-14 15:52:17","post_modified_gmt":"2022-10-14 13:52:17","post_content_filtered":"","post_parent":0,"guid":"http:\/\/dev.claret.cat\/autor\/jose-luis-martin-descalzo\/","menu_order":0,"post_type":"autor","post_mime_type":"","comment_count":"0","filter":"raw"}],"autor":"MART\u00cdN DESCALZO, JOS\u00c9 LUIS","codart":"848353527","libros-coleccion":"","ediciones":"1","encuadernacion":"R\u00fastica","fecha_de_publicacion":"21\/01\/2013","novedad":"0","paginas":"116","subtitulo":"CON UNA FE ARRIESGADA, GOZOSA Y COMPROMETIDA","orden":"999","portada":"0","idioma":"spa"},"aioseo_notices":[],"_links":{"self":[{"href":"https:\/\/www.claret.cat\/es\/wp-json\/wp\/v2\/product\/357338","targetHints":{"allow":["GET"]}}],"collection":[{"href":"https:\/\/www.claret.cat\/es\/wp-json\/wp\/v2\/product"}],"about":[{"href":"https:\/\/www.claret.cat\/es\/wp-json\/wp\/v2\/types\/product"}],"wp:featuredmedia":[{"embeddable":true,"href":"https:\/\/www.claret.cat\/es\/wp-json\/wp\/v2\/media\/357339"}],"wp:attachment":[{"href":"https:\/\/www.claret.cat\/es\/wp-json\/wp\/v2\/media?parent=357338"}],"wp:term":[{"taxonomy":"product_brand","embeddable":true,"href":"https:\/\/www.claret.cat\/es\/wp-json\/wp\/v2\/product_brand?post=357338"},{"taxonomy":"product_cat","embeddable":true,"href":"https:\/\/www.claret.cat\/es\/wp-json\/wp\/v2\/product_cat?post=357338"},{"taxonomy":"product_tag","embeddable":true,"href":"https:\/\/www.claret.cat\/es\/wp-json\/wp\/v2\/product_tag?post=357338"}],"curies":[{"name":"wp","href":"https:\/\/api.w.org\/{rel}","templated":true}]}}